{"id":534,"date":"2021-08-16T13:00:18","date_gmt":"2021-08-16T11:00:18","guid":{"rendered":"https:\/\/oroandoro.co\/?post_type=product&#038;p=534"},"modified":"2026-03-16T14:27:25","modified_gmt":"2026-03-16T13:27:25","slug":"vigore-zwart","status":"publish","type":"product","link":"https:\/\/oroandoro.co\/fr\/product\/vigore-zwart\/","title":{"rendered":"VIGORE"},"content":{"rendered":"<p>La beaut\u00e9 est dans les d\u00e9tails !<\/p>\n<p>Le Vigore prouve \u00e0 quel point une poign\u00e9e peut \u00eatre une grande valeur ajout\u00e9e pour la porte. Un mod\u00e8le aux lignes fines et au design \u00e9l\u00e9gant qui parle de lui-m\u00eame.<\/p>","protected":false},"excerpt":{"rendered":"<p>La beaut\u00e9 est dans les d\u00e9tails ! Le Vigore prouve \u00e0 quel point une poign\u00e9e peut \u00eatre une grande valeur ajout\u00e9e pour la porte. Un mod\u00e8le aux lignes fines et au design \u00e9l\u00e9gant qui parle de lui-m\u00eame.<\/p>","protected":false},"featured_media":557,"template":"","meta":{"_acf_changed":false},"product_brand":[],"product_cat":[34],"product_tag":[216],"kleur":[32],"class_list":{"0":"post-534","1":"product","2":"type-product","3":"status-publish","4":"has-post-thumbnail","6":"product_cat-klinken-deurbeslag","7":"product_tag-nieuw","8":"kleur-zwart","10":"first","11":"instock","12":"purchasable","13":"product-type-variable","14":"has-default-attributes"},"acf":[],"_links":{"self":[{"href":"https:\/\/oroandoro.co\/fr\/wp-json\/wp\/v2\/product\/534","targetHints":{"allow":["GET"]}}],"collection":[{"href":"https:\/\/oroandoro.co\/fr\/wp-json\/wp\/v2\/product"}],"about":[{"href":"https:\/\/oroandoro.co\/fr\/wp-json\/wp\/v2\/types\/product"}],"wp:featuredmedia":[{"embeddable":true,"href":"https:\/\/oroandoro.co\/fr\/wp-json\/wp\/v2\/media\/557"}],"wp:attachment":[{"href":"https:\/\/oroandoro.co\/fr\/wp-json\/wp\/v2\/media?parent=534"}],"wp:term":[{"taxonomy":"product_brand","embeddable":true,"href":"https:\/\/oroandoro.co\/fr\/wp-json\/wp\/v2\/product_brand?post=534"},{"taxonomy":"product_cat","embeddable":true,"href":"https:\/\/oroandoro.co\/fr\/wp-json\/wp\/v2\/product_cat?post=534"},{"taxonomy":"product_tag","embeddable":true,"href":"https:\/\/oroandoro.co\/fr\/wp-json\/wp\/v2\/product_tag?post=534"},{"taxonomy":"kleur","embeddable":true,"href":"https:\/\/oroandoro.co\/fr\/wp-json\/wp\/v2\/kleur?post=534"}],"curies":[{"name":"wp","href":"https:\/\/api.w.org\/{rel}","templated":true}]}}