{"id":281,"date":"2021-08-16T12:55:39","date_gmt":"2021-08-16T10:55:39","guid":{"rendered":"https:\/\/oroandoro.co\/?post_type=product&#038;p=281"},"modified":"2026-03-16T14:27:27","modified_gmt":"2026-03-16T13:27:27","slug":"unica-zwart","status":"publish","type":"product","link":"https:\/\/oroandoro.co\/fr\/product\/unica-zwart\/","title":{"rendered":"UNICA"},"content":{"rendered":"<p>Qui peut imaginer qu&#039;une poign\u00e9e aussi minimaliste faite de lignes droites puisse ajouter autant de style \u00e0 une porte ? Unica est une pure touche de design moderne qui peut ajouter beaucoup d&#039;\u00e9l\u00e9gance partout et donner vie \u00e0 l&#039;espace qui l&#039;entoure avec son look magnifique et unique.<\/p>\n<p>La poign\u00e9e la plus vendue de notre gamme !<\/p>","protected":false},"excerpt":{"rendered":"<p>Qui aurait pu imaginer qu\u2019une poign\u00e9e aussi minimaliste faite de lignes droites puisse ajouter autant de style \u00e0 une porte ? Unica est une pure touche de design moderne qui peut ajouter beaucoup d&#039;\u00e9l\u00e9gance n&#039;importe o\u00f9 et donne vie \u00e0 l&#039;espace qui l&#039;entoure gr\u00e2ce \u00e0 son look magnifique et unique. Le loquet le plus vendu de notre gamme !<\/p>","protected":false},"featured_media":401,"template":"","meta":{"_acf_changed":false},"product_brand":[],"product_cat":[34],"product_tag":[],"kleur":[32],"class_list":{"0":"post-281","1":"product","2":"type-product","3":"status-publish","4":"has-post-thumbnail","6":"product_cat-klinken-deurbeslag","7":"kleur-zwart","9":"first","10":"instock","11":"purchasable","12":"product-type-variable","13":"has-default-attributes"},"acf":[],"_links":{"self":[{"href":"https:\/\/oroandoro.co\/fr\/wp-json\/wp\/v2\/product\/281","targetHints":{"allow":["GET"]}}],"collection":[{"href":"https:\/\/oroandoro.co\/fr\/wp-json\/wp\/v2\/product"}],"about":[{"href":"https:\/\/oroandoro.co\/fr\/wp-json\/wp\/v2\/types\/product"}],"wp:featuredmedia":[{"embeddable":true,"href":"https:\/\/oroandoro.co\/fr\/wp-json\/wp\/v2\/media\/401"}],"wp:attachment":[{"href":"https:\/\/oroandoro.co\/fr\/wp-json\/wp\/v2\/media?parent=281"}],"wp:term":[{"taxonomy":"product_brand","embeddable":true,"href":"https:\/\/oroandoro.co\/fr\/wp-json\/wp\/v2\/product_brand?post=281"},{"taxonomy":"product_cat","embeddable":true,"href":"https:\/\/oroandoro.co\/fr\/wp-json\/wp\/v2\/product_cat?post=281"},{"taxonomy":"product_tag","embeddable":true,"href":"https:\/\/oroandoro.co\/fr\/wp-json\/wp\/v2\/product_tag?post=281"},{"taxonomy":"kleur","embeddable":true,"href":"https:\/\/oroandoro.co\/fr\/wp-json\/wp\/v2\/kleur?post=281"}],"curies":[{"name":"wp","href":"https:\/\/api.w.org\/{rel}","templated":true}]}}