{"id":280,"date":"2021-08-16T12:55:39","date_gmt":"2021-08-16T10:55:39","guid":{"rendered":"https:\/\/oroandoro.co\/?post_type=product&#038;p=280"},"modified":"2026-03-16T14:27:33","modified_gmt":"2026-03-16T13:27:33","slug":"cometa-tin","status":"publish","type":"product","link":"https:\/\/oroandoro.co\/fr\/product\/cometa-tin\/","title":{"rendered":"COMETA"},"content":{"rendered":"<p>Nomm\u00e9 pour son apparence saisissante, Cometa a la forme d&#039;une queue d&#039;\u00e9toile filante. Nous avons passionn\u00e9ment con\u00e7u le Cometa jusque dans les moindres d\u00e9tails pour capturer les sentiments positifs et chaleureux que les gens associent aux \u00e9toiles dans le ciel nocturne, apportant cette positivit\u00e9 et cette chaleur \u00e0 n&#039;importe quelle pi\u00e8ce.<\/p>","protected":false},"excerpt":{"rendered":"<p>Nomm\u00e9 pour son apparence saisissante, Cometa a la forme d&#039;une queue d&#039;\u00e9toile filante. Nous avons passionn\u00e9ment con\u00e7u le Cometa jusque dans les moindres d\u00e9tails pour capturer les sentiments positifs et chaleureux que les gens associent aux \u00e9toiles dans le ciel nocturne, apportant cette positivit\u00e9 et cette chaleur \u00e0 n&#039;importe quelle pi\u00e8ce.<\/p>","protected":false},"featured_media":393,"template":"","meta":{"_acf_changed":false},"product_brand":[],"product_cat":[34],"product_tag":[],"kleur":[29],"class_list":{"0":"post-280","1":"product","2":"type-product","3":"status-publish","4":"has-post-thumbnail","6":"product_cat-klinken-deurbeslag","7":"kleur-tin","9":"first","10":"instock","11":"purchasable","12":"product-type-variable","13":"has-default-attributes"},"acf":[],"_links":{"self":[{"href":"https:\/\/oroandoro.co\/fr\/wp-json\/wp\/v2\/product\/280","targetHints":{"allow":["GET"]}}],"collection":[{"href":"https:\/\/oroandoro.co\/fr\/wp-json\/wp\/v2\/product"}],"about":[{"href":"https:\/\/oroandoro.co\/fr\/wp-json\/wp\/v2\/types\/product"}],"wp:featuredmedia":[{"embeddable":true,"href":"https:\/\/oroandoro.co\/fr\/wp-json\/wp\/v2\/media\/393"}],"wp:attachment":[{"href":"https:\/\/oroandoro.co\/fr\/wp-json\/wp\/v2\/media?parent=280"}],"wp:term":[{"taxonomy":"product_brand","embeddable":true,"href":"https:\/\/oroandoro.co\/fr\/wp-json\/wp\/v2\/product_brand?post=280"},{"taxonomy":"product_cat","embeddable":true,"href":"https:\/\/oroandoro.co\/fr\/wp-json\/wp\/v2\/product_cat?post=280"},{"taxonomy":"product_tag","embeddable":true,"href":"https:\/\/oroandoro.co\/fr\/wp-json\/wp\/v2\/product_tag?post=280"},{"taxonomy":"kleur","embeddable":true,"href":"https:\/\/oroandoro.co\/fr\/wp-json\/wp\/v2\/kleur?post=280"}],"curies":[{"name":"wp","href":"https:\/\/api.w.org\/{rel}","templated":true}]}}