{"id":266,"date":"2021-08-16T12:55:17","date_gmt":"2021-08-16T10:55:17","guid":{"rendered":"https:\/\/oroandoro.co\/?post_type=product&#038;p=266"},"modified":"2026-03-16T14:27:33","modified_gmt":"2026-03-16T13:27:33","slug":"cool-tin","status":"publish","type":"product","link":"https:\/\/oroandoro.co\/fr\/product\/cool-tin\/","title":{"rendered":"COOL"},"content":{"rendered":"<p>Non seulement la poign\u00e9e Cool s&#039;adapte n&#039;importe o\u00f9, mais elle ajoute une touche de caract\u00e8re d&#039;une mani\u00e8re que vous ne pouvez pas ignorer. En cons\u00e9quence, il adapte imm\u00e9diatement votre porte \u00e0 votre style d&#039;int\u00e9rieur, de sorte qu&#039;il impressionne tous ceux qui la traversent.<\/p>","protected":false},"excerpt":{"rendered":"<p>Non seulement la poign\u00e9e Cool s&#039;adapte n&#039;importe o\u00f9, mais elle ajoute une touche de caract\u00e8re d&#039;une mani\u00e8re que vous ne pouvez pas ignorer. En cons\u00e9quence, il adapte imm\u00e9diatement votre porte \u00e0 votre style d&#039;int\u00e9rieur, de sorte qu&#039;il impressionne tous ceux qui la traversent.<\/p>","protected":false},"featured_media":387,"template":"","meta":{"_acf_changed":false},"product_brand":[],"product_cat":[34],"product_tag":[],"kleur":[29],"class_list":{"0":"post-266","1":"product","2":"type-product","3":"status-publish","4":"has-post-thumbnail","6":"product_cat-klinken-deurbeslag","7":"kleur-tin","9":"first","10":"instock","11":"purchasable","12":"product-type-variable","13":"has-default-attributes"},"acf":[],"_links":{"self":[{"href":"https:\/\/oroandoro.co\/fr\/wp-json\/wp\/v2\/product\/266","targetHints":{"allow":["GET"]}}],"collection":[{"href":"https:\/\/oroandoro.co\/fr\/wp-json\/wp\/v2\/product"}],"about":[{"href":"https:\/\/oroandoro.co\/fr\/wp-json\/wp\/v2\/types\/product"}],"wp:featuredmedia":[{"embeddable":true,"href":"https:\/\/oroandoro.co\/fr\/wp-json\/wp\/v2\/media\/387"}],"wp:attachment":[{"href":"https:\/\/oroandoro.co\/fr\/wp-json\/wp\/v2\/media?parent=266"}],"wp:term":[{"taxonomy":"product_brand","embeddable":true,"href":"https:\/\/oroandoro.co\/fr\/wp-json\/wp\/v2\/product_brand?post=266"},{"taxonomy":"product_cat","embeddable":true,"href":"https:\/\/oroandoro.co\/fr\/wp-json\/wp\/v2\/product_cat?post=266"},{"taxonomy":"product_tag","embeddable":true,"href":"https:\/\/oroandoro.co\/fr\/wp-json\/wp\/v2\/product_tag?post=266"},{"taxonomy":"kleur","embeddable":true,"href":"https:\/\/oroandoro.co\/fr\/wp-json\/wp\/v2\/kleur?post=266"}],"curies":[{"name":"wp","href":"https:\/\/api.w.org\/{rel}","templated":true}]}}