{"id":2574,"date":"2023-01-20T10:16:10","date_gmt":"2023-01-20T09:16:10","guid":{"rendered":"https:\/\/oroandoro.co\/?post_type=product&#038;p=2574"},"modified":"2026-03-16T14:27:21","modified_gmt":"2026-03-16T13:27:21","slug":"cilinder-rosas-mat-zwart-oro-oro-15e","status":"publish","type":"product","link":"https:\/\/oroandoro.co\/fr\/product\/cilinder-rosas-mat-zwart-oro-oro-15e\/","title":{"rendered":"ROSACE CYLINDRE NOIR MAT ORO &amp; ORO \u2013 15E"},"content":{"rendered":"<p>Ce cylindre de rosaces est assorti aux poign\u00e9es de porte carr\u00e9es, type Unica, Quattro\u2026<\/p>\n<p>Mod\u00e8le pratique inclus pour un placement parfait.<\/p>\n<p>Le prix est par paire (2 pi\u00e8ces)<\/p>","protected":false},"excerpt":{"rendered":"<p>Cette rosace cylindrique s&#039;adapte aux poign\u00e9es de porte carr\u00e9es, type Unica, Quattro... Gabarit pratique inclus pour un placement parfait. Le prix est par paire (2 pi\u00e8ces)<\/p>","protected":false},"featured_media":2550,"template":"","meta":{"_acf_changed":false},"product_brand":[],"product_cat":[257],"product_tag":[259],"kleur":[32],"class_list":{"0":"post-2574","1":"product","2":"type-product","3":"status-publish","4":"has-post-thumbnail","6":"product_cat-rosassen","7":"product_tag-exclfeed","8":"kleur-zwart","10":"first","11":"instock","12":"taxable","13":"shipping-taxable","14":"purchasable","15":"product-type-simple"},"acf":[],"_links":{"self":[{"href":"https:\/\/oroandoro.co\/fr\/wp-json\/wp\/v2\/product\/2574","targetHints":{"allow":["GET"]}}],"collection":[{"href":"https:\/\/oroandoro.co\/fr\/wp-json\/wp\/v2\/product"}],"about":[{"href":"https:\/\/oroandoro.co\/fr\/wp-json\/wp\/v2\/types\/product"}],"wp:featuredmedia":[{"embeddable":true,"href":"https:\/\/oroandoro.co\/fr\/wp-json\/wp\/v2\/media\/2550"}],"wp:attachment":[{"href":"https:\/\/oroandoro.co\/fr\/wp-json\/wp\/v2\/media?parent=2574"}],"wp:term":[{"taxonomy":"product_brand","embeddable":true,"href":"https:\/\/oroandoro.co\/fr\/wp-json\/wp\/v2\/product_brand?post=2574"},{"taxonomy":"product_cat","embeddable":true,"href":"https:\/\/oroandoro.co\/fr\/wp-json\/wp\/v2\/product_cat?post=2574"},{"taxonomy":"product_tag","embeddable":true,"href":"https:\/\/oroandoro.co\/fr\/wp-json\/wp\/v2\/product_tag?post=2574"},{"taxonomy":"kleur","embeddable":true,"href":"https:\/\/oroandoro.co\/fr\/wp-json\/wp\/v2\/kleur?post=2574"}],"curies":[{"name":"wp","href":"https:\/\/api.w.org\/{rel}","templated":true}]}}