{"id":2568,"date":"2023-01-20T09:38:53","date_gmt":"2023-01-20T08:38:53","guid":{"rendered":"https:\/\/oroandoro.co\/?post_type=product&#038;p=2568"},"modified":"2026-03-16T14:27:23","modified_gmt":"2026-03-16T13:27:23","slug":"sleutel-rosas-mat-zwart-oro-oro-24e","status":"publish","type":"product","link":"https:\/\/oroandoro.co\/fr\/product\/sleutel-rosas-mat-zwart-oro-oro-24e\/","title":{"rendered":"ROSACE CLE  NOIR MAT ORO &amp; ORO \u2013 24E"},"content":{"rendered":"<p>Cette cl\u00e9 rosas correspond \u00e0 l&#039;ACE ou \u00e0 l&#039;OIA et refl\u00e8te les lignes horizontales \u00e9pur\u00e9es de la poign\u00e9e.<\/p>\n<p>Mod\u00e8le pratique inclus pour un placement parfait.<\/p>\n<p>Le prix est par paire (2 pi\u00e8ces)<\/p>","protected":false},"excerpt":{"rendered":"<p>Cette rosace \u00e0 cl\u00e9 s&#039;adapte \u00e0 l&#039;ACE ou \u00e0 l&#039;OIA et refl\u00e8te les lignes horizontales \u00e9pur\u00e9es du loquet. Mod\u00e8le pratique inclus pour un placement parfait. Le prix est par paire (2 pi\u00e8ces)<\/p>","protected":false},"featured_media":2641,"template":"","meta":{"_acf_changed":false},"product_brand":[],"product_cat":[257],"product_tag":[259],"kleur":[32],"class_list":{"0":"post-2568","1":"product","2":"type-product","3":"status-publish","4":"has-post-thumbnail","6":"product_cat-rosassen","7":"product_tag-exclfeed","8":"kleur-zwart","10":"first","11":"instock","12":"taxable","13":"shipping-taxable","14":"purchasable","15":"product-type-simple"},"acf":[],"_links":{"self":[{"href":"https:\/\/oroandoro.co\/fr\/wp-json\/wp\/v2\/product\/2568","targetHints":{"allow":["GET"]}}],"collection":[{"href":"https:\/\/oroandoro.co\/fr\/wp-json\/wp\/v2\/product"}],"about":[{"href":"https:\/\/oroandoro.co\/fr\/wp-json\/wp\/v2\/types\/product"}],"wp:featuredmedia":[{"embeddable":true,"href":"https:\/\/oroandoro.co\/fr\/wp-json\/wp\/v2\/media\/2641"}],"wp:attachment":[{"href":"https:\/\/oroandoro.co\/fr\/wp-json\/wp\/v2\/media?parent=2568"}],"wp:term":[{"taxonomy":"product_brand","embeddable":true,"href":"https:\/\/oroandoro.co\/fr\/wp-json\/wp\/v2\/product_brand?post=2568"},{"taxonomy":"product_cat","embeddable":true,"href":"https:\/\/oroandoro.co\/fr\/wp-json\/wp\/v2\/product_cat?post=2568"},{"taxonomy":"product_tag","embeddable":true,"href":"https:\/\/oroandoro.co\/fr\/wp-json\/wp\/v2\/product_tag?post=2568"},{"taxonomy":"kleur","embeddable":true,"href":"https:\/\/oroandoro.co\/fr\/wp-json\/wp\/v2\/kleur?post=2568"}],"curies":[{"name":"wp","href":"https:\/\/api.w.org\/{rel}","templated":true}]}}