{"id":2567,"date":"2023-01-20T09:36:23","date_gmt":"2023-01-20T08:36:23","guid":{"rendered":"https:\/\/oroandoro.co\/?post_type=product&#038;p=2567"},"modified":"2026-03-16T14:27:23","modified_gmt":"2026-03-16T13:27:23","slug":"cilinder-rosas-mat-zwart-oro-oro-23e","status":"publish","type":"product","link":"https:\/\/oroandoro.co\/fr\/product\/cilinder-rosas-mat-zwart-oro-oro-23e\/","title":{"rendered":"ROSACE CYLINDRE  NOIR MAT ORO &amp; ORO \u2013 23E"},"content":{"rendered":"<p>Cette rosace cylindrique s&#039;adapte \u00e0 l&#039;ADRIA ou au MELINA et refl\u00e8te les lignes verticales \u00e9pur\u00e9es de la poign\u00e9e.<\/p>\n<p>Mod\u00e8le pratique inclus pour un placement parfait.<\/p>\n<p>Le prix est par paire (2 pi\u00e8ces)<\/p>","protected":false},"excerpt":{"rendered":"<p>Cette rosace cylindrique s&#039;adapte \u00e0 l&#039;ADRIA ou au MELINA et refl\u00e8te les lignes verticales \u00e9pur\u00e9es de la poign\u00e9e. Mod\u00e8le pratique inclus pour un placement parfait. Le prix est par paire (2 pi\u00e8ces)<\/p>","protected":false},"featured_media":2639,"template":"","meta":{"_acf_changed":false},"product_brand":[],"product_cat":[257],"product_tag":[259],"kleur":[32],"class_list":{"0":"post-2567","1":"product","2":"type-product","3":"status-publish","4":"has-post-thumbnail","6":"product_cat-rosassen","7":"product_tag-exclfeed","8":"kleur-zwart","10":"first","11":"instock","12":"taxable","13":"shipping-taxable","14":"purchasable","15":"product-type-simple"},"acf":[],"_links":{"self":[{"href":"https:\/\/oroandoro.co\/fr\/wp-json\/wp\/v2\/product\/2567","targetHints":{"allow":["GET"]}}],"collection":[{"href":"https:\/\/oroandoro.co\/fr\/wp-json\/wp\/v2\/product"}],"about":[{"href":"https:\/\/oroandoro.co\/fr\/wp-json\/wp\/v2\/types\/product"}],"wp:featuredmedia":[{"embeddable":true,"href":"https:\/\/oroandoro.co\/fr\/wp-json\/wp\/v2\/media\/2639"}],"wp:attachment":[{"href":"https:\/\/oroandoro.co\/fr\/wp-json\/wp\/v2\/media?parent=2567"}],"wp:term":[{"taxonomy":"product_brand","embeddable":true,"href":"https:\/\/oroandoro.co\/fr\/wp-json\/wp\/v2\/product_brand?post=2567"},{"taxonomy":"product_cat","embeddable":true,"href":"https:\/\/oroandoro.co\/fr\/wp-json\/wp\/v2\/product_cat?post=2567"},{"taxonomy":"product_tag","embeddable":true,"href":"https:\/\/oroandoro.co\/fr\/wp-json\/wp\/v2\/product_tag?post=2567"},{"taxonomy":"kleur","embeddable":true,"href":"https:\/\/oroandoro.co\/fr\/wp-json\/wp\/v2\/kleur?post=2567"}],"curies":[{"name":"wp","href":"https:\/\/api.w.org\/{rel}","templated":true}]}}