{"id":2566,"date":"2023-01-20T09:33:44","date_gmt":"2023-01-20T08:33:44","guid":{"rendered":"https:\/\/oroandoro.co\/?post_type=product&#038;p=2566"},"modified":"2024-11-03T12:55:49","modified_gmt":"2024-11-03T11:55:49","slug":"selutel-rosas-mat-zwart-oro-oro-23e","status":"publish","type":"product","link":"https:\/\/oroandoro.co\/fr\/product\/selutel-rosas-mat-zwart-oro-oro-23e\/","title":{"rendered":"ROSACE CLE NOIR MAT ORO &amp; ORO \u2013 23E"},"content":{"rendered":"<p>Cette cl\u00e9 rosas est assortie \u00e0 l&#039;ADRIA ou \u00e0 la MELINA et reprend les lignes verticales \u00e9pur\u00e9es du manche.<\/p>\n<p>Mod\u00e8le pratique inclus pour un placement parfait.<\/p>\n<p>Le prix est par paire (2 pi\u00e8ces)<\/p>","protected":false},"excerpt":{"rendered":"<p>Cette cl\u00e9 rosa s&#039;accorde avec l&#039;ADRIA ou la MELINA et refl\u00e8te les lignes verticales \u00e9pur\u00e9es du manche. Mod\u00e8le pratique inclus pour un placement parfait. Le prix est par paire (2 pi\u00e8ces)<\/p>","protected":false},"featured_media":2638,"template":"","meta":{"_acf_changed":false},"product_brand":[],"product_cat":[257],"product_tag":[259],"kleur":[32],"class_list":{"0":"post-2566","1":"product","2":"type-product","3":"status-publish","4":"has-post-thumbnail","6":"product_cat-rosassen","7":"product_tag-exclfeed","8":"kleur-zwart","10":"first","11":"instock","12":"taxable","13":"shipping-taxable","14":"purchasable","15":"product-type-simple"},"acf":[],"_links":{"self":[{"href":"https:\/\/oroandoro.co\/fr\/wp-json\/wp\/v2\/product\/2566","targetHints":{"allow":["GET"]}}],"collection":[{"href":"https:\/\/oroandoro.co\/fr\/wp-json\/wp\/v2\/product"}],"about":[{"href":"https:\/\/oroandoro.co\/fr\/wp-json\/wp\/v2\/types\/product"}],"wp:featuredmedia":[{"embeddable":true,"href":"https:\/\/oroandoro.co\/fr\/wp-json\/wp\/v2\/media\/2638"}],"wp:attachment":[{"href":"https:\/\/oroandoro.co\/fr\/wp-json\/wp\/v2\/media?parent=2566"}],"wp:term":[{"taxonomy":"product_brand","embeddable":true,"href":"https:\/\/oroandoro.co\/fr\/wp-json\/wp\/v2\/product_brand?post=2566"},{"taxonomy":"product_cat","embeddable":true,"href":"https:\/\/oroandoro.co\/fr\/wp-json\/wp\/v2\/product_cat?post=2566"},{"taxonomy":"product_tag","embeddable":true,"href":"https:\/\/oroandoro.co\/fr\/wp-json\/wp\/v2\/product_tag?post=2566"},{"taxonomy":"kleur","embeddable":true,"href":"https:\/\/oroandoro.co\/fr\/wp-json\/wp\/v2\/kleur?post=2566"}],"curies":[{"name":"wp","href":"https:\/\/api.w.org\/{rel}","templated":true}]}}