{"id":252,"date":"2021-08-16T12:54:52","date_gmt":"2021-08-16T10:54:52","guid":{"rendered":"https:\/\/oroandoro.co\/?post_type=product&#038;p=252"},"modified":"2026-03-16T14:27:27","modified_gmt":"2026-03-16T13:27:27","slug":"timeless-zwart","status":"publish","type":"product","link":"https:\/\/oroandoro.co\/fr\/product\/timeless-zwart\/","title":{"rendered":"TIMELESS"},"content":{"rendered":"<p>Avec la poign\u00e9e Timeless, nous voyons \u00e0 quel point les lignes fortes et \u00e9pur\u00e9es donnent un caract\u00e8re tr\u00e8s lisse mais embl\u00e9matique, comme s'il s'agissait d'une expression de \"la simplicit\u00e9 est la cl\u00e9\". Cela la rend intemporel pour diff\u00e9rents styles de portes, du moderne au classique.<\/p>","protected":false},"excerpt":{"rendered":"<p>Avec la poign\u00e9e Timeless, nous voyons \u00e0 quel point les lignes fortes et \u00e9pur\u00e9es donnent un caract\u00e8re tr\u00e8s lisse mais embl\u00e9matique, comme s'il s'agissait d'une expression de \"la simplicit\u00e9 est la cl\u00e9\". Cela la rend intemporel pour diff\u00e9rents styles de portes, du moderne au classique.<\/p>","protected":false},"featured_media":372,"template":"","meta":{"_acf_changed":false},"product_brand":[],"product_cat":[34],"product_tag":[],"kleur":[32],"class_list":{"0":"post-252","1":"product","2":"type-product","3":"status-publish","4":"has-post-thumbnail","6":"product_cat-klinken-deurbeslag","7":"kleur-zwart","9":"first","10":"instock","11":"purchasable","12":"product-type-variable","13":"has-default-attributes"},"acf":[],"_links":{"self":[{"href":"https:\/\/oroandoro.co\/fr\/wp-json\/wp\/v2\/product\/252","targetHints":{"allow":["GET"]}}],"collection":[{"href":"https:\/\/oroandoro.co\/fr\/wp-json\/wp\/v2\/product"}],"about":[{"href":"https:\/\/oroandoro.co\/fr\/wp-json\/wp\/v2\/types\/product"}],"wp:featuredmedia":[{"embeddable":true,"href":"https:\/\/oroandoro.co\/fr\/wp-json\/wp\/v2\/media\/372"}],"wp:attachment":[{"href":"https:\/\/oroandoro.co\/fr\/wp-json\/wp\/v2\/media?parent=252"}],"wp:term":[{"taxonomy":"product_brand","embeddable":true,"href":"https:\/\/oroandoro.co\/fr\/wp-json\/wp\/v2\/product_brand?post=252"},{"taxonomy":"product_cat","embeddable":true,"href":"https:\/\/oroandoro.co\/fr\/wp-json\/wp\/v2\/product_cat?post=252"},{"taxonomy":"product_tag","embeddable":true,"href":"https:\/\/oroandoro.co\/fr\/wp-json\/wp\/v2\/product_tag?post=252"},{"taxonomy":"kleur","embeddable":true,"href":"https:\/\/oroandoro.co\/fr\/wp-json\/wp\/v2\/kleur?post=252"}],"curies":[{"name":"wp","href":"https:\/\/api.w.org\/{rel}","templated":true}]}}