{"id":251,"date":"2021-08-16T12:54:52","date_gmt":"2021-08-16T10:54:52","guid":{"rendered":"https:\/\/oroandoro.co\/?post_type=product&#038;p=251"},"modified":"2026-03-16T14:27:31","modified_gmt":"2026-03-16T13:27:31","slug":"ergonomic-nikkel","status":"publish","type":"product","link":"https:\/\/oroandoro.co\/fr\/product\/ergonomic-nikkel\/","title":{"rendered":"ERGONOMIC"},"content":{"rendered":"<p>Cette poign\u00e9e nous donne un aper\u00e7u d'une approche cr\u00e9ative qui prend en compte la forme d'une main et garantit que partout o\u00f9 cette poign\u00e9e est plac\u00e9e, tous les yeux sont riv\u00e9s sur elle.<\/p>\n<p>Tout, de la forme sp\u00e9ciale \u00e0 la prise en main confortable, est con\u00e7u pour vous offrir une exp\u00e9rience agr\u00e9able \u00e0 chaque fois.<\/p>","protected":false},"excerpt":{"rendered":"<p>Cette poign\u00e9e nous donne un aper\u00e7u d&#039;une approche cr\u00e9ative qui prend en compte la forme d&#039;une main, garantissant que partout o\u00f9 cette poign\u00e9e est plac\u00e9e, tous les regards sont tourn\u00e9s vers elle. Tout, de la forme sp\u00e9ciale \u00e0 la prise en main confortable, est con\u00e7u pour offrir une exp\u00e9rience agr\u00e9able \u00e0 chaque fois.<\/p>","protected":false},"featured_media":369,"template":"","meta":{"_acf_changed":false},"product_brand":[],"product_cat":[34],"product_tag":[],"kleur":[28],"class_list":{"0":"post-251","1":"product","2":"type-product","3":"status-publish","4":"has-post-thumbnail","6":"product_cat-klinken-deurbeslag","7":"kleur-nikkel","9":"first","10":"instock","11":"purchasable","12":"product-type-variable","13":"has-default-attributes"},"acf":[],"_links":{"self":[{"href":"https:\/\/oroandoro.co\/fr\/wp-json\/wp\/v2\/product\/251","targetHints":{"allow":["GET"]}}],"collection":[{"href":"https:\/\/oroandoro.co\/fr\/wp-json\/wp\/v2\/product"}],"about":[{"href":"https:\/\/oroandoro.co\/fr\/wp-json\/wp\/v2\/types\/product"}],"wp:featuredmedia":[{"embeddable":true,"href":"https:\/\/oroandoro.co\/fr\/wp-json\/wp\/v2\/media\/369"}],"wp:attachment":[{"href":"https:\/\/oroandoro.co\/fr\/wp-json\/wp\/v2\/media?parent=251"}],"wp:term":[{"taxonomy":"product_brand","embeddable":true,"href":"https:\/\/oroandoro.co\/fr\/wp-json\/wp\/v2\/product_brand?post=251"},{"taxonomy":"product_cat","embeddable":true,"href":"https:\/\/oroandoro.co\/fr\/wp-json\/wp\/v2\/product_cat?post=251"},{"taxonomy":"product_tag","embeddable":true,"href":"https:\/\/oroandoro.co\/fr\/wp-json\/wp\/v2\/product_tag?post=251"},{"taxonomy":"kleur","embeddable":true,"href":"https:\/\/oroandoro.co\/fr\/wp-json\/wp\/v2\/kleur?post=251"}],"curies":[{"name":"wp","href":"https:\/\/api.w.org\/{rel}","templated":true}]}}