{"id":241,"date":"2021-08-16T12:54:27","date_gmt":"2021-08-16T10:54:27","guid":{"rendered":"https:\/\/oroandoro.co\/?post_type=product&#038;p=241"},"modified":"2026-03-16T14:27:29","modified_gmt":"2026-03-16T13:27:29","slug":"fapa-nikkel","status":"publish","type":"product","link":"https:\/\/oroandoro.co\/fr\/product\/fapa-nikkel\/","title":{"rendered":"FAPA"},"content":{"rendered":"<p>Le Fapa est un mod\u00e8le sp\u00e9cial qui combine des \u00e9l\u00e9ments de design moderne et Art-D\u00e9co.<\/p>\n<p>Le r\u00e9sultat est une poign\u00e9e qui brille sur n&#039;importe quelle porte et \u00e9tablit de nouvelles normes de beaut\u00e9.<\/p>\n<p>Juste ce petit plus !<\/p>","protected":false},"excerpt":{"rendered":"<p>Le Fapa est un mod\u00e8le sp\u00e9cial qui combine des \u00e9l\u00e9ments de design moderne et Art D\u00e9co. Le r\u00e9sultat est une poign\u00e9e qui brille sur n\u2019importe quelle porte et \u00e9tablit de nouvelles normes en mati\u00e8re de beaut\u00e9. Juste un peu plus!<\/p>","protected":false},"featured_media":363,"template":"","meta":{"_acf_changed":false},"product_brand":[],"product_cat":[34],"product_tag":[],"kleur":[28],"class_list":{"0":"post-241","1":"product","2":"type-product","3":"status-publish","4":"has-post-thumbnail","6":"product_cat-klinken-deurbeslag","7":"kleur-nikkel","9":"first","10":"instock","11":"purchasable","12":"product-type-variable","13":"has-default-attributes"},"acf":[],"_links":{"self":[{"href":"https:\/\/oroandoro.co\/fr\/wp-json\/wp\/v2\/product\/241","targetHints":{"allow":["GET"]}}],"collection":[{"href":"https:\/\/oroandoro.co\/fr\/wp-json\/wp\/v2\/product"}],"about":[{"href":"https:\/\/oroandoro.co\/fr\/wp-json\/wp\/v2\/types\/product"}],"wp:featuredmedia":[{"embeddable":true,"href":"https:\/\/oroandoro.co\/fr\/wp-json\/wp\/v2\/media\/363"}],"wp:attachment":[{"href":"https:\/\/oroandoro.co\/fr\/wp-json\/wp\/v2\/media?parent=241"}],"wp:term":[{"taxonomy":"product_brand","embeddable":true,"href":"https:\/\/oroandoro.co\/fr\/wp-json\/wp\/v2\/product_brand?post=241"},{"taxonomy":"product_cat","embeddable":true,"href":"https:\/\/oroandoro.co\/fr\/wp-json\/wp\/v2\/product_cat?post=241"},{"taxonomy":"product_tag","embeddable":true,"href":"https:\/\/oroandoro.co\/fr\/wp-json\/wp\/v2\/product_tag?post=241"},{"taxonomy":"kleur","embeddable":true,"href":"https:\/\/oroandoro.co\/fr\/wp-json\/wp\/v2\/kleur?post=241"}],"curies":[{"name":"wp","href":"https:\/\/api.w.org\/{rel}","templated":true}]}}