{"id":240,"date":"2021-08-16T12:54:27","date_gmt":"2021-08-16T10:54:27","guid":{"rendered":"https:\/\/oroandoro.co\/?post_type=product&#038;p=240"},"modified":"2026-03-16T14:27:31","modified_gmt":"2026-03-16T13:27:31","slug":"fly-nikkel","status":"publish","type":"product","link":"https:\/\/oroandoro.co\/fr\/product\/fly-nikkel\/","title":{"rendered":"FLY"},"content":{"rendered":"<p>La poign\u00e9e de notre Fly est la preuve que simplicit\u00e9 et chic peuvent aller de pair.<\/p>\n<p>De la poign\u00e9e \u00e9l\u00e9gamment incurv\u00e9e \u00e0 la prise en main agr\u00e9able lorsqu'elle est tenue, la Fly transforme n'importe quelle porte moyenne en une exp\u00e9rience inoubliable \u00e0 chaque fois qu'elle est tenue.<\/p>","protected":false},"excerpt":{"rendered":"<p>La poign\u00e9e de notre Fly est la preuve que simplicit\u00e9 et look chic peuvent aller de pair. De la poign\u00e9e \u00e9l\u00e9gamment incurv\u00e9e \u00e0 la prise en main agr\u00e9able lorsqu&#039;elle est tenue, la Fly transforme n&#039;importe quelle porte moyenne en une exp\u00e9rience inoubliable \u00e0 chaque fois qu&#039;elle est tenue.<\/p>","protected":false},"featured_media":360,"template":"","meta":{"_acf_changed":false},"product_brand":[],"product_cat":[34],"product_tag":[],"kleur":[28],"class_list":{"0":"post-240","1":"product","2":"type-product","3":"status-publish","4":"has-post-thumbnail","6":"product_cat-klinken-deurbeslag","7":"kleur-nikkel","9":"first","10":"instock","11":"purchasable","12":"product-type-variable","13":"has-default-attributes"},"acf":[],"_links":{"self":[{"href":"https:\/\/oroandoro.co\/fr\/wp-json\/wp\/v2\/product\/240","targetHints":{"allow":["GET"]}}],"collection":[{"href":"https:\/\/oroandoro.co\/fr\/wp-json\/wp\/v2\/product"}],"about":[{"href":"https:\/\/oroandoro.co\/fr\/wp-json\/wp\/v2\/types\/product"}],"wp:featuredmedia":[{"embeddable":true,"href":"https:\/\/oroandoro.co\/fr\/wp-json\/wp\/v2\/media\/360"}],"wp:attachment":[{"href":"https:\/\/oroandoro.co\/fr\/wp-json\/wp\/v2\/media?parent=240"}],"wp:term":[{"taxonomy":"product_brand","embeddable":true,"href":"https:\/\/oroandoro.co\/fr\/wp-json\/wp\/v2\/product_brand?post=240"},{"taxonomy":"product_cat","embeddable":true,"href":"https:\/\/oroandoro.co\/fr\/wp-json\/wp\/v2\/product_cat?post=240"},{"taxonomy":"product_tag","embeddable":true,"href":"https:\/\/oroandoro.co\/fr\/wp-json\/wp\/v2\/product_tag?post=240"},{"taxonomy":"kleur","embeddable":true,"href":"https:\/\/oroandoro.co\/fr\/wp-json\/wp\/v2\/kleur?post=240"}],"curies":[{"name":"wp","href":"https:\/\/api.w.org\/{rel}","templated":true}]}}