{"id":223,"date":"2021-08-16T12:54:04","date_gmt":"2021-08-16T10:54:04","guid":{"rendered":"https:\/\/oroandoro.co\/?post_type=product&#038;p=223"},"modified":"2026-03-16T14:27:28","modified_gmt":"2026-03-16T13:27:28","slug":"galassia-titanium","status":"publish","type":"product","link":"https:\/\/oroandoro.co\/fr\/product\/galassia-titanium\/","title":{"rendered":"GALASSIA"},"content":{"rendered":"<p>Galassia est plus qu'une simple poign\u00e9e. C'est l'\u00e9volution du design pratique con\u00e7u pour \u00eatre confortable et s'int\u00e9grer parfaitement \u00e0 n'importe quelle porte.<\/p>","protected":false},"excerpt":{"rendered":"<p>Galassia est plus qu'une simple poign\u00e9e. C'est l'\u00e9volution du design pratique con\u00e7u pour \u00eatre confortable et s'int\u00e9grer parfaitement \u00e0 n'importe quelle porte.<\/p>","protected":false},"featured_media":342,"template":"","meta":{"_acf_changed":false},"product_brand":[],"product_cat":[34],"product_tag":[],"kleur":[30],"class_list":{"0":"post-223","1":"product","2":"type-product","3":"status-publish","4":"has-post-thumbnail","6":"product_cat-klinken-deurbeslag","7":"kleur-titanium","9":"first","10":"instock","11":"purchasable","12":"product-type-variable","13":"has-default-attributes"},"acf":[],"_links":{"self":[{"href":"https:\/\/oroandoro.co\/fr\/wp-json\/wp\/v2\/product\/223","targetHints":{"allow":["GET"]}}],"collection":[{"href":"https:\/\/oroandoro.co\/fr\/wp-json\/wp\/v2\/product"}],"about":[{"href":"https:\/\/oroandoro.co\/fr\/wp-json\/wp\/v2\/types\/product"}],"wp:featuredmedia":[{"embeddable":true,"href":"https:\/\/oroandoro.co\/fr\/wp-json\/wp\/v2\/media\/342"}],"wp:attachment":[{"href":"https:\/\/oroandoro.co\/fr\/wp-json\/wp\/v2\/media?parent=223"}],"wp:term":[{"taxonomy":"product_brand","embeddable":true,"href":"https:\/\/oroandoro.co\/fr\/wp-json\/wp\/v2\/product_brand?post=223"},{"taxonomy":"product_cat","embeddable":true,"href":"https:\/\/oroandoro.co\/fr\/wp-json\/wp\/v2\/product_cat?post=223"},{"taxonomy":"product_tag","embeddable":true,"href":"https:\/\/oroandoro.co\/fr\/wp-json\/wp\/v2\/product_tag?post=223"},{"taxonomy":"kleur","embeddable":true,"href":"https:\/\/oroandoro.co\/fr\/wp-json\/wp\/v2\/kleur?post=223"}],"curies":[{"name":"wp","href":"https:\/\/api.w.org\/{rel}","templated":true}]}}