{"id":211,"date":"2021-08-16T12:53:39","date_gmt":"2021-08-16T10:53:39","guid":{"rendered":"https:\/\/oroandoro.co\/?post_type=product&#038;p=211"},"modified":"2026-03-16T14:27:33","modified_gmt":"2026-03-16T13:27:33","slug":"isabella-tin","status":"publish","type":"product","link":"https:\/\/oroandoro.co\/fr\/product\/isabella-tin\/","title":{"rendered":"ISABELLA"},"content":{"rendered":"<p>Inspir\u00e9 par le design incurv\u00e9 \u00e9l\u00e9gant des yachts exclusifs de la c\u00f4te italienne, Isabella est un mod\u00e8le qui plaira \u00e0 ceux qui ont le souci du d\u00e9tail et de la simplicit\u00e9.<\/p>\n<p>La sensation de main confortable d&#039;Isabella est un hommage \u00e0 l&#039;harmonie parfaite que les yachts atteignent lorsqu&#039;ils sont saisis par les vagues de l&#039;oc\u00e9an.<\/p>","protected":false},"excerpt":{"rendered":"<p>Inspir\u00e9 du design \u00e9l\u00e9gant et incurv\u00e9 des yachts exclusifs de la c\u00f4te italienne, Isabella est un mod\u00e8le qui plaira \u00e0 ceux qui ont le souci du d\u00e9tail et de la simplicit\u00e9. La sensation confortable d&#039;Isabella dans la main est un hommage \u00e0 l&#039;harmonie parfaite que les yachts atteignent lorsqu&#039;ils sont sous l&#039;emprise des vagues de l&#039;oc\u00e9an.<\/p>","protected":false},"featured_media":330,"template":"","meta":{"_acf_changed":false},"product_brand":[],"product_cat":[34],"product_tag":[],"kleur":[29],"class_list":{"0":"post-211","1":"product","2":"type-product","3":"status-publish","4":"has-post-thumbnail","6":"product_cat-klinken-deurbeslag","7":"kleur-tin","9":"first","10":"instock","11":"purchasable","12":"product-type-variable","13":"has-default-attributes"},"acf":[],"_links":{"self":[{"href":"https:\/\/oroandoro.co\/fr\/wp-json\/wp\/v2\/product\/211","targetHints":{"allow":["GET"]}}],"collection":[{"href":"https:\/\/oroandoro.co\/fr\/wp-json\/wp\/v2\/product"}],"about":[{"href":"https:\/\/oroandoro.co\/fr\/wp-json\/wp\/v2\/types\/product"}],"wp:featuredmedia":[{"embeddable":true,"href":"https:\/\/oroandoro.co\/fr\/wp-json\/wp\/v2\/media\/330"}],"wp:attachment":[{"href":"https:\/\/oroandoro.co\/fr\/wp-json\/wp\/v2\/media?parent=211"}],"wp:term":[{"taxonomy":"product_brand","embeddable":true,"href":"https:\/\/oroandoro.co\/fr\/wp-json\/wp\/v2\/product_brand?post=211"},{"taxonomy":"product_cat","embeddable":true,"href":"https:\/\/oroandoro.co\/fr\/wp-json\/wp\/v2\/product_cat?post=211"},{"taxonomy":"product_tag","embeddable":true,"href":"https:\/\/oroandoro.co\/fr\/wp-json\/wp\/v2\/product_tag?post=211"},{"taxonomy":"kleur","embeddable":true,"href":"https:\/\/oroandoro.co\/fr\/wp-json\/wp\/v2\/kleur?post=211"}],"curies":[{"name":"wp","href":"https:\/\/api.w.org\/{rel}","templated":true}]}}