{"id":2107,"date":"2022-09-16T09:01:54","date_gmt":"2022-09-16T07:01:54","guid":{"rendered":"https:\/\/oroandoro.co\/?post_type=product&#038;p=2107"},"modified":"2026-03-16T14:27:34","modified_gmt":"2026-03-16T13:27:34","slug":"deurkruk-ivy-zwart-rosas-wc","status":"publish","type":"product","link":"https:\/\/oroandoro.co\/fr\/product\/deurkruk-ivy-zwart-rosas-wc\/","title":{"rendered":"IVY"},"content":{"rendered":"<p>La poign\u00e9e IVY est un exemple de fonctionnalit\u00e9 et de simplicit\u00e9 minimaliste. Sobre, \u00e9l\u00e9gant, s'int\u00e8gre dans n'importe quel int\u00e9rieur moderne.<\/p>","protected":false},"excerpt":{"rendered":"<p>La poign\u00e9e IVY est un exemple de fonctionnalit\u00e9 et de simplicit\u00e9 minimaliste. Sobre, \u00e9l\u00e9gant, s'int\u00e8gre dans n'importe quel int\u00e9rieur moderne.<\/p>","protected":false},"featured_media":2217,"template":"","meta":{"_acf_changed":false},"product_brand":[],"product_cat":[34],"product_tag":[],"kleur":[32],"class_list":{"0":"post-2107","1":"product","2":"type-product","3":"status-publish","4":"has-post-thumbnail","6":"product_cat-klinken-deurbeslag","7":"kleur-zwart","9":"first","10":"instock","11":"purchasable","12":"product-type-variable","13":"has-default-attributes"},"acf":[],"_links":{"self":[{"href":"https:\/\/oroandoro.co\/fr\/wp-json\/wp\/v2\/product\/2107","targetHints":{"allow":["GET"]}}],"collection":[{"href":"https:\/\/oroandoro.co\/fr\/wp-json\/wp\/v2\/product"}],"about":[{"href":"https:\/\/oroandoro.co\/fr\/wp-json\/wp\/v2\/types\/product"}],"wp:featuredmedia":[{"embeddable":true,"href":"https:\/\/oroandoro.co\/fr\/wp-json\/wp\/v2\/media\/2217"}],"wp:attachment":[{"href":"https:\/\/oroandoro.co\/fr\/wp-json\/wp\/v2\/media?parent=2107"}],"wp:term":[{"taxonomy":"product_brand","embeddable":true,"href":"https:\/\/oroandoro.co\/fr\/wp-json\/wp\/v2\/product_brand?post=2107"},{"taxonomy":"product_cat","embeddable":true,"href":"https:\/\/oroandoro.co\/fr\/wp-json\/wp\/v2\/product_cat?post=2107"},{"taxonomy":"product_tag","embeddable":true,"href":"https:\/\/oroandoro.co\/fr\/wp-json\/wp\/v2\/product_tag?post=2107"},{"taxonomy":"kleur","embeddable":true,"href":"https:\/\/oroandoro.co\/fr\/wp-json\/wp\/v2\/kleur?post=2107"}],"curies":[{"name":"wp","href":"https:\/\/api.w.org\/{rel}","templated":true}]}}