{"id":2105,"date":"2022-09-16T09:01:53","date_gmt":"2022-09-16T07:01:53","guid":{"rendered":"https:\/\/oroandoro.co\/?post_type=product&#038;p=2105"},"modified":"2026-03-16T14:27:35","modified_gmt":"2026-03-16T13:27:35","slug":"deurkruk-adria-zwart-23e-enkel-klink","status":"publish","type":"product","link":"https:\/\/oroandoro.co\/fr\/product\/deurkruk-adria-zwart-23e-enkel-klink\/","title":{"rendered":"ADRIA"},"content":{"rendered":"<p>La poign\u00e9e Adria a une forme fluide naturelle sp\u00e9cialement con\u00e7ue comme un m\u00e9lange entre classique et raffin\u00e9, inspir\u00e9e par les courbes d'une vigne.<\/p>\n<p>Toute personne entrant dans une porte avec la poign\u00e9e Adria est accueillie par une prise en main confortable et douce, un plaisir \u00e0 tenir.<\/p>\n<p>Il est sp\u00e9cialement con\u00e7u pour <strong>cadres de porte \u00e9troits<\/strong> pour s&#039;adapter. Les cylindres ou rosaces WC qui peuvent \u00eatre command\u00e9s s\u00e9par\u00e9ment s&#039;y int\u00e8grent parfaitement.<\/p>\n<p>L&#039;ensemble de toilette peut \u00eatre command\u00e9 s\u00e9par\u00e9ment.<\/p>","protected":false},"excerpt":{"rendered":"<p>Het Adria handvat heeft een natuurlijke vrij vloeiende vorm speciaal ontworpen als een mix tussen klassiek en verfijnd, \u00a0ge\u00efnspireerd door de\u00a0rondingen van een wijnstok. Iedereen die een deur binnenkomt met de Adria-handgreep wordt begroet door een comfortabele en zachte grip, een genot om vast te houden. Hij is specifiek ontworpen om op smalle deurframes te [&hellip;]<\/p>\n","protected":false},"featured_media":2200,"template":"","meta":{"_acf_changed":false},"product_brand":[],"product_cat":[34],"product_tag":[],"kleur":[32],"class_list":{"0":"post-2105","1":"product","2":"type-product","3":"status-publish","4":"has-post-thumbnail","6":"product_cat-klinken-deurbeslag","7":"kleur-zwart","9":"first","10":"instock","11":"purchasable","12":"product-type-variable","13":"has-default-attributes"},"acf":[],"_links":{"self":[{"href":"https:\/\/oroandoro.co\/fr\/wp-json\/wp\/v2\/product\/2105","targetHints":{"allow":["GET"]}}],"collection":[{"href":"https:\/\/oroandoro.co\/fr\/wp-json\/wp\/v2\/product"}],"about":[{"href":"https:\/\/oroandoro.co\/fr\/wp-json\/wp\/v2\/types\/product"}],"wp:featuredmedia":[{"embeddable":true,"href":"https:\/\/oroandoro.co\/fr\/wp-json\/wp\/v2\/media\/2200"}],"wp:attachment":[{"href":"https:\/\/oroandoro.co\/fr\/wp-json\/wp\/v2\/media?parent=2105"}],"wp:term":[{"taxonomy":"product_brand","embeddable":true,"href":"https:\/\/oroandoro.co\/fr\/wp-json\/wp\/v2\/product_brand?post=2105"},{"taxonomy":"product_cat","embeddable":true,"href":"https:\/\/oroandoro.co\/fr\/wp-json\/wp\/v2\/product_cat?post=2105"},{"taxonomy":"product_tag","embeddable":true,"href":"https:\/\/oroandoro.co\/fr\/wp-json\/wp\/v2\/product_tag?post=2105"},{"taxonomy":"kleur","embeddable":true,"href":"https:\/\/oroandoro.co\/fr\/wp-json\/wp\/v2\/kleur?post=2105"}],"curies":[{"name":"wp","href":"https:\/\/api.w.org\/{rel}","templated":true}]}}