{"id":2104,"date":"2022-09-16T09:01:53","date_gmt":"2022-09-16T07:01:53","guid":{"rendered":"https:\/\/oroandoro.co\/?post_type=product&#038;p=2104"},"modified":"2026-03-16T14:27:35","modified_gmt":"2026-03-16T13:27:35","slug":"deurkruk-melina-zwart-23e-enkel-klink","status":"publish","type":"product","link":"https:\/\/oroandoro.co\/fr\/product\/deurkruk-melina-zwart-23e-enkel-klink\/","title":{"rendered":"MELINA"},"content":{"rendered":"<p>Melina est plus qu&#039;une poign\u00e9e.<\/p>\n<p>C&#039;est l&#039;\u00e9volution d&#039;un design pratique con\u00e7u pour \u00eatre confortable et s&#039;int\u00e9grer parfaitement \u00e0 n&#039;importe quelle porte sur laquelle il repose.<\/p>\n<p>Le designer ne s&#039;est jamais repos\u00e9 tant qu&#039;il n&#039;a pas atteint l&#039;\u00e9quilibre ultime entre \u00e9l\u00e9gance et simplicit\u00e9.<\/p>\n<p>La Melina est \u00e9galement disponible en version arrondie (Adria)<\/p>\n<p>Il est sp\u00e9cialement con\u00e7u pour <strong>cadres de porte \u00e9troits<\/strong> pour s&#039;adapter. Les cylindres ou rosaces WC qui peuvent \u00eatre command\u00e9s s\u00e9par\u00e9ment s&#039;y int\u00e8grent parfaitement.<\/p>\n<p>L&#039;ensemble de toilette peut \u00eatre command\u00e9 s\u00e9par\u00e9ment.<\/p>","protected":false},"excerpt":{"rendered":"<p>Melina is meer dan alleen een handvat. Het is de evolutie van een praktisch ontwerp dat is gemaakt om comfortabel te zijn en perfect op te gaan in elke deur waarop het zich bevindt. De ontwerper rustte nooit totdat ze de ultieme balans tussen elegantie en eenvoud hadden bereikt. De Melina is ook beschikbaar in [&hellip;]<\/p>\n","protected":false},"featured_media":2226,"template":"","meta":{"_acf_changed":false},"product_brand":[],"product_cat":[34],"product_tag":[],"kleur":[32],"class_list":{"0":"post-2104","1":"product","2":"type-product","3":"status-publish","4":"has-post-thumbnail","6":"product_cat-klinken-deurbeslag","7":"kleur-zwart","9":"first","10":"instock","11":"purchasable","12":"product-type-variable","13":"has-default-attributes"},"acf":[],"_links":{"self":[{"href":"https:\/\/oroandoro.co\/fr\/wp-json\/wp\/v2\/product\/2104","targetHints":{"allow":["GET"]}}],"collection":[{"href":"https:\/\/oroandoro.co\/fr\/wp-json\/wp\/v2\/product"}],"about":[{"href":"https:\/\/oroandoro.co\/fr\/wp-json\/wp\/v2\/types\/product"}],"wp:featuredmedia":[{"embeddable":true,"href":"https:\/\/oroandoro.co\/fr\/wp-json\/wp\/v2\/media\/2226"}],"wp:attachment":[{"href":"https:\/\/oroandoro.co\/fr\/wp-json\/wp\/v2\/media?parent=2104"}],"wp:term":[{"taxonomy":"product_brand","embeddable":true,"href":"https:\/\/oroandoro.co\/fr\/wp-json\/wp\/v2\/product_brand?post=2104"},{"taxonomy":"product_cat","embeddable":true,"href":"https:\/\/oroandoro.co\/fr\/wp-json\/wp\/v2\/product_cat?post=2104"},{"taxonomy":"product_tag","embeddable":true,"href":"https:\/\/oroandoro.co\/fr\/wp-json\/wp\/v2\/product_tag?post=2104"},{"taxonomy":"kleur","embeddable":true,"href":"https:\/\/oroandoro.co\/fr\/wp-json\/wp\/v2\/kleur?post=2104"}],"curies":[{"name":"wp","href":"https:\/\/api.w.org\/{rel}","templated":true}]}}