{"id":2102,"date":"2022-09-16T09:01:53","date_gmt":"2022-09-16T07:01:53","guid":{"rendered":"https:\/\/oroandoro.co\/?post_type=product&#038;p=2102"},"modified":"2026-03-16T14:27:35","modified_gmt":"2026-03-16T13:27:35","slug":"deurkruk-oia-zwart-24e-enkel-klink","status":"publish","type":"product","link":"https:\/\/oroandoro.co\/fr\/product\/deurkruk-oia-zwart-24e-enkel-klink\/","title":{"rendered":"OIA"},"content":{"rendered":"<p>L\u00e0 o\u00f9 l'\u00e9l\u00e9gance et la cr\u00e9ativit\u00e9 sont artistiquement fusionn\u00e9es, la belle poign\u00e9e OIA est n\u00e9e. Cette poign\u00e9e tr\u00e8s sp\u00e9ciale est une joie absolue \u00e0 tenir dans votre paume et \u00e0 regarder.<\/p>\n<p>L'ACE devient facilement l'attraction centrale de n'importe quelle pi\u00e8ce et est un \u00e9l\u00e9ment de beaut\u00e9 qui compl\u00e9tera n'importe quel d\u00e9cor dans lequel il r\u00e9side.\nL'OIA est la version arrondie de la poign\u00e9e ACE.<\/p>\n<p>Veuillez noter que cette poign\u00e9e est vendue sans rosaces afin d&#039;appr\u00e9cier pleinement le design \u00e9pur\u00e9.<\/p>\n<p>Un cylindre ou des rosaces de toilette peuvent \u00eatre command\u00e9s.<\/p>","protected":false},"excerpt":{"rendered":"<p>Waar elegantie en creativiteit artistiek worden samengevoegd, is het prachtige OIA handvat geboren. Dit zeer speciale handvat is een absoluut genot om in je handpalm te houden en om naar te kijken. De OIA wordt gemakkelijk de centrale attractie \u00a0in elke kamer en is een item van schoonheid die elk decor waarin het zich bevindt [&hellip;]<\/p>\n","protected":false},"featured_media":2196,"template":"","meta":{"_acf_changed":false},"product_brand":[],"product_cat":[34],"product_tag":[],"kleur":[32],"class_list":{"0":"post-2102","1":"product","2":"type-product","3":"status-publish","4":"has-post-thumbnail","6":"product_cat-klinken-deurbeslag","7":"kleur-zwart","9":"first","10":"instock","11":"purchasable","12":"product-type-variable","13":"has-default-attributes"},"acf":[],"_links":{"self":[{"href":"https:\/\/oroandoro.co\/fr\/wp-json\/wp\/v2\/product\/2102","targetHints":{"allow":["GET"]}}],"collection":[{"href":"https:\/\/oroandoro.co\/fr\/wp-json\/wp\/v2\/product"}],"about":[{"href":"https:\/\/oroandoro.co\/fr\/wp-json\/wp\/v2\/types\/product"}],"wp:featuredmedia":[{"embeddable":true,"href":"https:\/\/oroandoro.co\/fr\/wp-json\/wp\/v2\/media\/2196"}],"wp:attachment":[{"href":"https:\/\/oroandoro.co\/fr\/wp-json\/wp\/v2\/media?parent=2102"}],"wp:term":[{"taxonomy":"product_brand","embeddable":true,"href":"https:\/\/oroandoro.co\/fr\/wp-json\/wp\/v2\/product_brand?post=2102"},{"taxonomy":"product_cat","embeddable":true,"href":"https:\/\/oroandoro.co\/fr\/wp-json\/wp\/v2\/product_cat?post=2102"},{"taxonomy":"product_tag","embeddable":true,"href":"https:\/\/oroandoro.co\/fr\/wp-json\/wp\/v2\/product_tag?post=2102"},{"taxonomy":"kleur","embeddable":true,"href":"https:\/\/oroandoro.co\/fr\/wp-json\/wp\/v2\/kleur?post=2102"}],"curies":[{"name":"wp","href":"https:\/\/api.w.org\/{rel}","templated":true}]}}