{"id":197,"date":"2021-08-16T12:53:16","date_gmt":"2021-08-16T10:53:16","guid":{"rendered":"https:\/\/oroandoro.co\/?post_type=product&#038;p=197"},"modified":"2026-03-16T14:27:27","modified_gmt":"2026-03-16T13:27:27","slug":"quattro-zwart","status":"publish","type":"product","link":"https:\/\/oroandoro.co\/fr\/product\/quattro-zwart\/","title":{"rendered":"QUATTRO"},"content":{"rendered":"<p>Quand simplicit\u00e9 et praticit\u00e9 se croisent, la poign\u00e9e Quattro est n\u00e9e. Le Quattro a la conception de poign\u00e9e habituelle et combine la gr\u00e2ce avec une touche industrielle moderne qui est \u00e0 la fois confortable dans la main et ajoute une sensation de confort \u00e0 tous les styles et conceptions de pi\u00e8ces.<\/p>\n<p>Intemporel et s'int\u00e8gre toujours dans votre int\u00e9rieur !<\/p>","protected":false},"excerpt":{"rendered":"<p>\u00c0 la crois\u00e9e de la simplicit\u00e9 et de la praticit\u00e9, la poign\u00e9e Quattro est n\u00e9e. Le Quattro reprend le design habituel de la poign\u00e9e et combine l&#039;ornementation avec une touche industrielle moderne qui est \u00e0 la fois confortable \u00e0 tenir et ajoute un look chaleureux \u00e0 tous les styles et conceptions de pi\u00e8ces. Intemporel et s&#039;int\u00e8gre toujours dans votre int\u00e9rieur !<\/p>","protected":false},"featured_media":321,"template":"","meta":{"_acf_changed":false},"product_brand":[],"product_cat":[34],"product_tag":[],"kleur":[32],"class_list":{"0":"post-197","1":"product","2":"type-product","3":"status-publish","4":"has-post-thumbnail","6":"product_cat-klinken-deurbeslag","7":"kleur-zwart","9":"first","10":"instock","11":"purchasable","12":"product-type-variable","13":"has-default-attributes"},"acf":[],"_links":{"self":[{"href":"https:\/\/oroandoro.co\/fr\/wp-json\/wp\/v2\/product\/197","targetHints":{"allow":["GET"]}}],"collection":[{"href":"https:\/\/oroandoro.co\/fr\/wp-json\/wp\/v2\/product"}],"about":[{"href":"https:\/\/oroandoro.co\/fr\/wp-json\/wp\/v2\/types\/product"}],"wp:featuredmedia":[{"embeddable":true,"href":"https:\/\/oroandoro.co\/fr\/wp-json\/wp\/v2\/media\/321"}],"wp:attachment":[{"href":"https:\/\/oroandoro.co\/fr\/wp-json\/wp\/v2\/media?parent=197"}],"wp:term":[{"taxonomy":"product_brand","embeddable":true,"href":"https:\/\/oroandoro.co\/fr\/wp-json\/wp\/v2\/product_brand?post=197"},{"taxonomy":"product_cat","embeddable":true,"href":"https:\/\/oroandoro.co\/fr\/wp-json\/wp\/v2\/product_cat?post=197"},{"taxonomy":"product_tag","embeddable":true,"href":"https:\/\/oroandoro.co\/fr\/wp-json\/wp\/v2\/product_tag?post=197"},{"taxonomy":"kleur","embeddable":true,"href":"https:\/\/oroandoro.co\/fr\/wp-json\/wp\/v2\/kleur?post=197"}],"curies":[{"name":"wp","href":"https:\/\/api.w.org\/{rel}","templated":true}]}}