{"id":195,"date":"2021-08-16T12:53:15","date_gmt":"2021-08-16T10:53:15","guid":{"rendered":"https:\/\/oroandoro.co\/?post_type=product&#038;p=195"},"modified":"2026-03-16T14:27:28","modified_gmt":"2026-03-16T13:27:28","slug":"leia-titanium","status":"publish","type":"product","link":"https:\/\/oroandoro.co\/fr\/product\/leia-titanium\/","title":{"rendered":"LEIA"},"content":{"rendered":"<p>Avec la poign\u00e9e Leia, nous sommes t\u00e9moins de premi\u00e8re main de la beaut\u00e9 des formes sym\u00e9triques.Le design de la poign\u00e9e a un aspect saisissant qui est diff\u00e9rent sous tous les angles, ce qui donne envie \u00e0 la personne qui la voit de loin de se rapprocher de la prise confortable pour se toucher.<\/p>","protected":false},"excerpt":{"rendered":"<p>Avec la poign\u00e9e Leia, nous sommes t\u00e9moins de premi\u00e8re main de la beaut\u00e9 des formes sym\u00e9triques.Le design de la poign\u00e9e a un aspect saisissant qui est diff\u00e9rent sous tous les angles, ce qui donne envie \u00e0 la personne qui la voit de loin de se rapprocher de la prise confortable pour se toucher.<\/p>","protected":false},"featured_media":311,"template":"","meta":{"_acf_changed":false},"product_brand":[],"product_cat":[34],"product_tag":[],"kleur":[30],"class_list":{"0":"post-195","1":"product","2":"type-product","3":"status-publish","4":"has-post-thumbnail","6":"product_cat-klinken-deurbeslag","7":"kleur-titanium","9":"first","10":"instock","11":"purchasable","12":"product-type-variable","13":"has-default-attributes"},"acf":[],"_links":{"self":[{"href":"https:\/\/oroandoro.co\/fr\/wp-json\/wp\/v2\/product\/195","targetHints":{"allow":["GET"]}}],"collection":[{"href":"https:\/\/oroandoro.co\/fr\/wp-json\/wp\/v2\/product"}],"about":[{"href":"https:\/\/oroandoro.co\/fr\/wp-json\/wp\/v2\/types\/product"}],"wp:featuredmedia":[{"embeddable":true,"href":"https:\/\/oroandoro.co\/fr\/wp-json\/wp\/v2\/media\/311"}],"wp:attachment":[{"href":"https:\/\/oroandoro.co\/fr\/wp-json\/wp\/v2\/media?parent=195"}],"wp:term":[{"taxonomy":"product_brand","embeddable":true,"href":"https:\/\/oroandoro.co\/fr\/wp-json\/wp\/v2\/product_brand?post=195"},{"taxonomy":"product_cat","embeddable":true,"href":"https:\/\/oroandoro.co\/fr\/wp-json\/wp\/v2\/product_cat?post=195"},{"taxonomy":"product_tag","embeddable":true,"href":"https:\/\/oroandoro.co\/fr\/wp-json\/wp\/v2\/product_tag?post=195"},{"taxonomy":"kleur","embeddable":true,"href":"https:\/\/oroandoro.co\/fr\/wp-json\/wp\/v2\/kleur?post=195"}],"curies":[{"name":"wp","href":"https:\/\/api.w.org\/{rel}","templated":true}]}}