{"id":194,"date":"2021-08-16T12:53:15","date_gmt":"2021-08-16T10:53:15","guid":{"rendered":"https:\/\/oroandoro.co\/?post_type=product&#038;p=194"},"modified":"2026-03-16T14:27:26","modified_gmt":"2026-03-16T13:27:26","slug":"ombra-zwart","status":"publish","type":"product","link":"https:\/\/oroandoro.co\/fr\/product\/ombra-zwart\/","title":{"rendered":"OMBRA"},"content":{"rendered":"<p>Si l&#039;on devait consid\u00e9rer les \u00e9l\u00e9ments d&#039;une pi\u00e8ce comme des bijoux, la poign\u00e9e Ombra serait le joyau absolu de la couronne.<\/p>\n<p>Une belle \u0153uvre de design moderne, \u00e0 la fois apaisante pour la main et un compl\u00e9ment parfait qui compl\u00e8te le look moderne de tout int\u00e9rieur et donne \u00e0 toute entr\u00e9e un aspect frais et dynamique.<\/p>\n<p>Existe aussi en sublime titane.<\/p>","protected":false},"excerpt":{"rendered":"<p>Als men de elementen van een kamer als sieraden zou beschouwen, dan zou de Ombra handgreep het absolute kroonjuweel zijn. Een prachtig werk van modern design, zowel rustgevend in de hand als een perfecte aanvulling die de moderne look van elk interieur voltooit en elke ingang een frisse en levendige uitstraling geeft. Ook verkrijgbaar in [&hellip;]<\/p>\n","protected":false},"featured_media":2328,"template":"","meta":{"_acf_changed":false},"product_brand":[],"product_cat":[34],"product_tag":[],"kleur":[32],"class_list":{"0":"post-194","1":"product","2":"type-product","3":"status-publish","4":"has-post-thumbnail","6":"product_cat-klinken-deurbeslag","7":"kleur-zwart","9":"first","10":"instock","11":"purchasable","12":"product-type-variable","13":"has-default-attributes"},"acf":[],"_links":{"self":[{"href":"https:\/\/oroandoro.co\/fr\/wp-json\/wp\/v2\/product\/194","targetHints":{"allow":["GET"]}}],"collection":[{"href":"https:\/\/oroandoro.co\/fr\/wp-json\/wp\/v2\/product"}],"about":[{"href":"https:\/\/oroandoro.co\/fr\/wp-json\/wp\/v2\/types\/product"}],"wp:featuredmedia":[{"embeddable":true,"href":"https:\/\/oroandoro.co\/fr\/wp-json\/wp\/v2\/media\/2328"}],"wp:attachment":[{"href":"https:\/\/oroandoro.co\/fr\/wp-json\/wp\/v2\/media?parent=194"}],"wp:term":[{"taxonomy":"product_brand","embeddable":true,"href":"https:\/\/oroandoro.co\/fr\/wp-json\/wp\/v2\/product_brand?post=194"},{"taxonomy":"product_cat","embeddable":true,"href":"https:\/\/oroandoro.co\/fr\/wp-json\/wp\/v2\/product_cat?post=194"},{"taxonomy":"product_tag","embeddable":true,"href":"https:\/\/oroandoro.co\/fr\/wp-json\/wp\/v2\/product_tag?post=194"},{"taxonomy":"kleur","embeddable":true,"href":"https:\/\/oroandoro.co\/fr\/wp-json\/wp\/v2\/kleur?post=194"}],"curies":[{"name":"wp","href":"https:\/\/api.w.org\/{rel}","templated":true}]}}