{"id":193,"date":"2021-08-16T12:53:15","date_gmt":"2021-08-16T10:53:15","guid":{"rendered":"https:\/\/oroandoro.co\/?post_type=product&#038;p=193"},"modified":"2026-03-16T14:27:27","modified_gmt":"2026-03-16T13:27:27","slug":"lupa-titanium","status":"publish","type":"product","link":"https:\/\/oroandoro.co\/fr\/product\/lupa-titanium\/","title":{"rendered":"LUPA"},"content":{"rendered":"<p>La poign\u00e9e Lupa a une forme fluide naturelle sp\u00e9cialement con\u00e7ue comme un m\u00e9lange entre classique et raffin\u00e9, inspir\u00e9e par les courbes d'une vigne.<\/p>\n<p>Toute personne entrant dans une porte avec le Lupa est accueillie avec une prise confortable et douce qui est agr\u00e9able \u00e0 tenir, tout en s'adaptant agr\u00e9ablement comme une \u0153uvre d'art pour compl\u00e9ter le design de n'importe quelle pi\u00e8ce.<\/p>","protected":false},"excerpt":{"rendered":"<p>De Lupa \u00a0heeft een natuurlijke, vrij vloeiende vorm die speciaal is vormgegeven als een mix tussen een klassiek en verfijnd ontwerp dat is ge\u00efnspireerd op de welvingen van een wijnstok. Iedereen die een deur binnengaat met de Lupa wordt begroet met een comfortabele en zachte grip die prettig is om vast te houden, terwijl het [&hellip;]<\/p>\n","protected":false},"featured_media":304,"template":"","meta":{"_acf_changed":false},"product_brand":[],"product_cat":[34],"product_tag":[],"kleur":[30],"class_list":{"0":"post-193","1":"product","2":"type-product","3":"status-publish","4":"has-post-thumbnail","6":"product_cat-klinken-deurbeslag","7":"kleur-titanium","9":"first","10":"instock","11":"purchasable","12":"product-type-variable","13":"has-default-attributes"},"acf":[],"_links":{"self":[{"href":"https:\/\/oroandoro.co\/fr\/wp-json\/wp\/v2\/product\/193","targetHints":{"allow":["GET"]}}],"collection":[{"href":"https:\/\/oroandoro.co\/fr\/wp-json\/wp\/v2\/product"}],"about":[{"href":"https:\/\/oroandoro.co\/fr\/wp-json\/wp\/v2\/types\/product"}],"wp:featuredmedia":[{"embeddable":true,"href":"https:\/\/oroandoro.co\/fr\/wp-json\/wp\/v2\/media\/304"}],"wp:attachment":[{"href":"https:\/\/oroandoro.co\/fr\/wp-json\/wp\/v2\/media?parent=193"}],"wp:term":[{"taxonomy":"product_brand","embeddable":true,"href":"https:\/\/oroandoro.co\/fr\/wp-json\/wp\/v2\/product_brand?post=193"},{"taxonomy":"product_cat","embeddable":true,"href":"https:\/\/oroandoro.co\/fr\/wp-json\/wp\/v2\/product_cat?post=193"},{"taxonomy":"product_tag","embeddable":true,"href":"https:\/\/oroandoro.co\/fr\/wp-json\/wp\/v2\/product_tag?post=193"},{"taxonomy":"kleur","embeddable":true,"href":"https:\/\/oroandoro.co\/fr\/wp-json\/wp\/v2\/kleur?post=193"}],"curies":[{"name":"wp","href":"https:\/\/api.w.org\/{rel}","templated":true}]}}