{"id":191,"date":"2021-08-16T12:53:15","date_gmt":"2021-08-16T10:53:15","guid":{"rendered":"https:\/\/oroandoro.co\/?post_type=product&#038;p=191"},"modified":"2026-03-16T14:27:29","modified_gmt":"2026-03-16T13:27:29","slug":"morpheus-nikkel","status":"publish","type":"product","link":"https:\/\/oroandoro.co\/fr\/product\/morpheus-nikkel\/","title":{"rendered":"MORPHEUS"},"content":{"rendered":"<p>Fabriqu\u00e9e dans un style robuste authentique, la poign\u00e9e Morpheus est le compl\u00e9ment parfait ajoutant un caract\u00e8re audacieux et m\u00e9morable \u00e0 n&#039;importe quel d\u00e9cor.<\/p>\n<p>Morpheus n&#039;est pas seulement beau; il vous donne confiance lorsque vous le tenez pour ouvrir une porte.<\/p>\n<p>Si vous recherchez une poign\u00e9e moderne et puissante\u00a0!<\/p>","protected":false},"excerpt":{"rendered":"<p>Fabriqu\u00e9e dans un style authentique et robuste, la poign\u00e9e Morpheus est le compl\u00e9ment parfait, ajoutant un caract\u00e8re audacieux et inoubliable \u00e0 n&#039;importe quel d\u00e9cor. Morpheus n&#039;a pas seulement l&#039;air bien ; cela vous donne confiance lorsque vous le tenez pour ouvrir une porte. Si vous recherchez un loquet moderne et puissant !<\/p>","protected":false},"featured_media":294,"template":"","meta":{"_acf_changed":false},"product_brand":[],"product_cat":[34],"product_tag":[],"kleur":[28],"class_list":{"0":"post-191","1":"product","2":"type-product","3":"status-publish","4":"has-post-thumbnail","6":"product_cat-klinken-deurbeslag","7":"kleur-nikkel","9":"first","10":"instock","11":"purchasable","12":"product-type-variable","13":"has-default-attributes"},"acf":[],"_links":{"self":[{"href":"https:\/\/oroandoro.co\/fr\/wp-json\/wp\/v2\/product\/191","targetHints":{"allow":["GET"]}}],"collection":[{"href":"https:\/\/oroandoro.co\/fr\/wp-json\/wp\/v2\/product"}],"about":[{"href":"https:\/\/oroandoro.co\/fr\/wp-json\/wp\/v2\/types\/product"}],"wp:featuredmedia":[{"embeddable":true,"href":"https:\/\/oroandoro.co\/fr\/wp-json\/wp\/v2\/media\/294"}],"wp:attachment":[{"href":"https:\/\/oroandoro.co\/fr\/wp-json\/wp\/v2\/media?parent=191"}],"wp:term":[{"taxonomy":"product_brand","embeddable":true,"href":"https:\/\/oroandoro.co\/fr\/wp-json\/wp\/v2\/product_brand?post=191"},{"taxonomy":"product_cat","embeddable":true,"href":"https:\/\/oroandoro.co\/fr\/wp-json\/wp\/v2\/product_cat?post=191"},{"taxonomy":"product_tag","embeddable":true,"href":"https:\/\/oroandoro.co\/fr\/wp-json\/wp\/v2\/product_tag?post=191"},{"taxonomy":"kleur","embeddable":true,"href":"https:\/\/oroandoro.co\/fr\/wp-json\/wp\/v2\/kleur?post=191"}],"curies":[{"name":"wp","href":"https:\/\/api.w.org\/{rel}","templated":true}]}}