{"id":190,"date":"2021-08-16T12:53:15","date_gmt":"2021-08-16T10:53:15","guid":{"rendered":"https:\/\/oroandoro.co\/?post_type=product&#038;p=190"},"modified":"2026-03-16T14:27:25","modified_gmt":"2026-03-16T13:27:25","slug":"morpheus-zwart","status":"publish","type":"product","link":"https:\/\/oroandoro.co\/fr\/product\/morpheus-zwart\/","title":{"rendered":"MORPHEUS"},"content":{"rendered":"<p>Fabriqu\u00e9e dans un style robuste authentique, la poign\u00e9e Morpheus est le compl\u00e9ment parfait ajoutant un caract\u00e8re audacieux et m\u00e9morable \u00e0 n&#039;importe quel d\u00e9cor.<\/p>\n<p>Morpheus n&#039;est pas seulement beau; il vous donne confiance lorsque vous le tenez pour ouvrir une porte.<\/p>","protected":false},"excerpt":{"rendered":"<p>Fabriqu\u00e9e dans un style authentique et robuste, la poign\u00e9e Morpheus est le compl\u00e9ment parfait, ajoutant un caract\u00e8re audacieux et inoubliable \u00e0 n&#039;importe quel d\u00e9cor. Morpheus n&#039;a pas seulement l&#039;air beau ; cela vous donne confiance lorsque vous le tenez pour ouvrir une porte.<\/p>","protected":false},"featured_media":289,"template":"","meta":{"_acf_changed":false},"product_brand":[],"product_cat":[34],"product_tag":[],"kleur":[32],"class_list":{"0":"post-190","1":"product","2":"type-product","3":"status-publish","4":"has-post-thumbnail","6":"product_cat-klinken-deurbeslag","7":"kleur-zwart","9":"first","10":"instock","11":"purchasable","12":"product-type-variable","13":"has-default-attributes"},"acf":[],"_links":{"self":[{"href":"https:\/\/oroandoro.co\/fr\/wp-json\/wp\/v2\/product\/190","targetHints":{"allow":["GET"]}}],"collection":[{"href":"https:\/\/oroandoro.co\/fr\/wp-json\/wp\/v2\/product"}],"about":[{"href":"https:\/\/oroandoro.co\/fr\/wp-json\/wp\/v2\/types\/product"}],"wp:featuredmedia":[{"embeddable":true,"href":"https:\/\/oroandoro.co\/fr\/wp-json\/wp\/v2\/media\/289"}],"wp:attachment":[{"href":"https:\/\/oroandoro.co\/fr\/wp-json\/wp\/v2\/media?parent=190"}],"wp:term":[{"taxonomy":"product_brand","embeddable":true,"href":"https:\/\/oroandoro.co\/fr\/wp-json\/wp\/v2\/product_brand?post=190"},{"taxonomy":"product_cat","embeddable":true,"href":"https:\/\/oroandoro.co\/fr\/wp-json\/wp\/v2\/product_cat?post=190"},{"taxonomy":"product_tag","embeddable":true,"href":"https:\/\/oroandoro.co\/fr\/wp-json\/wp\/v2\/product_tag?post=190"},{"taxonomy":"kleur","embeddable":true,"href":"https:\/\/oroandoro.co\/fr\/wp-json\/wp\/v2\/kleur?post=190"}],"curies":[{"name":"wp","href":"https:\/\/api.w.org\/{rel}","templated":true}]}}