{"id":189,"date":"2021-08-16T12:53:15","date_gmt":"2021-08-16T10:53:15","guid":{"rendered":"https:\/\/oroandoro.co\/?post_type=product&#038;p=189"},"modified":"2026-03-16T14:27:29","modified_gmt":"2026-03-16T13:27:29","slug":"oceana-titanium","status":"publish","type":"product","link":"https:\/\/oroandoro.co\/fr\/product\/oceana-titanium\/","title":{"rendered":"OCEANA"},"content":{"rendered":"<p>Inspir\u00e9e des vagues relaxantes de la mer, la poign\u00e9e Oceana est un mod\u00e8le sp\u00e9cial qui ajoute une touche apaisante et une atmosph\u00e8re paisible \u00e0 n'importe quelle pi\u00e8ce.<\/p>","protected":false},"excerpt":{"rendered":"<p>Inspir\u00e9e des vagues relaxantes de la mer, la poign\u00e9e Oceana est un mod\u00e8le sp\u00e9cial qui ajoute une touche apaisante et une atmosph\u00e8re paisible \u00e0 n'importe quelle pi\u00e8ce.<\/p>","protected":false},"featured_media":286,"template":"","meta":{"_acf_changed":false},"product_brand":[],"product_cat":[34],"product_tag":[],"kleur":[30],"class_list":{"0":"post-189","1":"product","2":"type-product","3":"status-publish","4":"has-post-thumbnail","6":"product_cat-klinken-deurbeslag","7":"kleur-titanium","9":"first","10":"instock","11":"purchasable","12":"product-type-variable","13":"has-default-attributes"},"acf":[],"_links":{"self":[{"href":"https:\/\/oroandoro.co\/fr\/wp-json\/wp\/v2\/product\/189","targetHints":{"allow":["GET"]}}],"collection":[{"href":"https:\/\/oroandoro.co\/fr\/wp-json\/wp\/v2\/product"}],"about":[{"href":"https:\/\/oroandoro.co\/fr\/wp-json\/wp\/v2\/types\/product"}],"wp:featuredmedia":[{"embeddable":true,"href":"https:\/\/oroandoro.co\/fr\/wp-json\/wp\/v2\/media\/286"}],"wp:attachment":[{"href":"https:\/\/oroandoro.co\/fr\/wp-json\/wp\/v2\/media?parent=189"}],"wp:term":[{"taxonomy":"product_brand","embeddable":true,"href":"https:\/\/oroandoro.co\/fr\/wp-json\/wp\/v2\/product_brand?post=189"},{"taxonomy":"product_cat","embeddable":true,"href":"https:\/\/oroandoro.co\/fr\/wp-json\/wp\/v2\/product_cat?post=189"},{"taxonomy":"product_tag","embeddable":true,"href":"https:\/\/oroandoro.co\/fr\/wp-json\/wp\/v2\/product_tag?post=189"},{"taxonomy":"kleur","embeddable":true,"href":"https:\/\/oroandoro.co\/fr\/wp-json\/wp\/v2\/kleur?post=189"}],"curies":[{"name":"wp","href":"https:\/\/api.w.org\/{rel}","templated":true}]}}