{"id":187,"date":"2021-08-16T12:53:15","date_gmt":"2021-08-16T10:53:15","guid":{"rendered":"https:\/\/oroandoro.co\/?post_type=product&#038;p=187"},"modified":"2026-03-16T14:27:28","modified_gmt":"2026-03-16T13:27:28","slug":"ombra-titanium","status":"publish","type":"product","link":"https:\/\/oroandoro.co\/fr\/product\/ombra-titanium\/","title":{"rendered":"OMBRA"},"content":{"rendered":"<p>Si l&#039;on devait consid\u00e9rer les \u00e9l\u00e9ments d&#039;une pi\u00e8ce comme des bijoux, la poign\u00e9e Ombra serait le joyau absolu de la couronne.<\/p>\n<p>Une belle \u0153uvre de design moderne, \u00e0 la fois apaisante pour la main et un compl\u00e9ment parfait qui compl\u00e8te le look moderne de tout int\u00e9rieur et donne \u00e0 toute entr\u00e9e un aspect frais et dynamique.<\/p>","protected":false},"excerpt":{"rendered":"<p>Si l\u2019on devait consid\u00e9rer les \u00e9l\u00e9ments d\u2019une pi\u00e8ce comme des bijoux, la poign\u00e9e Ombra serait le joyau absolu de la couronne. Une belle \u0153uvre de design moderne, \u00e0 la fois apaisante dans la main et un compl\u00e9ment parfait qui compl\u00e8te le look moderne de n&#039;importe quel int\u00e9rieur et donne \u00e0 n&#039;importe quelle entr\u00e9e un look frais et dynamique.<\/p>","protected":false},"featured_media":276,"template":"","meta":{"_acf_changed":false},"product_brand":[],"product_cat":[34],"product_tag":[],"kleur":[30],"class_list":{"0":"post-187","1":"product","2":"type-product","3":"status-publish","4":"has-post-thumbnail","6":"product_cat-klinken-deurbeslag","7":"kleur-titanium","9":"first","10":"instock","11":"purchasable","12":"product-type-variable","13":"has-default-attributes"},"acf":[],"_links":{"self":[{"href":"https:\/\/oroandoro.co\/fr\/wp-json\/wp\/v2\/product\/187","targetHints":{"allow":["GET"]}}],"collection":[{"href":"https:\/\/oroandoro.co\/fr\/wp-json\/wp\/v2\/product"}],"about":[{"href":"https:\/\/oroandoro.co\/fr\/wp-json\/wp\/v2\/types\/product"}],"wp:featuredmedia":[{"embeddable":true,"href":"https:\/\/oroandoro.co\/fr\/wp-json\/wp\/v2\/media\/276"}],"wp:attachment":[{"href":"https:\/\/oroandoro.co\/fr\/wp-json\/wp\/v2\/media?parent=187"}],"wp:term":[{"taxonomy":"product_brand","embeddable":true,"href":"https:\/\/oroandoro.co\/fr\/wp-json\/wp\/v2\/product_brand?post=187"},{"taxonomy":"product_cat","embeddable":true,"href":"https:\/\/oroandoro.co\/fr\/wp-json\/wp\/v2\/product_cat?post=187"},{"taxonomy":"product_tag","embeddable":true,"href":"https:\/\/oroandoro.co\/fr\/wp-json\/wp\/v2\/product_tag?post=187"},{"taxonomy":"kleur","embeddable":true,"href":"https:\/\/oroandoro.co\/fr\/wp-json\/wp\/v2\/kleur?post=187"}],"curies":[{"name":"wp","href":"https:\/\/api.w.org\/{rel}","templated":true}]}}