{"id":186,"date":"2021-08-16T12:53:14","date_gmt":"2021-08-16T10:53:14","guid":{"rendered":"https:\/\/oroandoro.co\/?post_type=product&#038;p=186"},"modified":"2026-03-16T14:27:32","modified_gmt":"2026-03-16T13:27:32","slug":"ottica-nikkel","status":"publish","type":"product","link":"https:\/\/oroandoro.co\/fr\/product\/ottica-nikkel\/","title":{"rendered":"OTTICA"},"content":{"rendered":"<p>La poign\u00e9e \u00ab\u00a0Ottica\u00a0\u00bb est l&#039;exemple parfait d&#039;un design industriel robuste avec une touche de style. M\u00eame sans le regarder directement, au moment o\u00f9 vous saisissez l&#039;&quot;Ottica&quot; pour ouvrir une porte, vous ressentez imm\u00e9diatement sa perfection et sa prise en main confortable.<\/p>","protected":false},"excerpt":{"rendered":"<p>La poign\u00e9e \u00ab\u00a0Ottica\u00a0\u00bb est l&#039;exemple parfait d&#039;un design industriel robuste avec une touche de style. M\u00eame sans le regarder directement, au moment o\u00f9 vous saisissez l&#039;&quot;Ottica&quot; pour ouvrir une porte, vous ressentez imm\u00e9diatement sa perfection et sa prise en main confortable.<\/p>","protected":false},"featured_media":273,"template":"","meta":{"_acf_changed":false},"product_brand":[],"product_cat":[34],"product_tag":[],"kleur":[28],"class_list":{"0":"post-186","1":"product","2":"type-product","3":"status-publish","4":"has-post-thumbnail","6":"product_cat-klinken-deurbeslag","7":"kleur-nikkel","9":"first","10":"instock","11":"purchasable","12":"product-type-variable","13":"has-default-attributes"},"acf":[],"_links":{"self":[{"href":"https:\/\/oroandoro.co\/fr\/wp-json\/wp\/v2\/product\/186","targetHints":{"allow":["GET"]}}],"collection":[{"href":"https:\/\/oroandoro.co\/fr\/wp-json\/wp\/v2\/product"}],"about":[{"href":"https:\/\/oroandoro.co\/fr\/wp-json\/wp\/v2\/types\/product"}],"wp:featuredmedia":[{"embeddable":true,"href":"https:\/\/oroandoro.co\/fr\/wp-json\/wp\/v2\/media\/273"}],"wp:attachment":[{"href":"https:\/\/oroandoro.co\/fr\/wp-json\/wp\/v2\/media?parent=186"}],"wp:term":[{"taxonomy":"product_brand","embeddable":true,"href":"https:\/\/oroandoro.co\/fr\/wp-json\/wp\/v2\/product_brand?post=186"},{"taxonomy":"product_cat","embeddable":true,"href":"https:\/\/oroandoro.co\/fr\/wp-json\/wp\/v2\/product_cat?post=186"},{"taxonomy":"product_tag","embeddable":true,"href":"https:\/\/oroandoro.co\/fr\/wp-json\/wp\/v2\/product_tag?post=186"},{"taxonomy":"kleur","embeddable":true,"href":"https:\/\/oroandoro.co\/fr\/wp-json\/wp\/v2\/kleur?post=186"}],"curies":[{"name":"wp","href":"https:\/\/api.w.org\/{rel}","templated":true}]}}