{"id":185,"date":"2021-08-16T12:53:14","date_gmt":"2021-08-16T10:53:14","guid":{"rendered":"https:\/\/oroandoro.co\/?post_type=product&#038;p=185"},"modified":"2026-03-16T14:27:34","modified_gmt":"2026-03-16T13:27:34","slug":"pisa-tin","status":"publish","type":"product","link":"https:\/\/oroandoro.co\/fr\/product\/pisa-tin\/","title":{"rendered":"PISA"},"content":{"rendered":"<p>La poign\u00e9e Pisa combine \u00e9l\u00e9gamment le style r\u00e9tro avec une touche moderne et est un exemple parfait de diff\u00e9rents styles qui se m\u00e9langent pour cr\u00e9er quelque chose de compl\u00e8tement nouveau et d'une beaut\u00e9 unique.<\/p>\n<p>\u00c9galement disponible en nickel moderne.<\/p>","protected":false},"excerpt":{"rendered":"<p>Combinant \u00e9l\u00e9gamment un style r\u00e9tro avec une touche moderne, la poign\u00e9e Pisa est un exemple parfait de diff\u00e9rents styles m\u00e9lang\u00e9s pour cr\u00e9er quelque chose de compl\u00e8tement nouveau et d&#039;une beaut\u00e9 unique. \u00c9galement disponible en nickel moderne.<\/p>","protected":false},"featured_media":270,"template":"","meta":{"_acf_changed":false},"product_brand":[],"product_cat":[34],"product_tag":[],"kleur":[29],"class_list":{"0":"post-185","1":"product","2":"type-product","3":"status-publish","4":"has-post-thumbnail","6":"product_cat-klinken-deurbeslag","7":"kleur-tin","9":"first","10":"instock","11":"purchasable","12":"product-type-variable","13":"has-default-attributes"},"acf":[],"_links":{"self":[{"href":"https:\/\/oroandoro.co\/fr\/wp-json\/wp\/v2\/product\/185","targetHints":{"allow":["GET"]}}],"collection":[{"href":"https:\/\/oroandoro.co\/fr\/wp-json\/wp\/v2\/product"}],"about":[{"href":"https:\/\/oroandoro.co\/fr\/wp-json\/wp\/v2\/types\/product"}],"wp:featuredmedia":[{"embeddable":true,"href":"https:\/\/oroandoro.co\/fr\/wp-json\/wp\/v2\/media\/270"}],"wp:attachment":[{"href":"https:\/\/oroandoro.co\/fr\/wp-json\/wp\/v2\/media?parent=185"}],"wp:term":[{"taxonomy":"product_brand","embeddable":true,"href":"https:\/\/oroandoro.co\/fr\/wp-json\/wp\/v2\/product_brand?post=185"},{"taxonomy":"product_cat","embeddable":true,"href":"https:\/\/oroandoro.co\/fr\/wp-json\/wp\/v2\/product_cat?post=185"},{"taxonomy":"product_tag","embeddable":true,"href":"https:\/\/oroandoro.co\/fr\/wp-json\/wp\/v2\/product_tag?post=185"},{"taxonomy":"kleur","embeddable":true,"href":"https:\/\/oroandoro.co\/fr\/wp-json\/wp\/v2\/kleur?post=185"}],"curies":[{"name":"wp","href":"https:\/\/api.w.org\/{rel}","templated":true}]}}