{"id":183,"date":"2021-08-16T12:53:14","date_gmt":"2021-08-16T10:53:14","guid":{"rendered":"https:\/\/oroandoro.co\/?post_type=product&#038;p=183"},"modified":"2026-03-16T14:27:32","modified_gmt":"2026-03-16T13:27:32","slug":"quattro-nikkel","status":"publish","type":"product","link":"https:\/\/oroandoro.co\/fr\/product\/quattro-nikkel\/","title":{"rendered":"QUATTRO"},"content":{"rendered":"<p>Quand simplicit\u00e9 et praticit\u00e9 se croisent, la poign\u00e9e Quattro est n\u00e9e. Le Quattro a la conception de poign\u00e9e habituelle et combine la gr\u00e2ce avec une touche industrielle moderne qui est \u00e0 la fois confortable dans la main et ajoute une sensation de confort \u00e0 tous les styles et conceptions de pi\u00e8ces.<\/p>","protected":false},"excerpt":{"rendered":"<p>Quand simplicit\u00e9 et praticit\u00e9 se croisent, la poign\u00e9e Quattro est n\u00e9e. Le Quattro a la conception de poign\u00e9e habituelle et combine la gr\u00e2ce avec une touche industrielle moderne qui est \u00e0 la fois confortable dans la main et ajoute une sensation de confort \u00e0 tous les styles et conceptions de pi\u00e8ces.<\/p>","protected":false},"featured_media":261,"template":"","meta":{"_acf_changed":false},"product_brand":[],"product_cat":[34],"product_tag":[],"kleur":[28],"class_list":{"0":"post-183","1":"product","2":"type-product","3":"status-publish","4":"has-post-thumbnail","6":"product_cat-klinken-deurbeslag","7":"kleur-nikkel","9":"first","10":"instock","11":"purchasable","12":"product-type-variable","13":"has-default-attributes"},"acf":[],"_links":{"self":[{"href":"https:\/\/oroandoro.co\/fr\/wp-json\/wp\/v2\/product\/183","targetHints":{"allow":["GET"]}}],"collection":[{"href":"https:\/\/oroandoro.co\/fr\/wp-json\/wp\/v2\/product"}],"about":[{"href":"https:\/\/oroandoro.co\/fr\/wp-json\/wp\/v2\/types\/product"}],"wp:featuredmedia":[{"embeddable":true,"href":"https:\/\/oroandoro.co\/fr\/wp-json\/wp\/v2\/media\/261"}],"wp:attachment":[{"href":"https:\/\/oroandoro.co\/fr\/wp-json\/wp\/v2\/media?parent=183"}],"wp:term":[{"taxonomy":"product_brand","embeddable":true,"href":"https:\/\/oroandoro.co\/fr\/wp-json\/wp\/v2\/product_brand?post=183"},{"taxonomy":"product_cat","embeddable":true,"href":"https:\/\/oroandoro.co\/fr\/wp-json\/wp\/v2\/product_cat?post=183"},{"taxonomy":"product_tag","embeddable":true,"href":"https:\/\/oroandoro.co\/fr\/wp-json\/wp\/v2\/product_tag?post=183"},{"taxonomy":"kleur","embeddable":true,"href":"https:\/\/oroandoro.co\/fr\/wp-json\/wp\/v2\/kleur?post=183"}],"curies":[{"name":"wp","href":"https:\/\/api.w.org\/{rel}","templated":true}]}}