{"id":182,"date":"2021-08-16T12:53:14","date_gmt":"2021-08-16T10:53:14","guid":{"rendered":"https:\/\/oroandoro.co\/?post_type=product&#038;p=182"},"modified":"2026-03-16T14:27:26","modified_gmt":"2026-03-16T13:27:26","slug":"kaya-zwart","status":"publish","type":"product","link":"https:\/\/oroandoro.co\/fr\/product\/kaya-zwart\/","title":{"rendered":"KAYA"},"content":{"rendered":"<p>La poign\u00e9e de Kaya ajoute non seulement une touche de vie aux d\u00e9corations int\u00e9rieures, elle donne \u00e9galement une sensation de confort et de chaleur qui rassemble vraiment tout comme s'il s'agissait de la touche finale d'un artiste pour compl\u00e9ter la beaut\u00e9 d'une pi\u00e8ce.<\/p>","protected":false},"excerpt":{"rendered":"<p>La poign\u00e9e de Kaya ajoute non seulement une touche de vie aux d\u00e9corations int\u00e9rieures, elle donne \u00e9galement une sensation de confort et de chaleur qui rassemble vraiment tout comme s'il s'agissait de la touche finale d'un artiste pour compl\u00e9ter la beaut\u00e9 d'une pi\u00e8ce.<\/p>","protected":false},"featured_media":257,"template":"","meta":{"_acf_changed":false},"product_brand":[],"product_cat":[34],"product_tag":[],"kleur":[32],"class_list":{"0":"post-182","1":"product","2":"type-product","3":"status-publish","4":"has-post-thumbnail","6":"product_cat-klinken-deurbeslag","7":"product_shipping_class-deurbeslag","8":"kleur-zwart","10":"first","11":"instock","12":"purchasable","13":"product-type-variable","14":"has-default-attributes"},"acf":[],"_links":{"self":[{"href":"https:\/\/oroandoro.co\/fr\/wp-json\/wp\/v2\/product\/182","targetHints":{"allow":["GET"]}}],"collection":[{"href":"https:\/\/oroandoro.co\/fr\/wp-json\/wp\/v2\/product"}],"about":[{"href":"https:\/\/oroandoro.co\/fr\/wp-json\/wp\/v2\/types\/product"}],"wp:featuredmedia":[{"embeddable":true,"href":"https:\/\/oroandoro.co\/fr\/wp-json\/wp\/v2\/media\/257"}],"wp:attachment":[{"href":"https:\/\/oroandoro.co\/fr\/wp-json\/wp\/v2\/media?parent=182"}],"wp:term":[{"taxonomy":"product_brand","embeddable":true,"href":"https:\/\/oroandoro.co\/fr\/wp-json\/wp\/v2\/product_brand?post=182"},{"taxonomy":"product_cat","embeddable":true,"href":"https:\/\/oroandoro.co\/fr\/wp-json\/wp\/v2\/product_cat?post=182"},{"taxonomy":"product_tag","embeddable":true,"href":"https:\/\/oroandoro.co\/fr\/wp-json\/wp\/v2\/product_tag?post=182"},{"taxonomy":"kleur","embeddable":true,"href":"https:\/\/oroandoro.co\/fr\/wp-json\/wp\/v2\/kleur?post=182"}],"curies":[{"name":"wp","href":"https:\/\/api.w.org\/{rel}","templated":true}]}}