{"id":181,"date":"2021-08-16T12:53:14","date_gmt":"2021-08-16T10:53:14","guid":{"rendered":"https:\/\/oroandoro.co\/?post_type=product&#038;p=181"},"modified":"2026-03-16T14:27:32","modified_gmt":"2026-03-16T13:27:32","slug":"rafaella-nikkel","status":"publish","type":"product","link":"https:\/\/oroandoro.co\/fr\/product\/rafaella-nikkel\/","title":{"rendered":"RAFAELLA"},"content":{"rendered":"<p>Inspir\u00e9e des \u00e9l\u00e9ments de l'ameublement v\u00e9nitien, la poign\u00e9e de Rafaella capture l'essence du design classique de la Renaissance avec ses sculptures uniques qui lui donnent une touche de vie. Ce loquet se courbe gracieusement pour former la poign\u00e9e, le faisant ressembler \u00e0 une ic\u00f4ne de la beaut\u00e9 avec un look classique.<\/p>","protected":false},"excerpt":{"rendered":"<p>Inspir\u00e9e des \u00e9l\u00e9ments de l'ameublement v\u00e9nitien, la poign\u00e9e de Rafaella capture l'essence du design classique de la Renaissance avec ses sculptures uniques qui lui donnent une touche de vie. Ce loquet se courbe gracieusement pour former la poign\u00e9e, le faisant ressembler \u00e0 une ic\u00f4ne de la beaut\u00e9 avec un look classique.<\/p>","protected":false},"featured_media":254,"template":"","meta":{"_acf_changed":false},"product_brand":[],"product_cat":[34],"product_tag":[],"kleur":[28],"class_list":{"0":"post-181","1":"product","2":"type-product","3":"status-publish","4":"has-post-thumbnail","6":"product_cat-klinken-deurbeslag","7":"kleur-nikkel","9":"first","10":"instock","11":"purchasable","12":"product-type-variable","13":"has-default-attributes"},"acf":[],"_links":{"self":[{"href":"https:\/\/oroandoro.co\/fr\/wp-json\/wp\/v2\/product\/181","targetHints":{"allow":["GET"]}}],"collection":[{"href":"https:\/\/oroandoro.co\/fr\/wp-json\/wp\/v2\/product"}],"about":[{"href":"https:\/\/oroandoro.co\/fr\/wp-json\/wp\/v2\/types\/product"}],"wp:featuredmedia":[{"embeddable":true,"href":"https:\/\/oroandoro.co\/fr\/wp-json\/wp\/v2\/media\/254"}],"wp:attachment":[{"href":"https:\/\/oroandoro.co\/fr\/wp-json\/wp\/v2\/media?parent=181"}],"wp:term":[{"taxonomy":"product_brand","embeddable":true,"href":"https:\/\/oroandoro.co\/fr\/wp-json\/wp\/v2\/product_brand?post=181"},{"taxonomy":"product_cat","embeddable":true,"href":"https:\/\/oroandoro.co\/fr\/wp-json\/wp\/v2\/product_cat?post=181"},{"taxonomy":"product_tag","embeddable":true,"href":"https:\/\/oroandoro.co\/fr\/wp-json\/wp\/v2\/product_tag?post=181"},{"taxonomy":"kleur","embeddable":true,"href":"https:\/\/oroandoro.co\/fr\/wp-json\/wp\/v2\/kleur?post=181"}],"curies":[{"name":"wp","href":"https:\/\/api.w.org\/{rel}","templated":true}]}}