{"id":180,"date":"2021-08-16T12:53:14","date_gmt":"2021-08-16T10:53:14","guid":{"rendered":"https:\/\/oroandoro.co\/?post_type=product&#038;p=180"},"modified":"2026-03-16T14:27:29","modified_gmt":"2026-03-16T13:27:29","slug":"skywalker-nikkel","status":"publish","type":"product","link":"https:\/\/oroandoro.co\/fr\/product\/skywalker-nikkel\/","title":{"rendered":"SKYWALKER"},"content":{"rendered":"<p>La poign\u00e9e Skywalker repousse les limites de l&#039;ordinaire et a un look tr\u00e8s unique qui s&#039;inspire des th\u00e8mes de la science-fiction avec une touche brute. Skywalker conf\u00e8re \u00e0 chaque entr\u00e9e un caract\u00e8re high-tech et moderniste qui laissera bouche b\u00e9e quiconque franchira une porte.<\/p>\n<p>Apporte force et \u00e9l\u00e9gance sublime \u00e0 votre int\u00e9rieur !<\/p>\n<p>&nbsp;<\/p>","protected":false},"excerpt":{"rendered":"<p>De Skywalker handgreep verlegt de grenzen van het gewone en heeft een zeer unieke uitstraling die inspiratie haalt uit sciencefiction-thema&#8217;s met een ruige twist. Skywalker geeft elke ingang een hightech en modernistisch karakter waardoor iedereen die langs een deur loopt zeer onder de indruk is. Voegt kracht en sublieme elegantie toe aan uw interieur ! [&hellip;]<\/p>\n","protected":false},"featured_media":248,"template":"","meta":{"_acf_changed":false},"product_brand":[],"product_cat":[34],"product_tag":[],"kleur":[28],"class_list":{"0":"post-180","1":"product","2":"type-product","3":"status-publish","4":"has-post-thumbnail","6":"product_cat-klinken-deurbeslag","7":"kleur-nikkel","9":"first","10":"instock","11":"purchasable","12":"product-type-variable","13":"has-default-attributes"},"acf":[],"_links":{"self":[{"href":"https:\/\/oroandoro.co\/fr\/wp-json\/wp\/v2\/product\/180","targetHints":{"allow":["GET"]}}],"collection":[{"href":"https:\/\/oroandoro.co\/fr\/wp-json\/wp\/v2\/product"}],"about":[{"href":"https:\/\/oroandoro.co\/fr\/wp-json\/wp\/v2\/types\/product"}],"wp:featuredmedia":[{"embeddable":true,"href":"https:\/\/oroandoro.co\/fr\/wp-json\/wp\/v2\/media\/248"}],"wp:attachment":[{"href":"https:\/\/oroandoro.co\/fr\/wp-json\/wp\/v2\/media?parent=180"}],"wp:term":[{"taxonomy":"product_brand","embeddable":true,"href":"https:\/\/oroandoro.co\/fr\/wp-json\/wp\/v2\/product_brand?post=180"},{"taxonomy":"product_cat","embeddable":true,"href":"https:\/\/oroandoro.co\/fr\/wp-json\/wp\/v2\/product_cat?post=180"},{"taxonomy":"product_tag","embeddable":true,"href":"https:\/\/oroandoro.co\/fr\/wp-json\/wp\/v2\/product_tag?post=180"},{"taxonomy":"kleur","embeddable":true,"href":"https:\/\/oroandoro.co\/fr\/wp-json\/wp\/v2\/kleur?post=180"}],"curies":[{"name":"wp","href":"https:\/\/api.w.org\/{rel}","templated":true}]}}