{"id":179,"date":"2021-08-16T12:53:14","date_gmt":"2021-08-16T10:53:14","guid":{"rendered":"https:\/\/oroandoro.co\/?post_type=product&#038;p=179"},"modified":"2026-03-16T14:27:30","modified_gmt":"2026-03-16T13:27:30","slug":"sofia-nikkel","status":"publish","type":"product","link":"https:\/\/oroandoro.co\/fr\/product\/sofia-nikkel\/","title":{"rendered":"SOFIA"},"content":{"rendered":"<p>Le minimalisme \u00e0 son meilleur.<\/p>\n<p>La poign\u00e9e Sofia est un excellent exemple de design fonctionnel. Gr\u00e2ce \u00e0 sa forme confortable et simple, il s&#039;int\u00e8gre parfaitement partout, quel que soit le style de votre int\u00e9rieur.<\/p>\n<p>\u00c9l\u00e9gance fine et minimaliste !<\/p>","protected":false},"excerpt":{"rendered":"<p>Le minimalisme \u00e0 son meilleur. La poign\u00e9e Sofia est un excellent exemple de design fonctionnel. Gr\u00e2ce \u00e0 sa forme confortable et simple, il s&#039;int\u00e8gre parfaitement partout, quel que soit le style de votre int\u00e9rieur. Une \u00e9l\u00e9gance raffin\u00e9e et minimaliste !<\/p>","protected":false},"featured_media":245,"template":"","meta":{"_acf_changed":false},"product_brand":[],"product_cat":[34],"product_tag":[],"kleur":[28],"class_list":{"0":"post-179","1":"product","2":"type-product","3":"status-publish","4":"has-post-thumbnail","6":"product_cat-klinken-deurbeslag","7":"kleur-nikkel","9":"first","10":"instock","11":"purchasable","12":"product-type-variable","13":"has-default-attributes"},"acf":[],"_links":{"self":[{"href":"https:\/\/oroandoro.co\/fr\/wp-json\/wp\/v2\/product\/179","targetHints":{"allow":["GET"]}}],"collection":[{"href":"https:\/\/oroandoro.co\/fr\/wp-json\/wp\/v2\/product"}],"about":[{"href":"https:\/\/oroandoro.co\/fr\/wp-json\/wp\/v2\/types\/product"}],"wp:featuredmedia":[{"embeddable":true,"href":"https:\/\/oroandoro.co\/fr\/wp-json\/wp\/v2\/media\/245"}],"wp:attachment":[{"href":"https:\/\/oroandoro.co\/fr\/wp-json\/wp\/v2\/media?parent=179"}],"wp:term":[{"taxonomy":"product_brand","embeddable":true,"href":"https:\/\/oroandoro.co\/fr\/wp-json\/wp\/v2\/product_brand?post=179"},{"taxonomy":"product_cat","embeddable":true,"href":"https:\/\/oroandoro.co\/fr\/wp-json\/wp\/v2\/product_cat?post=179"},{"taxonomy":"product_tag","embeddable":true,"href":"https:\/\/oroandoro.co\/fr\/wp-json\/wp\/v2\/product_tag?post=179"},{"taxonomy":"kleur","embeddable":true,"href":"https:\/\/oroandoro.co\/fr\/wp-json\/wp\/v2\/kleur?post=179"}],"curies":[{"name":"wp","href":"https:\/\/api.w.org\/{rel}","templated":true}]}}