{"id":178,"date":"2021-08-16T12:53:14","date_gmt":"2021-08-16T10:53:14","guid":{"rendered":"https:\/\/oroandoro.co\/?post_type=product&#038;p=178"},"modified":"2024-11-03T13:06:08","modified_gmt":"2024-11-03T12:06:08","slug":"sofia-wit","status":"publish","type":"product","link":"https:\/\/oroandoro.co\/fr\/product\/sofia-wit\/","title":{"rendered":"SOFIA"},"content":{"rendered":"<p>Le minimalisme \u00e0 son meilleur.<\/p>\n<p>La poign\u00e9e Sofia est un excellent exemple de design fonctionnel. Gr\u00e2ce \u00e0 sa forme confortable et simple, il s&#039;int\u00e8gre parfaitement partout, quel que soit le style de votre int\u00e9rieur.<\/p>","protected":false},"excerpt":{"rendered":"<p>Le minimalisme \u00e0 son meilleur. La poign\u00e9e Sofia est un bel exemple de design fonctionnel. Gr\u00e2ce \u00e0 sa forme confortable et simple, il s&#039;int\u00e8gre parfaitement partout, quel que soit le style de votre int\u00e9rieur.<\/p>","protected":false},"featured_media":242,"template":"","meta":{"_acf_changed":false},"product_brand":[],"product_cat":[34],"product_tag":[],"kleur":[31],"class_list":{"0":"post-178","1":"product","2":"type-product","3":"status-publish","4":"has-post-thumbnail","6":"product_cat-klinken-deurbeslag","7":"kleur-wit","9":"first","10":"outofstock","11":"purchasable","12":"product-type-variable"},"acf":[],"_links":{"self":[{"href":"https:\/\/oroandoro.co\/fr\/wp-json\/wp\/v2\/product\/178","targetHints":{"allow":["GET"]}}],"collection":[{"href":"https:\/\/oroandoro.co\/fr\/wp-json\/wp\/v2\/product"}],"about":[{"href":"https:\/\/oroandoro.co\/fr\/wp-json\/wp\/v2\/types\/product"}],"wp:featuredmedia":[{"embeddable":true,"href":"https:\/\/oroandoro.co\/fr\/wp-json\/wp\/v2\/media\/242"}],"wp:attachment":[{"href":"https:\/\/oroandoro.co\/fr\/wp-json\/wp\/v2\/media?parent=178"}],"wp:term":[{"taxonomy":"product_brand","embeddable":true,"href":"https:\/\/oroandoro.co\/fr\/wp-json\/wp\/v2\/product_brand?post=178"},{"taxonomy":"product_cat","embeddable":true,"href":"https:\/\/oroandoro.co\/fr\/wp-json\/wp\/v2\/product_cat?post=178"},{"taxonomy":"product_tag","embeddable":true,"href":"https:\/\/oroandoro.co\/fr\/wp-json\/wp\/v2\/product_tag?post=178"},{"taxonomy":"kleur","embeddable":true,"href":"https:\/\/oroandoro.co\/fr\/wp-json\/wp\/v2\/kleur?post=178"}],"curies":[{"name":"wp","href":"https:\/\/api.w.org\/{rel}","templated":true}]}}