{"id":177,"date":"2021-08-16T12:53:13","date_gmt":"2021-08-16T10:53:13","guid":{"rendered":"https:\/\/oroandoro.co\/?post_type=product&#038;p=177"},"modified":"2026-03-16T14:27:34","modified_gmt":"2026-03-16T13:27:34","slug":"tancredi-tin","status":"publish","type":"product","link":"https:\/\/oroandoro.co\/fr\/product\/tancredi-tin\/","title":{"rendered":"TANCREDI"},"content":{"rendered":"<p>L&#039;utilisation raffin\u00e9e de formes sym\u00e9triques par le Tancredi lui conf\u00e8re un look ind\u00e9niablement s\u00e9duisant et audacieux. Il ajoute une sensation de beaut\u00e9 raffin\u00e9e qui \u00e9tonne quiconque s&#039;appr\u00eate \u00e0 franchir une porte avec.<\/p>\n<p>\u00c9galement disponible en nickel moderne.<\/p>","protected":false},"excerpt":{"rendered":"<p>L&#039;utilisation sophistiqu\u00e9e de formes sym\u00e9triques par le Tancredi lui conf\u00e8re un look ind\u00e9niablement attrayant et audacieux. Il ajoute une sensation de beaut\u00e9 raffin\u00e9e qui \u00e9tonne quiconque s\u2019appr\u00eate \u00e0 franchir une porte avec. \u00c9galement disponible en nickel moderne.<\/p>","protected":false},"featured_media":235,"template":"","meta":{"_acf_changed":false},"product_brand":[],"product_cat":[34],"product_tag":[],"kleur":[29],"class_list":{"0":"post-177","1":"product","2":"type-product","3":"status-publish","4":"has-post-thumbnail","6":"product_cat-klinken-deurbeslag","7":"kleur-tin","9":"first","10":"instock","11":"purchasable","12":"product-type-variable","13":"has-default-attributes"},"acf":[],"_links":{"self":[{"href":"https:\/\/oroandoro.co\/fr\/wp-json\/wp\/v2\/product\/177","targetHints":{"allow":["GET"]}}],"collection":[{"href":"https:\/\/oroandoro.co\/fr\/wp-json\/wp\/v2\/product"}],"about":[{"href":"https:\/\/oroandoro.co\/fr\/wp-json\/wp\/v2\/types\/product"}],"wp:featuredmedia":[{"embeddable":true,"href":"https:\/\/oroandoro.co\/fr\/wp-json\/wp\/v2\/media\/235"}],"wp:attachment":[{"href":"https:\/\/oroandoro.co\/fr\/wp-json\/wp\/v2\/media?parent=177"}],"wp:term":[{"taxonomy":"product_brand","embeddable":true,"href":"https:\/\/oroandoro.co\/fr\/wp-json\/wp\/v2\/product_brand?post=177"},{"taxonomy":"product_cat","embeddable":true,"href":"https:\/\/oroandoro.co\/fr\/wp-json\/wp\/v2\/product_cat?post=177"},{"taxonomy":"product_tag","embeddable":true,"href":"https:\/\/oroandoro.co\/fr\/wp-json\/wp\/v2\/product_tag?post=177"},{"taxonomy":"kleur","embeddable":true,"href":"https:\/\/oroandoro.co\/fr\/wp-json\/wp\/v2\/kleur?post=177"}],"curies":[{"name":"wp","href":"https:\/\/api.w.org\/{rel}","templated":true}]}}