{"id":175,"date":"2021-08-16T12:53:13","date_gmt":"2021-08-16T10:53:13","guid":{"rendered":"https:\/\/oroandoro.co\/?post_type=product&#038;p=175"},"modified":"2026-03-16T14:27:26","modified_gmt":"2026-03-16T13:27:26","slug":"forma-zwart","status":"publish","type":"product","link":"https:\/\/oroandoro.co\/fr\/product\/forma-zwart\/","title":{"rendered":"FORMA"},"content":{"rendered":"<p>Avec moins il y a plus, c&#039;est la philosophie qui inspire la poign\u00e9e Forma. Un design embl\u00e9matique et intemporel qui s&#039;int\u00e8gre de mani\u00e8re spectaculaire dans diff\u00e9rents styles, tout en \u00e9tant discret sur n&#039;importe quelle porte gr\u00e2ce \u00e0 son design \u00e9pur\u00e9 et simple.<\/p>","protected":false},"excerpt":{"rendered":"<p>Avec moins il y a plus, c&#039;est la philosophie qui inspire la poign\u00e9e Forma. Un design embl\u00e9matique et intemporel qui s&#039;int\u00e8gre de mani\u00e8re spectaculaire dans diff\u00e9rents styles, tout en \u00e9tant discret sur n&#039;importe quelle porte gr\u00e2ce \u00e0 son design \u00e9pur\u00e9 et simple.<\/p>","protected":false},"featured_media":228,"template":"","meta":{"_acf_changed":false},"product_brand":[],"product_cat":[34],"product_tag":[],"kleur":[32],"class_list":{"0":"post-175","1":"product","2":"type-product","3":"status-publish","4":"has-post-thumbnail","6":"product_cat-klinken-deurbeslag","7":"kleur-zwart","9":"first","10":"instock","11":"purchasable","12":"product-type-variable","13":"has-default-attributes"},"acf":[],"_links":{"self":[{"href":"https:\/\/oroandoro.co\/fr\/wp-json\/wp\/v2\/product\/175","targetHints":{"allow":["GET"]}}],"collection":[{"href":"https:\/\/oroandoro.co\/fr\/wp-json\/wp\/v2\/product"}],"about":[{"href":"https:\/\/oroandoro.co\/fr\/wp-json\/wp\/v2\/types\/product"}],"wp:featuredmedia":[{"embeddable":true,"href":"https:\/\/oroandoro.co\/fr\/wp-json\/wp\/v2\/media\/228"}],"wp:attachment":[{"href":"https:\/\/oroandoro.co\/fr\/wp-json\/wp\/v2\/media?parent=175"}],"wp:term":[{"taxonomy":"product_brand","embeddable":true,"href":"https:\/\/oroandoro.co\/fr\/wp-json\/wp\/v2\/product_brand?post=175"},{"taxonomy":"product_cat","embeddable":true,"href":"https:\/\/oroandoro.co\/fr\/wp-json\/wp\/v2\/product_cat?post=175"},{"taxonomy":"product_tag","embeddable":true,"href":"https:\/\/oroandoro.co\/fr\/wp-json\/wp\/v2\/product_tag?post=175"},{"taxonomy":"kleur","embeddable":true,"href":"https:\/\/oroandoro.co\/fr\/wp-json\/wp\/v2\/kleur?post=175"}],"curies":[{"name":"wp","href":"https:\/\/api.w.org\/{rel}","templated":true}]}}