{"id":171,"date":"2021-08-16T12:53:13","date_gmt":"2021-08-16T10:53:13","guid":{"rendered":"https:\/\/oroandoro.co\/?post_type=product&#038;p=171"},"modified":"2026-03-16T14:27:26","modified_gmt":"2026-03-16T13:27:26","slug":"brezza-zwart","status":"publish","type":"product","link":"https:\/\/oroandoro.co\/fr\/product\/brezza-zwart\/","title":{"rendered":"BREZZA"},"content":{"rendered":"<p>Tout dans le Brezza transmet un sentiment de perfection, atteignant un \u00e9quilibre ultime entre \u00e9l\u00e9gance et simplicit\u00e9.<\/p>\n<p>Avec une touche claire de design classique, le Brezza est un mod\u00e8le qui donne une touche f\u00e9minine unique qui \u00e9quilibre l&#039;ensemble du d\u00e9cor.<\/p>","protected":false},"excerpt":{"rendered":"<p>Tout dans le Brezza donne un sentiment de perfection o\u00f9 un \u00e9quilibre ultime entre \u00e9l\u00e9gance et simplicit\u00e9 a \u00e9t\u00e9 atteint. Avec une touche claire de design classique, le Brezza est un mod\u00e8le qui donne une touche f\u00e9minine unique qui \u00e9quilibre le d\u00e9cor global.<\/p>","protected":false},"featured_media":213,"template":"","meta":{"_acf_changed":false},"product_brand":[],"product_cat":[34],"product_tag":[],"kleur":[32],"class_list":{"0":"post-171","1":"product","2":"type-product","3":"status-publish","4":"has-post-thumbnail","6":"product_cat-klinken-deurbeslag","7":"kleur-zwart","9":"first","10":"instock","11":"purchasable","12":"product-type-variable","13":"has-default-attributes"},"acf":[],"_links":{"self":[{"href":"https:\/\/oroandoro.co\/fr\/wp-json\/wp\/v2\/product\/171","targetHints":{"allow":["GET"]}}],"collection":[{"href":"https:\/\/oroandoro.co\/fr\/wp-json\/wp\/v2\/product"}],"about":[{"href":"https:\/\/oroandoro.co\/fr\/wp-json\/wp\/v2\/types\/product"}],"wp:featuredmedia":[{"embeddable":true,"href":"https:\/\/oroandoro.co\/fr\/wp-json\/wp\/v2\/media\/213"}],"wp:attachment":[{"href":"https:\/\/oroandoro.co\/fr\/wp-json\/wp\/v2\/media?parent=171"}],"wp:term":[{"taxonomy":"product_brand","embeddable":true,"href":"https:\/\/oroandoro.co\/fr\/wp-json\/wp\/v2\/product_brand?post=171"},{"taxonomy":"product_cat","embeddable":true,"href":"https:\/\/oroandoro.co\/fr\/wp-json\/wp\/v2\/product_cat?post=171"},{"taxonomy":"product_tag","embeddable":true,"href":"https:\/\/oroandoro.co\/fr\/wp-json\/wp\/v2\/product_tag?post=171"},{"taxonomy":"kleur","embeddable":true,"href":"https:\/\/oroandoro.co\/fr\/wp-json\/wp\/v2\/kleur?post=171"}],"curies":[{"name":"wp","href":"https:\/\/api.w.org\/{rel}","templated":true}]}}