{"id":170,"date":"2021-08-16T12:53:13","date_gmt":"2021-08-16T10:53:13","guid":{"rendered":"https:\/\/oroandoro.co\/?post_type=product&#038;p=170"},"modified":"2026-03-16T14:27:33","modified_gmt":"2026-03-16T13:27:33","slug":"vertigo-nikkel","status":"publish","type":"product","link":"https:\/\/oroandoro.co\/fr\/product\/vertigo-nikkel\/","title":{"rendered":"VERTIGO"},"content":{"rendered":"<p>Plus vous regardez le Vertigo de pr\u00e8s, plus les \u00e9l\u00e9ments baroques deviennent clairs. Un \u00e9quilibre aussi d\u00e9licat entre le monde du design moderne et classique garantit que la poign\u00e9e de Vertigo donne une touche moderne aux int\u00e9rieurs classiques ou une atmosph\u00e8re classique aux int\u00e9rieurs modernes.<\/p>","protected":false},"excerpt":{"rendered":"<p>Plus vous regardez le Vertigo de pr\u00e8s, plus les \u00e9l\u00e9ments baroques deviennent clairs. Un \u00e9quilibre aussi d\u00e9licat entre le monde du design moderne et classique garantit que la poign\u00e9e de Vertigo donne une touche moderne aux int\u00e9rieurs classiques ou une atmosph\u00e8re classique aux int\u00e9rieurs modernes.<\/p>","protected":false},"featured_media":206,"template":"","meta":{"_acf_changed":false},"product_brand":[],"product_cat":[34],"product_tag":[],"kleur":[28],"class_list":{"0":"post-170","1":"product","2":"type-product","3":"status-publish","4":"has-post-thumbnail","6":"product_cat-klinken-deurbeslag","7":"kleur-nikkel","9":"first","10":"instock","11":"purchasable","12":"product-type-variable","13":"has-default-attributes"},"acf":[],"_links":{"self":[{"href":"https:\/\/oroandoro.co\/fr\/wp-json\/wp\/v2\/product\/170","targetHints":{"allow":["GET"]}}],"collection":[{"href":"https:\/\/oroandoro.co\/fr\/wp-json\/wp\/v2\/product"}],"about":[{"href":"https:\/\/oroandoro.co\/fr\/wp-json\/wp\/v2\/types\/product"}],"wp:featuredmedia":[{"embeddable":true,"href":"https:\/\/oroandoro.co\/fr\/wp-json\/wp\/v2\/media\/206"}],"wp:attachment":[{"href":"https:\/\/oroandoro.co\/fr\/wp-json\/wp\/v2\/media?parent=170"}],"wp:term":[{"taxonomy":"product_brand","embeddable":true,"href":"https:\/\/oroandoro.co\/fr\/wp-json\/wp\/v2\/product_brand?post=170"},{"taxonomy":"product_cat","embeddable":true,"href":"https:\/\/oroandoro.co\/fr\/wp-json\/wp\/v2\/product_cat?post=170"},{"taxonomy":"product_tag","embeddable":true,"href":"https:\/\/oroandoro.co\/fr\/wp-json\/wp\/v2\/product_tag?post=170"},{"taxonomy":"kleur","embeddable":true,"href":"https:\/\/oroandoro.co\/fr\/wp-json\/wp\/v2\/kleur?post=170"}],"curies":[{"name":"wp","href":"https:\/\/api.w.org\/{rel}","templated":true}]}}