{"id":169,"date":"2021-08-16T12:53:12","date_gmt":"2021-08-16T10:53:12","guid":{"rendered":"https:\/\/oroandoro.co\/?post_type=product&#038;p=169"},"modified":"2026-03-16T14:27:25","modified_gmt":"2026-03-16T13:27:25","slug":"anna-zwart","status":"publish","type":"product","link":"https:\/\/oroandoro.co\/fr\/product\/anna-zwart\/","title":{"rendered":"ANNA"},"content":{"rendered":"<p>Il est difficile de ne pas regarder lorsque la poign\u00e9e Anna est dans une pi\u00e8ce. La beaut\u00e9 d'Anna attire imm\u00e9diatement l'attention de tous avec son motif triangulaire sp\u00e9cial, impressionnant facilement tout le monde et devenant le centre d'attraction d'une pi\u00e8ce.<\/p>","protected":false},"excerpt":{"rendered":"<p>Il est difficile de ne pas regarder lorsque la poign\u00e9e Anna est dans une pi\u00e8ce. La beaut\u00e9 d'Anna attire imm\u00e9diatement l'attention de tous avec son motif triangulaire sp\u00e9cial, impressionnant facilement tout le monde et devenant le centre d'attraction d'une pi\u00e8ce.<\/p>","protected":false},"featured_media":202,"template":"","meta":{"_acf_changed":false},"product_brand":[],"product_cat":[34],"product_tag":[],"kleur":[32],"class_list":{"0":"post-169","1":"product","2":"type-product","3":"status-publish","4":"has-post-thumbnail","6":"product_cat-klinken-deurbeslag","7":"kleur-zwart","9":"first","10":"instock","11":"purchasable","12":"product-type-variable","13":"has-default-attributes"},"acf":[],"_links":{"self":[{"href":"https:\/\/oroandoro.co\/fr\/wp-json\/wp\/v2\/product\/169","targetHints":{"allow":["GET"]}}],"collection":[{"href":"https:\/\/oroandoro.co\/fr\/wp-json\/wp\/v2\/product"}],"about":[{"href":"https:\/\/oroandoro.co\/fr\/wp-json\/wp\/v2\/types\/product"}],"wp:featuredmedia":[{"embeddable":true,"href":"https:\/\/oroandoro.co\/fr\/wp-json\/wp\/v2\/media\/202"}],"wp:attachment":[{"href":"https:\/\/oroandoro.co\/fr\/wp-json\/wp\/v2\/media?parent=169"}],"wp:term":[{"taxonomy":"product_brand","embeddable":true,"href":"https:\/\/oroandoro.co\/fr\/wp-json\/wp\/v2\/product_brand?post=169"},{"taxonomy":"product_cat","embeddable":true,"href":"https:\/\/oroandoro.co\/fr\/wp-json\/wp\/v2\/product_cat?post=169"},{"taxonomy":"product_tag","embeddable":true,"href":"https:\/\/oroandoro.co\/fr\/wp-json\/wp\/v2\/product_tag?post=169"},{"taxonomy":"kleur","embeddable":true,"href":"https:\/\/oroandoro.co\/fr\/wp-json\/wp\/v2\/kleur?post=169"}],"curies":[{"name":"wp","href":"https:\/\/api.w.org\/{rel}","templated":true}]}}