{"id":168,"date":"2021-08-16T12:53:12","date_gmt":"2021-08-16T10:53:12","guid":{"rendered":"https:\/\/oroandoro.co\/?post_type=product&#038;p=168"},"modified":"2026-03-16T14:27:27","modified_gmt":"2026-03-16T13:27:27","slug":"alba-zwart","status":"publish","type":"product","link":"https:\/\/oroandoro.co\/fr\/product\/alba-zwart\/","title":{"rendered":"ALBA"},"content":{"rendered":"<p>Un mod\u00e8le tr\u00e8s distingu\u00e9. La poign\u00e9e Alba nous montre o\u00f9 la cr\u00e9ativit\u00e9 du designer les a men\u00e9s pour atteindre ce niveau d&#039;\u00e9l\u00e9gance et de sym\u00e9trie parfaitement align\u00e9es. En bref, un voyage cr\u00e9atif qui a produit un mod\u00e8le tr\u00e8s raffin\u00e9.<\/p>\n<p>Alba parle d&#039;elle-m\u00eame et se pr\u00e9sente, c&#039;est une d\u00e9claration de beaut\u00e9 lorsqu&#039;elle est mont\u00e9e sur une porte.<\/p>","protected":false},"excerpt":{"rendered":"<p>Een zeer gedistingeerd model. De Alba handgreep laat ons zien waar de creativiteit van de ontwerper hen naartoe bracht om dit niveau van perfect uitgelijnde elegantie en symmetrie te bereiken. Kortom een creatieve reis die een zeer verfijnd model heeft voortgebracht. Alba praat voor zichzelf en presenteert zichzelf, het is een statement van schoonheid wanneer [&hellip;]<\/p>\n","protected":false},"featured_media":198,"template":"","meta":{"_acf_changed":false},"product_brand":[],"product_cat":[34],"product_tag":[],"kleur":[32],"class_list":{"0":"post-168","1":"product","2":"type-product","3":"status-publish","4":"has-post-thumbnail","6":"product_cat-klinken-deurbeslag","7":"kleur-zwart","9":"first","10":"instock","11":"purchasable","12":"product-type-variable"},"acf":[],"_links":{"self":[{"href":"https:\/\/oroandoro.co\/fr\/wp-json\/wp\/v2\/product\/168","targetHints":{"allow":["GET"]}}],"collection":[{"href":"https:\/\/oroandoro.co\/fr\/wp-json\/wp\/v2\/product"}],"about":[{"href":"https:\/\/oroandoro.co\/fr\/wp-json\/wp\/v2\/types\/product"}],"wp:featuredmedia":[{"embeddable":true,"href":"https:\/\/oroandoro.co\/fr\/wp-json\/wp\/v2\/media\/198"}],"wp:attachment":[{"href":"https:\/\/oroandoro.co\/fr\/wp-json\/wp\/v2\/media?parent=168"}],"wp:term":[{"taxonomy":"product_brand","embeddable":true,"href":"https:\/\/oroandoro.co\/fr\/wp-json\/wp\/v2\/product_brand?post=168"},{"taxonomy":"product_cat","embeddable":true,"href":"https:\/\/oroandoro.co\/fr\/wp-json\/wp\/v2\/product_cat?post=168"},{"taxonomy":"product_tag","embeddable":true,"href":"https:\/\/oroandoro.co\/fr\/wp-json\/wp\/v2\/product_tag?post=168"},{"taxonomy":"kleur","embeddable":true,"href":"https:\/\/oroandoro.co\/fr\/wp-json\/wp\/v2\/kleur?post=168"}],"curies":[{"name":"wp","href":"https:\/\/api.w.org\/{rel}","templated":true}]}}