{"id":987,"date":"2021-09-11T09:36:30","date_gmt":"2021-09-11T07:36:30","guid":{"rendered":"https:\/\/oroandoro.co\/?page_id=987"},"modified":"2022-11-02T10:41:13","modified_gmt":"2022-11-02T09:41:13","slug":"algemene-voorwaarden","status":"publish","type":"page","link":"https:\/\/oroandoro.co\/fr\/algemene-voorwaarden\/","title":{"rendered":"Termes et conditions"},"content":{"rendered":"<div data-elementor-type=\"wp-page\" data-elementor-id=\"987\" class=\"elementor elementor-987\" data-elementor-post-type=\"page\">\n\t\t\t\t\t\t<section class=\"elementor-section elementor-top-section elementor-element elementor-element-8e92f27 elementor-reverse-tablet elementor-reverse-mobile elementor-section-boxed elementor-section-height-default elementor-section-height-default\" data-id=\"8e92f27\" data-element_type=\"section\" data-e-type=\"section\">\n\t\t\t\t\t\t<div class=\"elementor-container elementor-column-gap-default\">\n\t\t\t\t\t<div class=\"elementor-column elementor-col-100 elementor-top-column elementor-element elementor-element-de87f1a\" data-id=\"de87f1a\" data-element_type=\"column\" data-e-type=\"column\">\n\t\t\t<div class=\"elementor-widget-wrap elementor-element-populated\">\n\t\t\t\t\t\t<div data-dce-title-color=\"#000000\" class=\"elementor-element elementor-element-b6ee800 elementor-widget elementor-widget-heading\" data-id=\"b6ee800\" data-element_type=\"widget\" data-e-type=\"widget\" data-widget_type=\"heading.default\">\n\t\t\t\t<div class=\"elementor-widget-container\">\n\t\t\t\t\t<h1 class=\"elementor-heading-title elementor-size-default\">Termes et conditions<\/h1>\t\t\t\t<\/div>\n\t\t\t\t<\/div>\n\t\t\t\t<div class=\"elementor-element elementor-element-7455304 elementor-widget elementor-widget-text-editor\" data-id=\"7455304\" data-element_type=\"widget\" data-e-type=\"widget\" data-widget_type=\"text-editor.default\">\n\t\t\t\t<div class=\"elementor-widget-container\">\n\t\t\t\t\t\t\t\t\t<p><strong>Termes et Conditions \u2013 Septembre 2022<\/strong><\/p>\n<p><strong>Oroandoro.be<\/strong><\/p>\n<p><strong>Article 1 - CHAMP D&#039;APPLICATION<\/strong><\/p>\n<p>Les conditions g\u00e9n\u00e9rales sous-jacentes d\u00e9finissent le cadre de toutes les relations commerciales qui naissent en commandant sur le site Web. <a href=\"http:\/\/www.deurklinkenstore.be\">www.roandoro.com<\/a>co. Elles pr\u00e9valent sur toute autre condition g\u00e9n\u00e9rale ou particuli\u00e8re.<\/p>\n<p><\/p>\n<p><strong>Article 2 \u2013 ACCEPTATION<\/strong><\/p>\n<p>Utilisation du site Web <a href=\"http:\/\/www.deurklinkenstore.be\">www.roandoro.com<\/a>co ainsi que la passation d&#039;une commande impliquent que le Client accepte inconditionnellement et irr\u00e9vocablement les Conditions G\u00e9n\u00e9rales sous-jacentes.<\/p>\n<p><\/p>\n<p><strong>Article 3 \u2013 IDENTIT\u00c9 DE L&#039;ENTREPRENEUR<\/strong><\/p>\n<p>Oroandoro.be, n\u00e9gociant sous le num\u00e9ro de TVA 421977417, attribu\u00e9 \u00e0 NV LUXMA<\/p>\n<p>Adresse professionnelle : Industriepark 1239, 3545 Halen Belgique.<\/p>\n<p>Num\u00e9ro de t\u00e9l\u00e9phone ; 013\/44 40 94<\/p>\n<p>E-mail : <a href=\"mailto:info@deurklinkenstore.be\">info@oroandoro.co<\/a><\/p>\n<p><\/p>\n<p><strong>Article 4 \u2013 D\u00c9FINITIONS<\/strong><\/p>\n<p><strong>Prestations de service<\/strong>: tous les services propos\u00e9s sur ce site en g\u00e9n\u00e9ral<\/p>\n<p><strong>Client<\/strong>: toute personne qui entre en relation commerciale avec oroandoro.be en achetant un produit. Un Client est r\u00e9put\u00e9 autoris\u00e9 \u00e0 effectuer cet achat et autoris\u00e9 \u00e0 conclure une transaction commerciale.<\/p>\n<p><strong>Ordre<\/strong>: toute commande pass\u00e9e par un Client dans les conditions d\u00e9crites \u00e0 l&#039;article 5.<\/p>\n<p><\/p>\n<p><strong>Article 5 \u2013 COMMANDE<\/strong><\/p>\n<p>Vous devez \u00eatre majeur pour passer une commande sur <a href=\"http:\/\/www.deurklinkenstore.be\">www.roandoro.com<\/a>co. Les mineurs ou autres personnes incapables doivent \u00eatre repr\u00e9sent\u00e9s par leurs parents ou leur repr\u00e9sentant l\u00e9gal, qui sont \u00e9galement li\u00e9s par nos conditions g\u00e9n\u00e9rales et de vente.<\/p>\n<p>Les produits, tels que d\u00e9finis \u00e0 l&#039;article 4, sont propos\u00e9s \u00e0 la vente par le biais du site internet <a href=\"http:\/\/www.deurklinkenstore.be\">www.roandoro.com<\/a>co. Ind\u00e9pendamment de toute preuve \u00e9crite dont pourrait disposer le Client, il est express\u00e9ment convenu que seules les donn\u00e9es enregistr\u00e9es dans le syst\u00e8me informatique de oroandoro.be, son partenaire \u00ab h\u00e9bergeur \u00bb, ou son partenaire de paiement internet, constituent la preuve de la communication, du contenu des la commande et l&#039;ensemble des transactions intervenues entre les parties. Dans tous les cas, le Client recevra une confirmation de sa commande par e-mail apr\u00e8s l&#039;achat.<\/p>\n<p><\/p>\n<p><strong>Article 6 \u2013 PRIX ET MODALIT\u00c9S DE PAIEMENT<\/strong><\/p>\n<p>Les prix indiqu\u00e9s lors du processus d&#039;achat sont en euros et incluent la TVA et les frais administratifs, sauf indication contraire explicite. Les prix des produits et services ne comprennent pas les frais de transport. Ceux-ci sont factur\u00e9s s\u00e9par\u00e9ment.<\/p>\n<p>Oroandoro.be se r\u00e9serve le droit de refuser toute commande d&#039;un Client avec lequel un litige serait en cours, ou un litige est n\u00e9 dans le pass\u00e9.<\/p>\n<p>Vous ne pouvez payer votre commande qu&#039;en ligne et uniquement avec une carte de cr\u00e9dit ou de d\u00e9bit (VISA, American Express, Master Card, Bancontact, KBC Online, etc.<\/p>\n<p>Le compte bancaire du Client est d\u00e9bit\u00e9 apr\u00e8s confirmation de l&#039;achat, et le paiement ne devient effectif que lorsque la banque du Client a donn\u00e9 son accord \u00e0 Oroandoro.be. En cas de refus de paiement par la banque du Client, la commande sera automatiquement refus\u00e9e. En cas d&#039;indisponibilit\u00e9 des serveurs, Oroandoro.be se r\u00e9serve le droit de demander une nouvelle autorisation de paiement<\/p>\n<p>Dans le cas o\u00f9 vous exercez votre droit de r\u00e9tractation tel que vis\u00e9 \u00e0 l&#039;article 10 des pr\u00e9sentes conditions g\u00e9n\u00e9rales, votre remboursement sera effectu\u00e9 sur la m\u00eame carte ou le m\u00eame compte que celui que vous avez utilis\u00e9 pour la commande.<\/p>\n<p>Les Clients garantissent qu&#039;ils sont autoris\u00e9s \u00e0 effectuer des paiements en ligne avec l&#039;un des modes de paiement ci-dessus et qu&#039;il existe une couverture suffisante sur le compte bancaire li\u00e9 \u00e0 la carte de cr\u00e9dit, la carte de d\u00e9bit, le compte PayPal pour couvrir tous les frais d\u00e9coulant de la transaction. couverture. La saisie des informations de paiement confidentielles sur ce site est extr\u00eamement s\u00e9curis\u00e9e gr\u00e2ce au cryptage SSL (Secure Socket Layer). Oroandoro.be collabore avec Mollie pour le traitement du paiement en ligne. Le syst\u00e8me de s\u00e9curit\u00e9 utilis\u00e9 par Mollie est l&#039;un des plus fiables et s\u00e9curis\u00e9s au monde.<\/p>\n<p>Oroandoro.be n&#039;a pas acc\u00e8s aux donn\u00e9es confidentielles de paiement de ses Clients. Ceux-ci ne sont donc pas stock\u00e9s chez Oroandoro.be. Les informations confidentielles de paiement (cartes bancaires, dates d&#039;expiration, codes de s\u00e9curit\u00e9) ne sont accessibles qu&#039;\u00e0 la soci\u00e9t\u00e9 Mollie. C&#039;est la raison pour laquelle nous devons redemander les d\u00e9tails de paiement du client \u00e0 chaque achat.<\/p>\n<p>En cliquant sur le bouton \u00ab\u00a0Payer\u00a0\u00bb dans la boutique en ligne, vous acceptez sans r\u00e9serve nos conditions g\u00e9n\u00e9rales et notre politique de confidentialit\u00e9 dans leur ensemble et dans leur version en vigueur au moment o\u00f9 vous passez votre commande.<\/p>\n<p>Le non-respect par le Client de nos conditions g\u00e9n\u00e9rales, notamment en cas de fraude ou tentative de fraude, et en cas de tout autre litige de paiement, pourra entra\u00eener la suspension de l&#039;acc\u00e8s \u00e0 la boutique en ligne, sans pr\u00e9judice de dommages et int\u00e9r\u00eats que Oroandoro.be peut subir peut r\u00e9clamer. Par cons\u00e9quent, Oroandoro.be se r\u00e9serve le droit de refuser d&#039;ex\u00e9cuter une Commande d&#039;un Client avec lequel un tel litige existerait.<\/p>\n<p><\/p>\n<p><strong>Article 7 \u2013 DISPONIBILITE<\/strong><\/p>\n<p>Les produits, ainsi que les prix, sont valables tels qu&#039;ils apparaissent sur le site Oroandoro.be, dans la limite de la disponibilit\u00e9 de ces produits. Oroandoro.be s&#039;engage \u00e0 mettre tout en \u0153uvre pour livrer toutes les commandes.<\/p>\n<p>N\u00e9anmoins, Oroandoro.be ne peut \u00eatre tenu responsable de l&#039;indisponibilit\u00e9 d&#039;un produit, ni des dommages qui pourraient en r\u00e9sulter. En cas d&#039;indisponibilit\u00e9 d&#039;un ou plusieurs produits d&#039;une commande, le Client sera inform\u00e9 par email ou par t\u00e9l\u00e9phone que sa commande sera annul\u00e9e en tout ou partie. Dans le cas o\u00f9 l&#039;indisponibilit\u00e9 est constat\u00e9e et communiqu\u00e9e alors que le Client a d\u00e9j\u00e0 pay\u00e9 ses produits, Oroandoro.be demandera imm\u00e9diatement \u00e0 sa banque le remboursement des sommes vers\u00e9es. Le Client en sera inform\u00e9 par email. La rapidit\u00e9 avec laquelle le remboursement effectif est alors effectu\u00e9 d\u00e9pend du mode de paiement utilis\u00e9 par le Client pour effectuer son achat. Dans le cas o\u00f9 l&#039;achat a \u00e9t\u00e9 effectu\u00e9 avec une carte de cr\u00e9dit, le remboursement sera visible sur le prochain relev\u00e9 mensuel de la carte de cr\u00e9dit. Si le Client constate que le remboursement prend un d\u00e9lai anormalement long, il lui est recommand\u00e9 de contacter sa banque.<\/p>\n<p><\/p>\n<p><strong>Article 8 \u2013 LIVRAISON<\/strong><\/p>\n<p>Les commandes sont livr\u00e9es \u00e0 l&#039;adresse de livraison indiqu\u00e9e par le Client au cours du processus de commande et selon les conditions qui y sont d\u00e9crites. Les commandes ne peuvent \u00eatre livr\u00e9es qu&#039;\u00e0 des adresses situ\u00e9es en Belgique, aux Pays-Bas, en France ou au Luxembourg, \u00e0 l&#039;exception des bo\u00eetes postales. Oroandoro.be se r\u00e9serve le droit de fractionner la commande en une ou plusieurs livraisons en fonction de la disponibilit\u00e9 des produits. Chaque livraison est annonc\u00e9e par email, invitant le Client \u00e0 consulter sa facture sur le site Oroandoro.be. Les frais de transport et la TVA sont \u00e9galement indiqu\u00e9s sur la facture. La livraison est accompagn\u00e9e d&#039;un bon de livraison, qui indique \u00e9galement les d\u00e9tails des marchandises livr\u00e9es. La livraison est offerte au Client ou \u00e0 toute autre personne pr\u00e9sente \u00e0 l&#039;adresse de livraison et disposant d&#039;une procuration pour r\u00e9ceptionner le colis. Si personne ne peut r\u00e9ceptionner le colis au moment o\u00f9 il est propos\u00e9, le transporteur laissera un message dans la bo\u00eete aux lettres avec le nom et les coordonn\u00e9es du transporteur. Le Client devra alors contacter lui-m\u00eame le transporteur pour savoir o\u00f9 et quand le colis pourra \u00eatre r\u00e9cup\u00e9r\u00e9 par le Client. Oroandoro.be veille \u00e0 ce que la commande soit trait\u00e9e dans les plus brefs d\u00e9lais. Oroandoro.be ne peut en aucun cas \u00eatre tenu responsable de tout retard dans la livraison des produits ou services, ni des dommages qui pourraient en r\u00e9sulter. Oroandoro.be s&#039;engage \u00e0 ce que la livraison ait lieu au plus tard 30 jours apr\u00e8s la date de commande. Le syst\u00e8me de contr\u00f4le utilis\u00e9 par le transporteur vaut preuve de la livraison effective de la commande (et de la bonne r\u00e9ception du Client), sauf preuve contraire du Client. Dans le cas o\u00f9 un Client d\u00e9montrerait qu&#039;une livraison n&#039;a pas \u00e9t\u00e9 livr\u00e9e dans un d\u00e9lai de 30 jours \u00e0 compter de la date de la commande, le Client pourra annuler la commande sans aucun dommage, \u00e0 condition d&#039;\u00eatre adress\u00e9e par lettre recommand\u00e9e avec accus\u00e9 de r\u00e9ception au indiqu\u00e9e \u00e0 l&#039;article 3 des conditions g\u00e9n\u00e9rales sous-jacentes, informe Oroandoro.be qu&#039;il souhaite annuler sa commande. Si un produit n&#039;est pas livr\u00e9 \u00e0 l&#039;adresse de livraison dans les 30 jours suivant la date de commande, il appartient au Client de contacter Oroandoro.be dans les 7 jours ouvrables suivant la r\u00e9ception de la livraison. La prise de contact doit se faire via la rubrique \u00ab Contact \u00bb du site Oroandoro.be, et suivre les instructions \u00e0 l&#039;\u00e9cran. Pass\u00e9 ce d\u00e9lai de 7 jours, les r\u00e9clamations et retours ne seront plus recevables. Le droit de retourner une commande qui a \u00e9t\u00e9 livr\u00e9e en retard est valable dans la mesure o\u00f9 la livraison est effectivement retourn\u00e9e dans les 14 jours apr\u00e8s que le Client a inform\u00e9 Oroandoro.be qu&#039;il souhaite annuler son achat. La proc\u00e9dure de retour est expliqu\u00e9e plus en d\u00e9tail \u00e0 l&#039;article 10.<\/p>\n<p><\/p>\n<p><strong>Article 9 \u2013 NON-CONFORMITE<\/strong><\/p>\n<p>Tous les produits propos\u00e9s \u00e0 la vente sur le site Oroandoro.be sont d\u00e9crits en toute bonne conscience et le plus fid\u00e8lement possible. N\u00e9anmoins, les photos pr\u00e9sent\u00e9es sur le site n&#039;ont aucune valeur contractuelle. Oroandoro.be d\u00e9cline toute responsabilit\u00e9 pour les erreurs pouvant appara\u00eetre dans les descriptions des produits ou services ou dans les photos. En revanche, Oroandoro.be s&#039;engage \u00e0 corriger dans les plus brefs d\u00e9lais toute erreur qui lui serait signal\u00e9e par \u00e9crit. Si le produit livr\u00e9 ne correspond pas \u00e0 ce qui est indiqu\u00e9 sur le bon de livraison, le Client peut retourner le produit ou le service dans un d\u00e9lai de 7 jours calendaires \u00e0 compter de sa r\u00e9ception. Pass\u00e9 ce d\u00e9lai de 7 jours, les r\u00e9clamations et retours ne seront plus recevables. La proc\u00e9dure de retour est expliqu\u00e9e plus en d\u00e9tail \u00e0 l&#039;article 10.<\/p>\n<p><\/p>\n<p><strong>Article 10 \u2013 DROIT DE RENONCIATION, RETOURS ET REMBOURSEMENT<\/strong><\/p>\n<p>Conform\u00e9ment au Code de droit \u00e9conomique, le Client a le droit d&#039;informer le vendeur qu&#039;il souhaite renoncer \u00e0 son achat, sans avoir \u00e0 verser d&#039;indemnit\u00e9 \u00e0 ce titre, et sans avoir \u00e0 en donner le motif et ce dans un d\u00e9lai de 14 jours. suivant la livraison des produits.<\/p>\n<p>Ce droit de r\u00e9tractation ne s&#039;applique pas aux acheteurs professionnels.<\/p>\n<p>Si un Client souhaite informer Oroandoro.be qu&#039;il souhaite annuler son achat, il doit le faire via le mod\u00e8le de formulaire de r\u00e9tractation pr\u00e9sent sur le site.<\/p>\n<p>Le droit de r\u00e9tractation est valable dans la mesure o\u00f9 le produit est effectivement retourn\u00e9 dans les 7 jours ouvrables apr\u00e8s que le Client a inform\u00e9 Oroandoro.be qu&#039;il souhaite annuler son achat. Le produit retourn\u00e9 doit \u00eatre retourn\u00e9 \u00e0 l&#039;\u00e9tat neuf, dans son emballage d&#039;origine, en parfait \u00e9tat et accompagn\u00e9 de la facture et d&#039;un document de retour d\u00fbment compl\u00e9t\u00e9. Tout retour dont l&#039;exp\u00e9diteur ne peut \u00eatre identifi\u00e9 sera refus\u00e9. Une fois les 7 jours ouvrables \u00e9coul\u00e9s, Oroandoro.be n&#039;est plus en mesure d&#039;accepter le retour, et le retour sera renvoy\u00e9 \u00e0 l&#039;exp\u00e9diteur. Le retour doit \u00eatre envoy\u00e9 \u00e0 l&#039;adresse indiqu\u00e9e \u00e0 l&#039;article 3. Le Client devra r\u00e9gler lui-m\u00eame les frais de retour. Le remboursement sera effectu\u00e9 dans les 7 jours suivant le jour o\u00f9 Oroandoro.be est inform\u00e9 de la d\u00e9cision du consommateur de se r\u00e9tracter du contrat conform\u00e9ment au pr\u00e9sent article, \u00e0 condition que toutes les conditions d\u00e9crites ci-dessus soient strictement remplies et que Oroandoro.be ait retourn\u00e9 la marchandise ou jusqu&#039;\u00e0 ce que le consommateur ait d\u00e9montr\u00e9 qu&#039;il a retourn\u00e9 la marchandise. Le montant rembours\u00e9 ne sera en aucun cas sup\u00e9rieur au montant effectivement pay\u00e9 par le Client. Si un bon a \u00e9t\u00e9 utilis\u00e9 lors de l&#039;achat, il sera \u00e9galement retourn\u00e9. Ce bon peut ensuite \u00eatre r\u00e9utilis\u00e9 pour un achat ult\u00e9rieur. Le droit de r\u00e9tractation peut \u00e9galement \u00eatre exerc\u00e9 apr\u00e8s l&#039;achat, mais avant l&#039;exp\u00e9dition de la commande. Dans ce cas, le remboursement sera effectu\u00e9 dans les 14 jours suivant le jour o\u00f9 Oroandoro.be est inform\u00e9 de la d\u00e9cision du consommateur de se r\u00e9tracter du contrat conform\u00e9ment au pr\u00e9sent article. Oroandoro.be enverra un e-mail au moment o\u00f9 il aura re\u00e7u le retour et au moment o\u00f9 il aura demand\u00e9 le remboursement \u00e0 sa banque.<\/p>\n<p><\/p>\n<p><strong>Article 11 \u2013 GARANTIE<\/strong><\/p>\n<p>Nous garantissons que nos produits sont conformes \u00e0 votre commande et r\u00e9pondent aux attentes normales que vous pouvez en avoir compte tenu des caract\u00e9ristiques du produit. Nous garantissons \u00e9galement que les articles sont conformes \u00e0 toutes les lois en vigueur au moment de votre commande. En outre, en ce qui concerne la livraison des articles, nous appliquons la p\u00e9riode de garantie minimale l\u00e9gale de deux ans si la marchandise n&#039;est pas conforme \u00e0 la commande pass\u00e9e. Cela signifie qu&#039;en cas de d\u00e9fauts ou de d\u00e9fauts de l&#039;article, l&#039;article sera r\u00e9par\u00e9 ou remplac\u00e9 gratuitement jusqu&#039;\u00e0 2 ans apr\u00e8s la livraison. Dans la mesure o\u00f9 cela est possible et raisonnable, vous avez le choix entre la r\u00e9paration ou le remplacement. Seulement dans le cas o\u00f9 la r\u00e9paration ou le remplacement est excessif ou impossible ou ne peut \u00eatre effectu\u00e9 dans un d\u00e9lai raisonnable, vous avez le droit d&#039;exiger une r\u00e9duction de prix ou la r\u00e9siliation du contrat de vente. Si le vice ou le d\u00e9faut se manifeste dans les 6 mois suivant la livraison, il sera r\u00e9put\u00e9 avoir exist\u00e9 avant la livraison, sauf preuve contraire de notre part. Apr\u00e8s 6 mois, vous devrez prouver vous-m\u00eame que le d\u00e9faut \u00e9tait d\u00e9j\u00e0 pr\u00e9sent au moment de la livraison. En tout \u00e9tat de cause, la garantie ne s&#039;applique pas aux produits endommag\u00e9s intentionnellement ou par n\u00e9gligence (casse, humidit\u00e9, temp\u00e9rature non ajust\u00e9e, rouille, infiltration d&#039;un liquide, surtension, incendie, ou toute autre forme de force majeure) et aux produits de dont il est clair qu&#039;ils ont \u00e9t\u00e9 ouverts (r\u00e9paration et\/ou r\u00e9glage effectu\u00e9s par un r\u00e9parateur non agr\u00e9\u00e9 par Oroandoro.be). De la m\u00eame mani\u00e8re, la garantie ne s&#039;applique pas si les dommages sont caus\u00e9s par l&#039;usure, le transport, une mauvaise utilisation, un entretien avec de mauvais produits et\/ou par le non-respect des instructions du manuel. Si le produit ne rel\u00e8ve pas de l&#039;une des exclusions mentionn\u00e9es ci-dessus, la garantie doit \u00eatre appel\u00e9e dans un d\u00e9lai de 2 mois \u00e0 compter de la r\u00e9ception du produit. Pass\u00e9 ces 2 mois, la caution ne pourra plus \u00eatre utilis\u00e9e. La garantie l\u00e9gale couvre \u00e9galement les vices cach\u00e9s. Pour toute question relative \u00e0 la garantie, le Client peut se rendre sur le site Oroandoro.be en cliquant sur la rubrique \u00ab Contact \u00bb.<\/p>\n<p>Les prix et tarifs sur Oroandoro.be incluent la TVA et toutes les autres taxes (sous r\u00e9serve de modification de ces taxes), sauf indication contraire sur le site Web ou dans l&#039;e-mail de confirmation.<\/p>\n<p>Les erreurs \u00e9videntes dans les prix et\/ou les descriptions et les erreurs dans une offre ne sont pas contraignantes. Lorsqu&#039;un Client ach\u00e8te un Produit sur Oroandoro.be, il accepte les conditions d&#039;annulation et de non-pr\u00e9sentation applicables.<\/p>\n<p><\/p>\n<p><strong>Article 12 \u2013 DROITS DE PROPRIETE INTELLECTUELLE<\/strong><\/p>\n<p>Les textes, la base de donn\u00e9es avec toutes les donn\u00e9es publi\u00e9es sur le site Web, la mise en page et la conception graphique des pages Web, le catalogue de vente, les photos et les images du site Web Oroandoro.be sont prot\u00e9g\u00e9s par le droit d&#039;auteur dans le monde entier. , droits d&#039;auteur, marque droits de propri\u00e9t\u00e9 intellectuelle et toutes autres formes de droits de propri\u00e9t\u00e9 intellectuelle. Ils restent donc la propri\u00e9t\u00e9 exclusive d&#039;Oroandoro.be. Par cons\u00e9quent, toute forme de copie, publication, contrefa\u00e7on ou toute autre forme d&#039;utilisation, sous quelque forme que ce soit, est interdite sans l&#039;accord \u00e9crit pr\u00e9alable de Oroandoro.be. Toute infraction \u00e0 celle-ci sera l\u00e9galement poursuivie par Oroandoro.be.<\/p>\n<p><\/p>\n<p><strong>Article 13 \u2013 RESPONSABILITE<\/strong><\/p>\n<p>Oroandoro.be ne pourra en aucun cas \u00eatre tenu responsable des dommages directs ou indirects r\u00e9sultant de l&#039;utilisation des Produits tels que d\u00e9crits \u00e0 l&#039;article 4, sauf en cas de faute intentionnelle ou de n\u00e9gligence grave de Oroandoro.be. Oroandoro.be ne peut \u00eatre tenu responsable d&#039;\u00e9ventuelles erreurs dans les photos ou les textes utilis\u00e9s pour les descriptions de produits sur le site de Oroandoro.be. Oroandoro.be d\u00e9cline toute responsabilit\u00e9 pour les dommages caus\u00e9s par un d\u00e9faut, un dysfonctionnement ou une mauvaise utilisation d&#039;un produit vendu sur le site Oroandoro.be, sauf en cas de faute intentionnelle ou de n\u00e9gligence grave de la part de Oroandoro.be. Oroandoro.be ne pourra \u00eatre tenu responsable de l&#039;impossibilit\u00e9 de livrer les commandes en cas de force majeure, telle que perturbation ou gr\u00e8ve des transports, des postes ou communications, inondation, incendie, etc. Dans tous les cas o\u00f9 la responsabilit\u00e9 de Oroandoro.be est engag\u00e9e adress\u00e9, la responsabilit\u00e9 de Oroandoro.be est limit\u00e9e au montant effectivement pay\u00e9 par le Client pour une commande.<\/p>\n<p><strong>Article 14 \u2013 LITIGES ET DROIT APPLICABLE<\/strong><\/p>\n<p>Tout litige sera port\u00e9 exclusivement devant les tribunaux de Hasselt, c&#039;est-\u00e0-dire la Justice de Paix du deuxi\u00e8me canton, le Tribunal de Premi\u00e8re Instance ou le Tribunal de Commerce, toute convention \u00e9tant r\u00e9put\u00e9e conclue \u00e0 notre si\u00e8ge social et devant \u00eatre ex\u00e9cut\u00e9 l\u00e0-bas.<\/p>\n<p><strong>Article 15 \u2013 MODIFICATIONS DES CONDITIONS GENERALES<\/strong><\/p>\n<p>Oroandoro.be peut modifier \u00e0 tout moment les conditions g\u00e9n\u00e9rales sous-jacentes, entre autres pour se conformer aux obligations l\u00e9gales.<\/p>\n<p><strong>ARTICLE 16 \u2013 PROC\u00c9DURE DE R\u00c9CLAMATION<\/strong><\/p>\n<p>La satisfaction du client est une priorit\u00e9 absolue pour Oroandoro.be. En cas de question ou de r\u00e9clamation, nous vous demandons donc de toujours contacter notre service client\u00e8le. Ils sont joignables tous les jours ouvr\u00e9s par e-mail via le lien \u00ab Contact \u00bb disponible sur toutes les pages du site. Vous pouvez compter sur une r\u00e9ponse rapide.<\/p>\n<p><\/p>\n<p>Tout litige sera port\u00e9 exclusivement devant les tribunaux de Hasselt, c&#039;est-\u00e0-dire la Justice de Paix du deuxi\u00e8me canton, le Tribunal de Premi\u00e8re Instance ou le Tribunal de Commerce, toute convention \u00e9tant r\u00e9put\u00e9e conclue \u00e0 notre si\u00e8ge social et devant \u00eatre ex\u00e9cut\u00e9 l\u00e0-bas.<\/p>\n<p><\/p>\n<p><strong>ARTICLE 17 \u2013 POLITIQUE DE CONFIDENTIALIT\u00c9<\/strong><\/p>\n<p>Voir le site Web sous la rubrique &quot;Politique de confidentialit\u00e9&quot;.<\/p>\t\t\t\t\t\t\t\t<\/div>\n\t\t\t\t<\/div>\n\t\t\t\t\t<\/div>\n\t\t<\/div>\n\t\t\t\t\t<\/div>\n\t\t<\/section>\n\t\t\t\t<\/div>","protected":false},"excerpt":{"rendered":"<p>Algemene voorwaarden Algemene Voorwaarden \u2013 September 2022 Oroandoro.be Artikel 1 \u2013 TOEPASSINGS GEBIED De onderliggende Algemene Voorwaarden schetsen het kader voor alle commerci\u00eble relaties die ontstaan door te bestellen op de website www.oroandoro.co. Zij hebben voorrang op alle andere algemene of specifieke voorwaarde. Artikel 2 \u2013 AANVAARDING Het gebruik van de website www.oroandoro.co&nbsp; evenals het [&hellip;]<\/p>\n","protected":false},"author":1,"featured_media":0,"parent":0,"menu_order":0,"comment_status":"closed","ping_status":"closed","template":"elementor_header_footer","meta":{"_acf_changed":false,"footnotes":""},"class_list":["post-987","page","type-page","status-publish","hentry"],"acf":[],"_links":{"self":[{"href":"https:\/\/oroandoro.co\/fr\/wp-json\/wp\/v2\/pages\/987","targetHints":{"allow":["GET"]}}],"collection":[{"href":"https:\/\/oroandoro.co\/fr\/wp-json\/wp\/v2\/pages"}],"about":[{"href":"https:\/\/oroandoro.co\/fr\/wp-json\/wp\/v2\/types\/page"}],"author":[{"embeddable":true,"href":"https:\/\/oroandoro.co\/fr\/wp-json\/wp\/v2\/users\/1"}],"replies":[{"embeddable":true,"href":"https:\/\/oroandoro.co\/fr\/wp-json\/wp\/v2\/comments?post=987"}],"version-history":[{"count":0,"href":"https:\/\/oroandoro.co\/fr\/wp-json\/wp\/v2\/pages\/987\/revisions"}],"wp:attachment":[{"href":"https:\/\/oroandoro.co\/fr\/wp-json\/wp\/v2\/media?parent=987"}],"curies":[{"name":"wp","href":"https:\/\/api.w.org\/{rel}","templated":true}]}}