{"id":811,"date":"2021-09-11T09:34:36","date_gmt":"2021-09-11T07:34:36","guid":{"rendered":"https:\/\/oroandoro.co\/?page_id=811"},"modified":"2022-09-20T16:02:51","modified_gmt":"2022-09-20T14:02:51","slug":"terugbetalen_retournering","status":"publish","type":"page","link":"https:\/\/oroandoro.co\/fr\/terugbetalen_retournering\/","title":{"rendered":"Politique de remboursement et de retour"},"content":{"rendered":"<div data-elementor-type=\"wp-page\" data-elementor-id=\"811\" class=\"elementor elementor-811\" data-elementor-post-type=\"page\">\n\t\t\t\t\t\t<section class=\"elementor-section elementor-top-section elementor-element elementor-element-0918180 elementor-reverse-tablet elementor-reverse-mobile elementor-section-boxed elementor-section-height-default elementor-section-height-default\" data-id=\"0918180\" data-element_type=\"section\" data-e-type=\"section\">\n\t\t\t\t\t\t<div class=\"elementor-container elementor-column-gap-default\">\n\t\t\t\t\t<div class=\"elementor-column elementor-col-100 elementor-top-column elementor-element elementor-element-6f1cfa0\" data-id=\"6f1cfa0\" data-element_type=\"column\" data-e-type=\"column\">\n\t\t\t<div class=\"elementor-widget-wrap elementor-element-populated\">\n\t\t\t\t\t\t<div data-dce-title-color=\"#000000\" class=\"elementor-element elementor-element-7ced3e3 elementor-widget elementor-widget-heading\" data-id=\"7ced3e3\" data-element_type=\"widget\" data-e-type=\"widget\" data-widget_type=\"heading.default\">\n\t\t\t\t<div class=\"elementor-widget-container\">\n\t\t\t\t\t<h1 class=\"elementor-heading-title elementor-size-default\">Exp\u00e9ditions et retours<\/h1>\t\t\t\t<\/div>\n\t\t\t\t<\/div>\n\t\t\t\t<div class=\"elementor-element elementor-element-b3e4694 elementor-widget elementor-widget-text-editor\" data-id=\"b3e4694\" data-element_type=\"widget\" data-e-type=\"widget\" data-widget_type=\"text-editor.default\">\n\t\t\t\t<div class=\"elementor-widget-container\">\n\t\t\t\t\t\t\t\t\t<p><strong><u>Belgique<\/u><\/strong><\/p><p>En Belgique, nous disposons d'un vaste r\u00e9seau de magasins et de showrooms. Vous pouvez vous rendre directement dans votre magasin pr\u00e9f\u00e9r\u00e9, mais vous pouvez \u00e9galement faire votre choix depuis votre si\u00e8ge ici, le placer dans le panier et choisir votre magasin pr\u00e8s de chez vous lors de la commande. La commande est alors pr\u00eate dans ce magasin. La collecte et le paiement se font sur place.<\/p><p>Si le client ne souhaite plus sa commande ou ne vient pas la r\u00e9cup\u00e9rer dans les 2 semaines suivant la commande, celle-ci sera retourn\u00e9e \u00e0 oroanaoro.be. Ce retour est gratuit pour le client et le magasin. En tant que client, vous pouvez facilement le signaler au point de vente ou directement \u00e0 nous via le formulaire de contact.<\/p><p><strong><u>Pays-Bas, Luxembourg, France et Allemagne<\/u><\/strong><\/p><p>Nous livrons directement aux Pays-Bas, au Luxembourg, en France et en Allemagne. Veuillez passer et payer votre commande via le panier.<\/p><p>Si vous n&#039;\u00eates pas satisfait de votre achat, vous pouvez retourner le produit gratuitement dans un d\u00e9lai de 30 jours, seuls les frais de retour sont \u00e0 la charge du client. Veuillez toujours nous contacter ici.\u00a0<\/p><p>\u00a0<\/p>\t\t\t\t\t\t\t\t<\/div>\n\t\t\t\t<\/div>\n\t\t\t\t\t<\/div>\n\t\t<\/div>\n\t\t\t\t\t<\/div>\n\t\t<\/section>\n\t\t\t\t<\/div>","protected":false},"excerpt":{"rendered":"<p>Verzending &#038; retour Belgi\u00eb In Belgi\u00eb hebben we uitgebreid netwerk van winkels en toonzalen. U kan direct naar uw favoriete winkel gaan maar u kan ook vanuit uw zetel hier uw keuze maken, deze in het winkelmandje plaatsen en bij bestelling uw winkelpunt bij u in de buurt te kiezen. De bestelling staat vervolgens klaar [&hellip;]<\/p>\n","protected":false},"author":1,"featured_media":0,"parent":0,"menu_order":0,"comment_status":"closed","ping_status":"closed","template":"elementor_header_footer","meta":{"_acf_changed":false,"footnotes":""},"class_list":["post-811","page","type-page","status-publish","hentry"],"acf":[],"_links":{"self":[{"href":"https:\/\/oroandoro.co\/fr\/wp-json\/wp\/v2\/pages\/811","targetHints":{"allow":["GET"]}}],"collection":[{"href":"https:\/\/oroandoro.co\/fr\/wp-json\/wp\/v2\/pages"}],"about":[{"href":"https:\/\/oroandoro.co\/fr\/wp-json\/wp\/v2\/types\/page"}],"author":[{"embeddable":true,"href":"https:\/\/oroandoro.co\/fr\/wp-json\/wp\/v2\/users\/1"}],"replies":[{"embeddable":true,"href":"https:\/\/oroandoro.co\/fr\/wp-json\/wp\/v2\/comments?post=811"}],"version-history":[{"count":0,"href":"https:\/\/oroandoro.co\/fr\/wp-json\/wp\/v2\/pages\/811\/revisions"}],"wp:attachment":[{"href":"https:\/\/oroandoro.co\/fr\/wp-json\/wp\/v2\/media?parent=811"}],"curies":[{"name":"wp","href":"https:\/\/api.w.org\/{rel}","templated":true}]}}