{"id":19,"date":"2021-08-11T15:52:53","date_gmt":"2021-08-11T13:52:53","guid":{"rendered":"https:\/\/oroandoro.co\/?page_id=19"},"modified":"2024-05-14T10:58:28","modified_gmt":"2024-05-14T08:58:28","slug":"over-ons","status":"publish","type":"page","link":"https:\/\/oroandoro.co\/fr\/over-ons\/","title":{"rendered":"\u00c0 propos de nous"},"content":{"rendered":"<div data-elementor-type=\"wp-page\" data-elementor-id=\"19\" class=\"elementor elementor-19\" data-elementor-post-type=\"page\">\n\t\t\t\t\t\t<section class=\"elementor-section elementor-top-section elementor-element elementor-element-8a455dc elementor-section-boxed elementor-section-height-default elementor-section-height-default\" data-id=\"8a455dc\" data-element_type=\"section\" data-e-type=\"section\">\n\t\t\t\t\t\t<div class=\"elementor-container elementor-column-gap-no\">\n\t\t\t\t\t<div class=\"elementor-column elementor-col-50 elementor-top-column elementor-element elementor-element-d701a91\" data-id=\"d701a91\" data-element_type=\"column\" data-e-type=\"column\">\n\t\t\t<div class=\"elementor-widget-wrap elementor-element-populated\">\n\t\t\t\t\t\t<div class=\"elementor-element elementor-element-d38be0d elementor-widget elementor-widget-image\" data-id=\"d38be0d\" data-element_type=\"widget\" data-e-type=\"widget\" data-widget_type=\"image.default\">\n\t\t\t\t<div class=\"elementor-widget-container\">\n\t\t\t\t\t\t\t\t\t\t\t\t\t\t\t<img fetchpriority=\"high\" decoding=\"async\" width=\"691\" height=\"725\" src=\"https:\/\/oroandoro.co\/wp-content\/uploads\/2024\/05\/lupa.shoot_.2.png\" class=\"attachment-full size-full wp-image-2749\" alt=\"\" srcset=\"https:\/\/oroandoro.co\/wp-content\/uploads\/2024\/05\/lupa.shoot_.2.png 691w, https:\/\/oroandoro.co\/wp-content\/uploads\/2024\/05\/lupa.shoot_.2-286x300.png 286w, https:\/\/oroandoro.co\/wp-content\/uploads\/2024\/05\/lupa.shoot_.2-11x12.png 11w, https:\/\/oroandoro.co\/wp-content\/uploads\/2024\/05\/lupa.shoot_.2-300x315.png 300w, https:\/\/oroandoro.co\/wp-content\/uploads\/2024\/05\/lupa.shoot_.2-600x630.png 600w\" sizes=\"(max-width: 691px) 100vw, 691px\" \/>\t\t\t\t\t\t\t\t\t\t\t\t\t\t\t<\/div>\n\t\t\t\t<\/div>\n\t\t\t\t\t<\/div>\n\t\t<\/div>\n\t\t\t\t<div class=\"elementor-column elementor-col-50 elementor-top-column elementor-element elementor-element-642d8fb\" data-id=\"642d8fb\" data-element_type=\"column\" data-e-type=\"column\">\n\t\t\t<div class=\"elementor-widget-wrap elementor-element-populated\">\n\t\t\t\t\t\t<div class=\"elementor-element elementor-element-55bbab7 elementor-widget elementor-widget-heading\" data-id=\"55bbab7\" data-element_type=\"widget\" data-e-type=\"widget\" data-widget_type=\"heading.default\">\n\t\t\t\t<div class=\"elementor-widget-container\">\n\t\t\t\t\t<h1 class=\"elementor-heading-title elementor-size-default\">Oro&amp;Oro Belgique<\/h1>\t\t\t\t<\/div>\n\t\t\t\t<\/div>\n\t\t\t\t<div class=\"elementor-element elementor-element-73fcecc elementor-widget-divider--view-line elementor-widget elementor-widget-divider\" data-id=\"73fcecc\" data-element_type=\"widget\" data-e-type=\"widget\" data-widget_type=\"divider.default\">\n\t\t\t\t<div class=\"elementor-widget-container\">\n\t\t\t\t\t\t\t<div class=\"elementor-divider\">\n\t\t\t<span class=\"elementor-divider-separator\">\n\t\t\t\t\t\t<\/span>\n\t\t<\/div>\n\t\t\t\t\t\t<\/div>\n\t\t\t\t<\/div>\n\t\t\t\t<div class=\"elementor-element elementor-element-1a36bd2 elementor-widget elementor-widget-text-editor\" data-id=\"1a36bd2\" data-element_type=\"widget\" data-e-type=\"widget\" data-widget_type=\"text-editor.default\">\n\t\t\t\t<div class=\"elementor-widget-container\">\n\t\t\t\t\t\t\t\t\t<p>Bienvenue chez \u00ab Oro &amp; Oro Belgium \u00bb, l&#039;importateur exclusif pour l&#039;Europe centrale de \u00ab Oro &amp; Oro \u00bb.<\/p><p>Depuis Diest en Belgique, nous gardons un stock afin de pouvoir vous livrer rapidement.\u00a0<\/p><p><span style=\"text-decoration: underline;\">Belgique<\/span><\/p><p>Il existe un vaste r\u00e9seau de magasins et de showrooms en Belgique. Vous pouvez vous rendre directement dans votre magasin pr\u00e9f\u00e9r\u00e9, mais bien s\u00fbr vous pouvez aussi faire votre choix depuis le confort de votre canap\u00e9, le placer dans le panier et vous faire livrer votre commande \u00e0 votre domicile.\u00a0<\/p><p><span style=\"text-decoration: underline;\">Pays-Bas, Luxembourg, France et Allemagne<\/span><\/p><p>Comme il n&#039;existe pas encore de r\u00e9seau de magasins dans nos pays voisins, les livraisons sont toujours effectu\u00e9es aux Pays-Bas, au Luxembourg, en France et en Allemagne. Veuillez passer et payer votre commande via le panier. Nous enverrons ensuite votre commande.<\/p><p>\u00a0<\/p><p>Lorsque vous choisissez \u00ab Oro &amp; Oro \u00bb, vous ne choisissez pas seulement une poign\u00e9e de porte, vous choisissez l&#039;\u00e9l\u00e9gance et le style.<\/p><p>Qu'est-ce que vous attendez ?<\/p>\t\t\t\t\t\t\t\t<\/div>\n\t\t\t\t<\/div>\n\t\t\t\t\t<\/div>\n\t\t<\/div>\n\t\t\t\t\t<\/div>\n\t\t<\/section>\n\t\t\t\t<section class=\"elementor-section elementor-top-section elementor-element elementor-element-764b13f elementor-section-boxed elementor-section-height-default elementor-section-height-default\" data-id=\"764b13f\" data-element_type=\"section\" data-e-type=\"section\">\n\t\t\t\t\t\t<div class=\"elementor-container elementor-column-gap-no\">\n\t\t\t\t\t<div class=\"elementor-column elementor-col-50 elementor-top-column elementor-element elementor-element-6ff3a95\" data-id=\"6ff3a95\" data-element_type=\"column\" data-e-type=\"column\">\n\t\t\t<div class=\"elementor-widget-wrap elementor-element-populated\">\n\t\t\t\t\t\t<div class=\"elementor-element elementor-element-8db02c0 elementor-widget elementor-widget-heading\" data-id=\"8db02c0\" data-element_type=\"widget\" data-e-type=\"widget\" data-widget_type=\"heading.default\">\n\t\t\t\t<div class=\"elementor-widget-container\">\n\t\t\t\t\t<h1 class=\"elementor-heading-title elementor-size-default\">Qualit\u00e9 garantie<\/h1>\t\t\t\t<\/div>\n\t\t\t\t<\/div>\n\t\t\t\t<div class=\"elementor-element elementor-element-ca20e05 elementor-widget-divider--view-line elementor-widget elementor-widget-divider\" data-id=\"ca20e05\" data-element_type=\"widget\" data-e-type=\"widget\" data-widget_type=\"divider.default\">\n\t\t\t\t<div class=\"elementor-widget-container\">\n\t\t\t\t\t\t\t<div class=\"elementor-divider\">\n\t\t\t<span class=\"elementor-divider-separator\">\n\t\t\t\t\t\t<\/span>\n\t\t<\/div>\n\t\t\t\t\t\t<\/div>\n\t\t\t\t<\/div>\n\t\t\t\t<div class=\"elementor-element elementor-element-dcb5afb elementor-widget elementor-widget-text-editor\" data-id=\"dcb5afb\" data-element_type=\"widget\" data-e-type=\"widget\" data-widget_type=\"text-editor.default\">\n\t\t\t\t<div class=\"elementor-widget-container\">\n\t\t\t\t\t\t\t\t\t<p>Lorsque vous achetez une authentique poign\u00e9e ORO &amp; ORO, vous achetez un produit unique, d\u00e9velopp\u00e9 et fabriqu\u00e9 selon des normes italiennes strictes<\/p><p>Apr\u00e8s tout, notre \u00e9quipe qualit\u00e9 suit des normes de qualit\u00e9 strictes.<\/p><p>Notre \u00e9quipe d&#039;inspection suit les normes europ\u00e9ennes et italiennes.<\/p><p>Un soin particulier est apport\u00e9 \u00e0 l&#039;inspection de chaque \u00e9tape du processus de production, de l&#039;achat des mati\u00e8res premi\u00e8res \u00e0 l&#039;emballage final<\/p><p>Nous offrons donc une garantie de 5 ans contre les d\u00e9fauts de fabrication :<\/p><ul><li>M\u00e9canisme d&#039;ouverture et de fermeture<\/li><\/ul><p>Nous garantissons le m\u00e9canisme d&#039;ouverture\/fermeture de nos poign\u00e9es pour au moins 200 000 mouvements d&#039;ouverture et de fermeture<\/p><ul><li>Surface<\/li><\/ul><p>Nous garantissons que le traitement de surface restera intact pendant au moins 5 ans *<\/p>\t\t\t\t\t\t\t\t<\/div>\n\t\t\t\t<\/div>\n\t\t\t\t\t<\/div>\n\t\t<\/div>\n\t\t\t\t<div class=\"elementor-column elementor-col-50 elementor-top-column elementor-element elementor-element-22a2cc2\" data-id=\"22a2cc2\" data-element_type=\"column\" data-e-type=\"column\">\n\t\t\t<div class=\"elementor-widget-wrap elementor-element-populated\">\n\t\t\t\t\t\t<div class=\"elementor-element elementor-element-e5a8876 elementor-widget__width-initial elementor-widget elementor-widget-image\" data-id=\"e5a8876\" data-element_type=\"widget\" data-e-type=\"widget\" data-widget_type=\"image.default\">\n\t\t\t\t<div class=\"elementor-widget-container\">\n\t\t\t\t\t\t\t\t\t\t\t\t\t\t\t<img decoding=\"async\" width=\"1224\" height=\"1074\" src=\"https:\/\/oroandoro.co\/wp-content\/uploads\/2024\/05\/diamand.shoot_.1.png\" class=\"attachment-2048x2048 size-2048x2048 wp-image-2748\" alt=\"\" srcset=\"https:\/\/oroandoro.co\/wp-content\/uploads\/2024\/05\/diamand.shoot_.1.png 1224w, https:\/\/oroandoro.co\/wp-content\/uploads\/2024\/05\/diamand.shoot_.1-300x263.png 300w, https:\/\/oroandoro.co\/wp-content\/uploads\/2024\/05\/diamand.shoot_.1-1024x899.png 1024w, https:\/\/oroandoro.co\/wp-content\/uploads\/2024\/05\/diamand.shoot_.1-768x674.png 768w, https:\/\/oroandoro.co\/wp-content\/uploads\/2024\/05\/diamand.shoot_.1-14x12.png 14w, https:\/\/oroandoro.co\/wp-content\/uploads\/2024\/05\/diamand.shoot_.1-600x526.png 600w\" sizes=\"(max-width: 1224px) 100vw, 1224px\" \/>\t\t\t\t\t\t\t\t\t\t\t\t\t\t\t<\/div>\n\t\t\t\t<\/div>\n\t\t\t\t\t<\/div>\n\t\t<\/div>\n\t\t\t\t\t<\/div>\n\t\t<\/section>\n\t\t\t\t<\/div>","protected":false},"excerpt":{"rendered":"<p>Oro&#038;Oro Belgium Welkom bij \u201cOro &amp; Oro Belgium\u201d, de exclusieve invoerder voor centraal Europa van \u201cOro &amp; Oro\u201d. Vanuit Diest in Belgi\u00eb houden wij voorraad aan om steeds snel te kunnen leveren.\u00a0 Belgi\u00eb In Belgi\u00eb bestaat er een uitgebreid netwerk van winkels en toonzalen. U kan direct naar uw favoriete winkel gaan maar u kan [&hellip;]<\/p>\n","protected":false},"author":1,"featured_media":0,"parent":0,"menu_order":0,"comment_status":"closed","ping_status":"closed","template":"elementor_header_footer","meta":{"_acf_changed":false,"footnotes":""},"class_list":["post-19","page","type-page","status-publish","hentry"],"acf":[],"_links":{"self":[{"href":"https:\/\/oroandoro.co\/fr\/wp-json\/wp\/v2\/pages\/19","targetHints":{"allow":["GET"]}}],"collection":[{"href":"https:\/\/oroandoro.co\/fr\/wp-json\/wp\/v2\/pages"}],"about":[{"href":"https:\/\/oroandoro.co\/fr\/wp-json\/wp\/v2\/types\/page"}],"author":[{"embeddable":true,"href":"https:\/\/oroandoro.co\/fr\/wp-json\/wp\/v2\/users\/1"}],"replies":[{"embeddable":true,"href":"https:\/\/oroandoro.co\/fr\/wp-json\/wp\/v2\/comments?post=19"}],"version-history":[{"count":0,"href":"https:\/\/oroandoro.co\/fr\/wp-json\/wp\/v2\/pages\/19\/revisions"}],"wp:attachment":[{"href":"https:\/\/oroandoro.co\/fr\/wp-json\/wp\/v2\/media?parent=19"}],"curies":[{"name":"wp","href":"https:\/\/api.w.org\/{rel}","templated":true}]}}