{"id":1801,"date":"2022-09-13T11:57:48","date_gmt":"2022-09-13T09:57:48","guid":{"rendered":"https:\/\/oroandoro.co\/?page_id=1801"},"modified":"2022-09-14T15:52:35","modified_gmt":"2022-09-14T13:52:35","slug":"onze-beloftes","status":"publish","type":"page","link":"https:\/\/oroandoro.co\/fr\/onze-beloftes\/","title":{"rendered":"Nos promesses"},"content":{"rendered":"<div data-elementor-type=\"wp-page\" data-elementor-id=\"1801\" class=\"elementor elementor-1801\" data-elementor-post-type=\"page\">\n\t\t\t\t\t\t<section class=\"elementor-section elementor-top-section elementor-element elementor-element-7016680 elementor-reverse-tablet elementor-reverse-mobile elementor-section-boxed elementor-section-height-default elementor-section-height-default\" data-id=\"7016680\" data-element_type=\"section\" data-e-type=\"section\">\n\t\t\t\t\t\t<div class=\"elementor-container elementor-column-gap-default\">\n\t\t\t\t\t<div class=\"elementor-column elementor-col-100 elementor-top-column elementor-element elementor-element-fe8fe52\" data-id=\"fe8fe52\" data-element_type=\"column\" data-e-type=\"column\">\n\t\t\t<div class=\"elementor-widget-wrap elementor-element-populated\">\n\t\t\t\t\t\t<div data-dce-title-color=\"#000000\" class=\"elementor-element elementor-element-9b61de2 elementor-widget elementor-widget-heading\" data-id=\"9b61de2\" data-element_type=\"widget\" data-e-type=\"widget\" data-widget_type=\"heading.default\">\n\t\t\t\t<div class=\"elementor-widget-container\">\n\t\t\t\t\t<h1 class=\"elementor-heading-title elementor-size-default\">Nos promesses<\/h1>\t\t\t\t<\/div>\n\t\t\t\t<\/div>\n\t\t\t\t\t<\/div>\n\t\t<\/div>\n\t\t\t\t\t<\/div>\n\t\t<\/section>\n\t\t\t\t<section class=\"elementor-section elementor-top-section elementor-element elementor-element-c6fea9f elementor-section-boxed elementor-section-height-default elementor-section-height-default\" data-id=\"c6fea9f\" data-element_type=\"section\" data-e-type=\"section\">\n\t\t\t\t\t\t<div class=\"elementor-container elementor-column-gap-default\">\n\t\t\t\t\t<div class=\"elementor-column elementor-col-50 elementor-top-column elementor-element elementor-element-946ccbf\" data-id=\"946ccbf\" data-element_type=\"column\" data-e-type=\"column\">\n\t\t\t<div class=\"elementor-widget-wrap elementor-element-populated\">\n\t\t\t\t\t\t<div class=\"elementor-element elementor-element-cd571b5 elementor-widget elementor-widget-text-editor\" data-id=\"cd571b5\" data-element_type=\"widget\" data-e-type=\"widget\" data-widget_type=\"text-editor.default\">\n\t\t\t\t<div class=\"elementor-widget-container\">\n\t\t\t\t\t\t\t\t\t<p>Lorsque vous achetez une authentique poign\u00e9e ORO &amp; ORO, vous achetez un produit unique, d\u00e9velopp\u00e9 et fabriqu\u00e9 selon des normes italiennes strictes<\/p><p>Nous garantissons:<\/p><ul><li>le m\u00e9canisme d'ouverture\/fermeture de nos poign\u00e9es pour au moins 200 000 mouvements d'ouverture et de fermeture<\/li><li>que le traitement de surface restera intact pendant au moins 5 ans *<\/li><li>Que la poign\u00e9e se tient bien dans la main, une condition stricte dans le processus de conception<\/li><li>Que chaque mod\u00e8le a sa propre identit\u00e9 et apparence, donnant \u00e0 votre porte une apparence \u00e9l\u00e9gante<\/li><\/ul><p>\u00a0<\/p><p><em>Donc, si vous choisissez \"ORO &amp; ORO\", vous n'achetez pas seulement une poign\u00e9e de porte pour votre porte,<\/em><\/p><p><em><strong>Vous choisissez l'\u00e9l\u00e9gance, la beaut\u00e9 et le style\u2026<\/strong><\/em><\/p>\t\t\t\t\t\t\t\t<\/div>\n\t\t\t\t<\/div>\n\t\t\t\t\t<\/div>\n\t\t<\/div>\n\t\t\t\t<div class=\"elementor-column elementor-col-50 elementor-top-column elementor-element elementor-element-b0f769e\" data-id=\"b0f769e\" data-element_type=\"column\" data-e-type=\"column\">\n\t\t\t<div class=\"elementor-widget-wrap elementor-element-populated\">\n\t\t\t\t\t\t<div class=\"elementor-element elementor-element-291ebb3 elementor-widget elementor-widget-video\" data-id=\"291ebb3\" data-element_type=\"widget\" data-e-type=\"widget\" data-settings=\"{&quot;video_type&quot;:&quot;hosted&quot;,&quot;autoplay&quot;:&quot;yes&quot;,&quot;controls&quot;:&quot;yes&quot;}\" data-widget_type=\"video.default\">\n\t\t\t\t<div class=\"elementor-widget-container\">\n\t\t\t\t\t\t\t<div class=\"e-hosted-video elementor-wrapper elementor-open-inline\">\n\t\t\t\t\t<video class=\"elementor-video\" src=\"https:\/\/oroandoro.co\/wp-content\/uploads\/2022\/09\/072-16E-MSN_Blur.mp4\" autoplay=\"\" controls=\"\" controlslist=\"nodownload\"><\/video>\n\t\t\t\t<\/div>\n\t\t\t\t\t\t<\/div>\n\t\t\t\t<\/div>\n\t\t\t\t\t<\/div>\n\t\t<\/div>\n\t\t\t\t\t<\/div>\n\t\t<\/section>\n\t\t\t\t<section class=\"elementor-section elementor-top-section elementor-element elementor-element-92428f9 elementor-section-boxed elementor-section-height-default elementor-section-height-default\" data-id=\"92428f9\" data-element_type=\"section\" data-e-type=\"section\">\n\t\t\t\t\t\t<div class=\"elementor-container elementor-column-gap-default\">\n\t\t\t\t\t<div class=\"elementor-column elementor-col-100 elementor-top-column elementor-element elementor-element-76e13a4\" data-id=\"76e13a4\" data-element_type=\"column\" data-e-type=\"column\">\n\t\t\t<div class=\"elementor-widget-wrap\">\n\t\t\t\t\t\t\t<\/div>\n\t\t<\/div>\n\t\t\t\t\t<\/div>\n\t\t<\/section>\n\t\t\t\t<section class=\"elementor-section elementor-top-section elementor-element elementor-element-a969124 elementor-section-boxed elementor-section-height-default elementor-section-height-default\" data-id=\"a969124\" data-element_type=\"section\" data-e-type=\"section\">\n\t\t\t\t\t\t<div class=\"elementor-container elementor-column-gap-default\">\n\t\t\t\t\t<div class=\"elementor-column elementor-col-100 elementor-top-column elementor-element elementor-element-6991187\" data-id=\"6991187\" data-element_type=\"column\" data-e-type=\"column\">\n\t\t\t<div class=\"elementor-widget-wrap elementor-element-populated\">\n\t\t\t\t\t\t<div class=\"elementor-element elementor-element-b13bf82 elementor-widget elementor-widget-image\" data-id=\"b13bf82\" data-element_type=\"widget\" data-e-type=\"widget\" data-widget_type=\"image.default\">\n\t\t\t\t<div class=\"elementor-widget-container\">\n\t\t\t\t\t\t\t\t\t\t\t\t\t\t\t<img fetchpriority=\"high\" decoding=\"async\" width=\"743\" height=\"467\" src=\"https:\/\/oroandoro.co\/wp-content\/uploads\/2021\/08\/OROORO-kwaliteitscertificate.jpg\" class=\"attachment-large size-large wp-image-897\" alt=\"\" srcset=\"https:\/\/oroandoro.co\/wp-content\/uploads\/2021\/08\/OROORO-kwaliteitscertificate.jpg 743w, https:\/\/oroandoro.co\/wp-content\/uploads\/2021\/08\/OROORO-kwaliteitscertificate-300x189.jpg 300w, https:\/\/oroandoro.co\/wp-content\/uploads\/2021\/08\/OROORO-kwaliteitscertificate-600x377.jpg 600w, https:\/\/oroandoro.co\/wp-content\/uploads\/2021\/08\/OROORO-kwaliteitscertificate-18x12.jpg 18w\" sizes=\"(max-width: 743px) 100vw, 743px\" \/>\t\t\t\t\t\t\t\t\t\t\t\t\t\t\t<\/div>\n\t\t\t\t<\/div>\n\t\t\t\t\t<\/div>\n\t\t<\/div>\n\t\t\t\t\t<\/div>\n\t\t<\/section>\n\t\t\t\t<\/div>","protected":false},"excerpt":{"rendered":"<p>Onze beloftes Wanneer je een authentieke ORO &amp; ORO klink aankoopt, dan koop je een uniek , elegant en stijlvol product, ontwikkeld en geproduceerd onder strenge Italiaanse normen. Wij garanderen: Het open\/sluitmechanisme van onze klinken minstens voor 200.000 open en sluitbewegingen Dat de oppervlaktebehandeling intact blijft voor minstens 5 jaar Dat de klink goed in [&hellip;]<\/p>\n","protected":false},"author":1,"featured_media":0,"parent":0,"menu_order":0,"comment_status":"closed","ping_status":"closed","template":"elementor_header_footer","meta":{"_acf_changed":false,"footnotes":""},"class_list":["post-1801","page","type-page","status-publish","hentry"],"acf":[],"_links":{"self":[{"href":"https:\/\/oroandoro.co\/fr\/wp-json\/wp\/v2\/pages\/1801","targetHints":{"allow":["GET"]}}],"collection":[{"href":"https:\/\/oroandoro.co\/fr\/wp-json\/wp\/v2\/pages"}],"about":[{"href":"https:\/\/oroandoro.co\/fr\/wp-json\/wp\/v2\/types\/page"}],"author":[{"embeddable":true,"href":"https:\/\/oroandoro.co\/fr\/wp-json\/wp\/v2\/users\/1"}],"replies":[{"embeddable":true,"href":"https:\/\/oroandoro.co\/fr\/wp-json\/wp\/v2\/comments?post=1801"}],"version-history":[{"count":0,"href":"https:\/\/oroandoro.co\/fr\/wp-json\/wp\/v2\/pages\/1801\/revisions"}],"wp:attachment":[{"href":"https:\/\/oroandoro.co\/fr\/wp-json\/wp\/v2\/media?parent=1801"}],"curies":[{"name":"wp","href":"https:\/\/api.w.org\/{rel}","templated":true}]}}