{"id":1787,"date":"2022-09-13T11:54:12","date_gmt":"2022-09-13T09:54:12","guid":{"rendered":"https:\/\/oroandoro.co\/?page_id=1787"},"modified":"2022-09-16T11:26:18","modified_gmt":"2022-09-16T09:26:18","slug":"de-trend-van-zwarte-klinken","status":"publish","type":"page","link":"https:\/\/oroandoro.co\/fr\/de-trend-van-zwarte-klinken\/","title":{"rendered":"La tendance des poign\u00e9es noires expliqu\u00e9e"},"content":{"rendered":"<div data-elementor-type=\"wp-page\" data-elementor-id=\"1787\" class=\"elementor elementor-1787\" data-elementor-post-type=\"page\">\n\t\t\t\t\t\t<section class=\"elementor-section elementor-top-section elementor-element elementor-element-b628012 elementor-section-boxed elementor-section-height-default elementor-section-height-default\" data-id=\"b628012\" data-element_type=\"section\" data-e-type=\"section\">\n\t\t\t\t\t\t<div class=\"elementor-container elementor-column-gap-default\">\n\t\t\t\t\t<div class=\"elementor-column elementor-col-50 elementor-top-column elementor-element elementor-element-d6920c3\" data-id=\"d6920c3\" data-element_type=\"column\" data-e-type=\"column\">\n\t\t\t<div class=\"elementor-widget-wrap elementor-element-populated\">\n\t\t\t\t\t\t<div class=\"elementor-element elementor-element-1db4035 elementor-widget elementor-widget-text-editor\" data-id=\"1db4035\" data-element_type=\"widget\" data-e-type=\"widget\" data-widget_type=\"text-editor.default\">\n\t\t\t\t<div class=\"elementor-widget-container\">\n\t\t\t\t\t\t\t\t\t<h3><strong><span style=\"text-decoration-line: underline;\">La tendance des poign\u00e9es noires expliqu\u00e9e<\/span><\/strong><\/h3><p><em>Le choix des accents noirs dans un int\u00e9rieur et des garnitures de porte noires est clair. 75% de ce que nous vendons dans la quincaillerie de porte est noir. Cependant, le noir est la couleur la plus sombre et la plus dure que nous ayons dans l&#039;arsenal de couleurs. <\/em><\/p><p><em>Quelle est alors l&#039;attirance du noir ?<\/em><\/p><p><em>Le pouvoir du noir est tr\u00e8s simple : <strong>le noir est \u00e9l\u00e9gant et offre un contraste serr\u00e9<\/strong>. <\/em><\/p><p><em>\u00a0<\/em><em><strong><u>Le noir offre un contraste<\/u><\/strong><\/em><\/p><p><em>Le noir joue actuellement un r\u00f4le important dans un int\u00e9rieur car il assure que les autres couleurs prennent tout leur sens. Le noir ajoute un certain dynamisme et une certaine profondeur, pour ainsi dire. Il n&#039;attire pas l&#039;attention en soi mais assure que le reste de votre int\u00e9rieur se d\u00e9marquera d&#039;autant plus !<\/em><\/p><p><em>\u00a0<\/em><em><strong><u>Montrez du courage avec du noir dans votre int\u00e9rieur<\/u><\/strong><\/em><\/p><p><em>Tout comme avec les v\u00eatements noirs, le noir donne un look \u00e9l\u00e9gant. Il est synonyme de myst\u00e9rieux, rebelle et ajoute un caract\u00e8re suppl\u00e9mentaire \u00e0 votre maison et \u00e0 votre int\u00e9rieur. <\/em><\/p><p><em>\u00a0<\/em><em><strong><u>Le noir est de retour<\/u><\/strong><\/em><\/p><p><em>En raison de l&#039;\u00e9mergence de nouveaux styles de vie modernes, le noir est de retour \u00e0 la mode. Vous trouverez souvent du noir dans un int\u00e9rieur moderne. En revanche, le noir joue souvent un r\u00f4le dans un style de vie plut\u00f4t industriel, car il ajoute un accent vintage. En cons\u00e9quence, le caract\u00e8re dur du noir s&#039;accorde \u00e0 merveille avec cela.<\/em><\/p><p><em><strong><u>Combinaison noir avec blanc<\/u><\/strong><\/em><\/p><p><em>L&#039;amour du noir et blanc est universel et de tous les temps.<\/em><\/p><p><em>Nous sommes souvent attir\u00e9s par les contrastes noir et blanc dans un int\u00e9rieur car ces contrastes renforcent la sensation d&#039;espace. Apr\u00e8s tout, c&#039;est le plus grand contraste possible. Il est intemporel et forme une base calme sur laquelle toutes les autres couleurs peuvent s&#039;\u00e9panouir. Regardez \u00e0 quel point ce noir ACE s&#039;accorde parfaitement avec une porte blanche. Encore plus serr\u00e9 sans rosas inutiles.<\/em><\/p><p>\u00a0<\/p>\t\t\t\t\t\t\t\t<\/div>\n\t\t\t\t<\/div>\n\t\t\t\t\t<\/div>\n\t\t<\/div>\n\t\t\t\t<div class=\"elementor-column elementor-col-50 elementor-top-column elementor-element elementor-element-8d2a23c\" data-id=\"8d2a23c\" data-element_type=\"column\" data-e-type=\"column\">\n\t\t\t<div class=\"elementor-widget-wrap elementor-element-populated\">\n\t\t\t\t\t\t<div class=\"elementor-element elementor-element-ec7a95a elementor-widget elementor-widget-image\" data-id=\"ec7a95a\" data-element_type=\"widget\" data-e-type=\"widget\" data-widget_type=\"image.default\">\n\t\t\t\t<div class=\"elementor-widget-container\">\n\t\t\t\t\t\t\t\t\t\t\t\t\t\t\t<img fetchpriority=\"high\" decoding=\"async\" width=\"724\" height=\"1024\" src=\"https:\/\/oroandoro.co\/wp-content\/uploads\/2022\/09\/123-24E1-724x1024.jpg\" class=\"attachment-large size-large wp-image-1750\" alt=\"\" srcset=\"https:\/\/oroandoro.co\/wp-content\/uploads\/2022\/09\/123-24E1-724x1024.jpg 724w, https:\/\/oroandoro.co\/wp-content\/uploads\/2022\/09\/123-24E1-scaled-300x424.jpg 300w, https:\/\/oroandoro.co\/wp-content\/uploads\/2022\/09\/123-24E1-212x300.jpg 212w, https:\/\/oroandoro.co\/wp-content\/uploads\/2022\/09\/123-24E1-scaled-600x849.jpg 600w, https:\/\/oroandoro.co\/wp-content\/uploads\/2022\/09\/123-24E1-768x1086.jpg 768w, https:\/\/oroandoro.co\/wp-content\/uploads\/2022\/09\/123-24E1-1086x1536.jpg 1086w, https:\/\/oroandoro.co\/wp-content\/uploads\/2022\/09\/123-24E1-1448x2048.jpg 1448w, https:\/\/oroandoro.co\/wp-content\/uploads\/2022\/09\/123-24E1-8x12.jpg 8w, https:\/\/oroandoro.co\/wp-content\/uploads\/2022\/09\/123-24E1-scaled.jpg 1810w\" sizes=\"(max-width: 724px) 100vw, 724px\" \/>\t\t\t\t\t\t\t\t\t\t\t\t\t\t\t<\/div>\n\t\t\t\t<\/div>\n\t\t\t\t\t<\/div>\n\t\t<\/div>\n\t\t\t\t\t<\/div>\n\t\t<\/section>\n\t\t\t\t<section class=\"elementor-section elementor-top-section elementor-element elementor-element-cdc8800 elementor-section-boxed elementor-section-height-default elementor-section-height-default\" data-id=\"cdc8800\" data-element_type=\"section\" data-e-type=\"section\">\n\t\t\t\t\t\t<div class=\"elementor-container elementor-column-gap-default\">\n\t\t\t\t\t<div class=\"elementor-column elementor-col-100 elementor-top-column elementor-element elementor-element-6eb9f1c\" data-id=\"6eb9f1c\" data-element_type=\"column\" data-e-type=\"column\">\n\t\t\t<div class=\"elementor-widget-wrap elementor-element-populated\">\n\t\t\t\t\t\t<div class=\"elementor-element elementor-element-73b2088 elementor-widget__width-initial elementor-widget elementor-widget-video\" data-id=\"73b2088\" data-element_type=\"widget\" data-e-type=\"widget\" data-settings=\"{&quot;video_type&quot;:&quot;hosted&quot;,&quot;autoplay&quot;:&quot;yes&quot;,&quot;mute&quot;:&quot;yes&quot;,&quot;controls&quot;:&quot;yes&quot;}\" data-widget_type=\"video.default\">\n\t\t\t\t<div class=\"elementor-widget-container\">\n\t\t\t\t\t\t\t<div class=\"e-hosted-video elementor-wrapper elementor-open-inline\">\n\t\t\t\t\t<video class=\"elementor-video\" src=\"https:\/\/oroandoro.co\/wp-content\/uploads\/2022\/09\/106-15E-BLACK-PANTHER.mp4\" autoplay=\"\" controls=\"\" muted=\"muted\" controlslist=\"nodownload\"><\/video>\n\t\t\t\t<\/div>\n\t\t\t\t\t\t<\/div>\n\t\t\t\t<\/div>\n\t\t\t\t\t<\/div>\n\t\t<\/div>\n\t\t\t\t\t<\/div>\n\t\t<\/section>\n\t\t\t\t<\/div>","protected":false},"excerpt":{"rendered":"<p>De trend van zwarte klinken De keuze voor zwarte accenten in een interieur \u00e9n zwart deurbeslag is duidelijk. 75% van wat wij verkopen in deurbeslag is zwart. Nochtans, zwart is de meest donkere en harde kleur die we hebben in het kleurenarsenaal. Wat is dan de aantrekkingskracht van zwart ? De kracht van zwart is [&hellip;]<\/p>\n","protected":false},"author":1,"featured_media":0,"parent":0,"menu_order":0,"comment_status":"closed","ping_status":"closed","template":"elementor_header_footer","meta":{"_acf_changed":false,"footnotes":""},"class_list":["post-1787","page","type-page","status-publish","hentry"],"acf":[],"_links":{"self":[{"href":"https:\/\/oroandoro.co\/fr\/wp-json\/wp\/v2\/pages\/1787","targetHints":{"allow":["GET"]}}],"collection":[{"href":"https:\/\/oroandoro.co\/fr\/wp-json\/wp\/v2\/pages"}],"about":[{"href":"https:\/\/oroandoro.co\/fr\/wp-json\/wp\/v2\/types\/page"}],"author":[{"embeddable":true,"href":"https:\/\/oroandoro.co\/fr\/wp-json\/wp\/v2\/users\/1"}],"replies":[{"embeddable":true,"href":"https:\/\/oroandoro.co\/fr\/wp-json\/wp\/v2\/comments?post=1787"}],"version-history":[{"count":0,"href":"https:\/\/oroandoro.co\/fr\/wp-json\/wp\/v2\/pages\/1787\/revisions"}],"wp:attachment":[{"href":"https:\/\/oroandoro.co\/fr\/wp-json\/wp\/v2\/media?parent=1787"}],"curies":[{"name":"wp","href":"https:\/\/api.w.org\/{rel}","templated":true}]}}