{"id":1775,"date":"2022-09-13T11:50:19","date_gmt":"2022-09-13T09:50:19","guid":{"rendered":"https:\/\/oroandoro.co\/?page_id=1775"},"modified":"2024-05-14T10:17:26","modified_gmt":"2024-05-14T08:17:26","slug":"vind-de-klink-die-bij-je-past","status":"publish","type":"page","link":"https:\/\/oroandoro.co\/fr\/vind-de-klink-die-bij-je-past\/","title":{"rendered":"Trouver la poign\u00e9e qui vous convient"},"content":{"rendered":"<div data-elementor-type=\"wp-page\" data-elementor-id=\"1775\" class=\"elementor elementor-1775\" data-elementor-post-type=\"page\">\n\t\t\t\t\t\t<section class=\"elementor-section elementor-top-section elementor-element elementor-element-a071e6f elementor-section-boxed elementor-section-height-default elementor-section-height-default\" data-id=\"a071e6f\" data-element_type=\"section\" data-e-type=\"section\">\n\t\t\t\t\t\t<div class=\"elementor-container elementor-column-gap-default\">\n\t\t\t\t\t<div class=\"elementor-column elementor-col-50 elementor-top-column elementor-element elementor-element-dc4033a\" data-id=\"dc4033a\" data-element_type=\"column\" data-e-type=\"column\">\n\t\t\t<div class=\"elementor-widget-wrap elementor-element-populated\">\n\t\t\t\t\t\t<div class=\"elementor-element elementor-element-c0a20e2 elementor-widget elementor-widget-text-editor\" data-id=\"c0a20e2\" data-element_type=\"widget\" data-e-type=\"widget\" data-widget_type=\"text-editor.default\">\n\t\t\t\t<div class=\"elementor-widget-container\">\n\t\t\t\t\t\t\t\t\t<h4><strong>Trouver la poign\u00e9e qui vous convient<\/strong><\/h4><p><em>La tendance est claire, beaucoup pensent qu'une poign\u00e9e de porte doit \u00eatre fonctionnelle et doit \u00eatre assortie \u00e0 l'int\u00e9rieur. Mais comment le savez-vous et par o\u00f9 commencer ?<\/em><\/p><p><em>Pour vous faciliter la vie, nous avons d\u00e9velopp\u00e9 une application qui visualise votre choix sur une porte de votre choix. De cette fa\u00e7on, vous pouvez facilement vous promener et sonner \u00e0 la maison et m\u00eame essayer diff\u00e9rentes couleurs.<\/em><\/p><p><em>\u00a0<\/em><em>Comment \u00e7a marche ?<\/em><\/p><p><em>\u00c9tape 1 : scannez le code-barres pour t\u00e9l\u00e9charger l'application<\/em><\/p><p><em>Etape 2 : suivez les instructions et installez l'application<\/em><\/p><p><em>\u00c9tape 3 : cliquez sur 'essayer une poign\u00e9e' et faites votre choix dans la gamme\u00a0<\/em><\/p><p><em>\u00c9tape 4 : faites le tour et essayez votre choix sur une porte\u00a0<\/em><\/p>\t\t\t\t\t\t\t\t<\/div>\n\t\t\t\t<\/div>\n\t\t\t\t\t<\/div>\n\t\t<\/div>\n\t\t\t\t<div class=\"elementor-column elementor-col-50 elementor-top-column elementor-element elementor-element-50d6b34\" data-id=\"50d6b34\" data-element_type=\"column\" data-e-type=\"column\">\n\t\t\t<div class=\"elementor-widget-wrap elementor-element-populated\">\n\t\t\t\t\t\t<div class=\"elementor-element elementor-element-dcc7ceb elementor-widget__width-initial elementor-widget elementor-widget-image\" data-id=\"dcc7ceb\" data-element_type=\"widget\" data-e-type=\"widget\" data-widget_type=\"image.default\">\n\t\t\t\t<div class=\"elementor-widget-container\">\n\t\t\t\t\t\t\t\t\t\t\t\t\t\t\t<img fetchpriority=\"high\" decoding=\"async\" width=\"2048\" height=\"1660\" src=\"https:\/\/oroandoro.co\/wp-content\/uploads\/2024\/05\/prent-app1-2048x1660.png\" class=\"attachment-2048x2048 size-2048x2048 wp-image-2733\" alt=\"\" srcset=\"https:\/\/oroandoro.co\/wp-content\/uploads\/2024\/05\/prent-app1-2048x1660.png 2048w, https:\/\/oroandoro.co\/wp-content\/uploads\/2024\/05\/prent-app1-300x243.png 300w, https:\/\/oroandoro.co\/wp-content\/uploads\/2024\/05\/prent-app1-1024x830.png 1024w, https:\/\/oroandoro.co\/wp-content\/uploads\/2024\/05\/prent-app1-768x622.png 768w, https:\/\/oroandoro.co\/wp-content\/uploads\/2024\/05\/prent-app1-1536x1245.png 1536w, https:\/\/oroandoro.co\/wp-content\/uploads\/2024\/05\/prent-app1-15x12.png 15w, https:\/\/oroandoro.co\/wp-content\/uploads\/2024\/05\/prent-app1-600x486.png 600w\" sizes=\"(max-width: 2048px) 100vw, 2048px\" \/>\t\t\t\t\t\t\t\t\t\t\t\t\t\t\t<\/div>\n\t\t\t\t<\/div>\n\t\t\t\t\t<\/div>\n\t\t<\/div>\n\t\t\t\t\t<\/div>\n\t\t<\/section>\n\t\t\t\t<section class=\"elementor-section elementor-top-section elementor-element elementor-element-9206881 elementor-section-boxed elementor-section-height-default elementor-section-height-default\" data-id=\"9206881\" data-element_type=\"section\" data-e-type=\"section\">\n\t\t\t\t\t\t<div class=\"elementor-container elementor-column-gap-default\">\n\t\t\t\t\t<div class=\"elementor-column elementor-col-33 elementor-top-column elementor-element elementor-element-7ff7a1b\" data-id=\"7ff7a1b\" data-element_type=\"column\" data-e-type=\"column\">\n\t\t\t<div class=\"elementor-widget-wrap elementor-element-populated\">\n\t\t\t\t\t\t<div class=\"elementor-element elementor-element-8cc9671 elementor-widget elementor-widget-text-editor\" data-id=\"8cc9671\" data-element_type=\"widget\" data-e-type=\"widget\" data-widget_type=\"text-editor.default\">\n\t\t\t\t<div class=\"elementor-widget-container\">\n\t\t\t\t\t\t\t\t\t<h5>Cliquez sur 'Essayez une poign\u00e9e'<\/h5>\t\t\t\t\t\t\t\t<\/div>\n\t\t\t\t<\/div>\n\t\t\t\t\t<\/div>\n\t\t<\/div>\n\t\t\t\t<div class=\"elementor-column elementor-col-33 elementor-top-column elementor-element elementor-element-1f4e1fe\" data-id=\"1f4e1fe\" data-element_type=\"column\" data-e-type=\"column\">\n\t\t\t<div class=\"elementor-widget-wrap elementor-element-populated\">\n\t\t\t\t\t\t<div class=\"elementor-element elementor-element-fc0a57b elementor-widget elementor-widget-text-editor\" data-id=\"fc0a57b\" data-element_type=\"widget\" data-e-type=\"widget\" data-widget_type=\"text-editor.default\">\n\t\t\t\t<div class=\"elementor-widget-container\">\n\t\t\t\t\t\t\t\t\t<h5>Faites votre choix parmi le top 5 des poign\u00e9es en haut<\/h5>\t\t\t\t\t\t\t\t<\/div>\n\t\t\t\t<\/div>\n\t\t\t\t\t<\/div>\n\t\t<\/div>\n\t\t\t\t<div class=\"elementor-column elementor-col-33 elementor-top-column elementor-element elementor-element-a2af976\" data-id=\"a2af976\" data-element_type=\"column\" data-e-type=\"column\">\n\t\t\t<div class=\"elementor-widget-wrap elementor-element-populated\">\n\t\t\t\t\t\t<div class=\"elementor-element elementor-element-0003b57 elementor-widget elementor-widget-text-editor\" data-id=\"0003b57\" data-element_type=\"widget\" data-e-type=\"widget\" data-widget_type=\"text-editor.default\">\n\t\t\t\t<div class=\"elementor-widget-container\">\n\t\t\t\t\t\t\t\t\t<h5>Ou parmi la gamme compl\u00e8te disponible ci-dessous<\/h5>\t\t\t\t\t\t\t\t<\/div>\n\t\t\t\t<\/div>\n\t\t\t\t\t<\/div>\n\t\t<\/div>\n\t\t\t\t\t<\/div>\n\t\t<\/section>\n\t\t\t\t<section class=\"elementor-section elementor-top-section elementor-element elementor-element-b3a2374 elementor-section-boxed elementor-section-height-default elementor-section-height-default\" data-id=\"b3a2374\" data-element_type=\"section\" data-e-type=\"section\">\n\t\t\t\t\t\t<div class=\"elementor-container elementor-column-gap-default\">\n\t\t\t\t\t<div class=\"elementor-column elementor-col-33 elementor-top-column elementor-element elementor-element-d4d9b5b\" data-id=\"d4d9b5b\" data-element_type=\"column\" data-e-type=\"column\">\n\t\t\t<div class=\"elementor-widget-wrap elementor-element-populated\">\n\t\t\t\t\t\t<div class=\"elementor-element elementor-element-cc34f29 elementor-widget elementor-widget-image\" data-id=\"cc34f29\" data-element_type=\"widget\" data-e-type=\"widget\" data-widget_type=\"image.default\">\n\t\t\t\t<div class=\"elementor-widget-container\">\n\t\t\t\t\t\t\t\t\t\t\t\t\t\t\t<img decoding=\"async\" width=\"295\" height=\"640\" src=\"https:\/\/oroandoro.co\/wp-content\/uploads\/2022\/09\/How-it-works-1.png\" class=\"attachment-large size-large wp-image-1958\" alt=\"\" srcset=\"https:\/\/oroandoro.co\/wp-content\/uploads\/2022\/09\/How-it-works-1.png 295w, https:\/\/oroandoro.co\/wp-content\/uploads\/2022\/09\/How-it-works-1-138x300.png 138w, https:\/\/oroandoro.co\/wp-content\/uploads\/2022\/09\/How-it-works-1-6x12.png 6w\" sizes=\"(max-width: 295px) 100vw, 295px\" \/>\t\t\t\t\t\t\t\t\t\t\t\t\t\t\t<\/div>\n\t\t\t\t<\/div>\n\t\t\t\t\t<\/div>\n\t\t<\/div>\n\t\t\t\t<div class=\"elementor-column elementor-col-33 elementor-top-column elementor-element elementor-element-30c0481\" data-id=\"30c0481\" data-element_type=\"column\" data-e-type=\"column\">\n\t\t\t<div class=\"elementor-widget-wrap elementor-element-populated\">\n\t\t\t\t\t\t<div class=\"elementor-element elementor-element-325eba9 elementor-widget elementor-widget-image\" data-id=\"325eba9\" data-element_type=\"widget\" data-e-type=\"widget\" data-widget_type=\"image.default\">\n\t\t\t\t<div class=\"elementor-widget-container\">\n\t\t\t\t\t\t\t\t\t\t\t\t\t\t\t<img decoding=\"async\" width=\"295\" height=\"640\" src=\"https:\/\/oroandoro.co\/wp-content\/uploads\/2022\/09\/How-it-works-2.png\" class=\"attachment-large size-large wp-image-1959\" alt=\"\" srcset=\"https:\/\/oroandoro.co\/wp-content\/uploads\/2022\/09\/How-it-works-2.png 295w, https:\/\/oroandoro.co\/wp-content\/uploads\/2022\/09\/How-it-works-2-138x300.png 138w, https:\/\/oroandoro.co\/wp-content\/uploads\/2022\/09\/How-it-works-2-6x12.png 6w\" sizes=\"(max-width: 295px) 100vw, 295px\" \/>\t\t\t\t\t\t\t\t\t\t\t\t\t\t\t<\/div>\n\t\t\t\t<\/div>\n\t\t\t\t\t<\/div>\n\t\t<\/div>\n\t\t\t\t<div class=\"elementor-column elementor-col-33 elementor-top-column elementor-element elementor-element-1bf41dc\" data-id=\"1bf41dc\" data-element_type=\"column\" data-e-type=\"column\">\n\t\t\t<div class=\"elementor-widget-wrap elementor-element-populated\">\n\t\t\t\t\t\t<div class=\"elementor-element elementor-element-9f9bbff elementor-widget elementor-widget-image\" data-id=\"9f9bbff\" data-element_type=\"widget\" data-e-type=\"widget\" data-widget_type=\"image.default\">\n\t\t\t\t<div class=\"elementor-widget-container\">\n\t\t\t\t\t\t\t\t\t\t\t\t\t\t\t<img loading=\"lazy\" decoding=\"async\" width=\"295\" height=\"640\" src=\"https:\/\/oroandoro.co\/wp-content\/uploads\/2022\/09\/How-it-works-3.png\" class=\"attachment-large size-large wp-image-1960\" alt=\"\" srcset=\"https:\/\/oroandoro.co\/wp-content\/uploads\/2022\/09\/How-it-works-3.png 295w, https:\/\/oroandoro.co\/wp-content\/uploads\/2022\/09\/How-it-works-3-138x300.png 138w, https:\/\/oroandoro.co\/wp-content\/uploads\/2022\/09\/How-it-works-3-6x12.png 6w\" sizes=\"(max-width: 295px) 100vw, 295px\" \/>\t\t\t\t\t\t\t\t\t\t\t\t\t\t\t<\/div>\n\t\t\t\t<\/div>\n\t\t\t\t\t<\/div>\n\t\t<\/div>\n\t\t\t\t\t<\/div>\n\t\t<\/section>\n\t\t\t\t<section class=\"elementor-section elementor-top-section elementor-element elementor-element-fc6dbd8 elementor-section-boxed elementor-section-height-default elementor-section-height-default\" data-id=\"fc6dbd8\" data-element_type=\"section\" data-e-type=\"section\">\n\t\t\t\t\t\t<div class=\"elementor-container elementor-column-gap-default\">\n\t\t\t\t\t<div class=\"elementor-column elementor-col-100 elementor-top-column elementor-element elementor-element-7a12d96\" data-id=\"7a12d96\" data-element_type=\"column\" data-e-type=\"column\">\n\t\t\t<div class=\"elementor-widget-wrap elementor-element-populated\">\n\t\t\t\t\t\t<div class=\"elementor-element elementor-element-6ef8abb elementor-widget elementor-widget-text-editor\" data-id=\"6ef8abb\" data-element_type=\"widget\" data-e-type=\"widget\" data-widget_type=\"text-editor.default\">\n\t\t\t\t<div class=\"elementor-widget-container\">\n\t\t\t\t\t\t\t\t\t<h5>Promenez-vous et essayez diff\u00e9rentes portes, poign\u00e9es et couleurs. Bonne chance !<\/h5>\t\t\t\t\t\t\t\t<\/div>\n\t\t\t\t<\/div>\n\t\t\t\t\t<\/div>\n\t\t<\/div>\n\t\t\t\t\t<\/div>\n\t\t<\/section>\n\t\t\t\t<section class=\"elementor-section elementor-top-section elementor-element elementor-element-03ffa21 elementor-section-boxed elementor-section-height-default elementor-section-height-default\" data-id=\"03ffa21\" data-element_type=\"section\" data-e-type=\"section\">\n\t\t\t\t\t\t<div class=\"elementor-container elementor-column-gap-default\">\n\t\t\t\t\t<div class=\"elementor-column elementor-col-33 elementor-top-column elementor-element elementor-element-0643b1e\" data-id=\"0643b1e\" data-element_type=\"column\" data-e-type=\"column\">\n\t\t\t<div class=\"elementor-widget-wrap elementor-element-populated\">\n\t\t\t\t\t\t<div class=\"elementor-element elementor-element-a686760 elementor-widget elementor-widget-image\" data-id=\"a686760\" data-element_type=\"widget\" data-e-type=\"widget\" data-widget_type=\"image.default\">\n\t\t\t\t<div class=\"elementor-widget-container\">\n\t\t\t\t\t\t\t\t\t\t\t\t<figure class=\"wp-caption\">\n\t\t\t\t\t\t\t\t\t\t<img loading=\"lazy\" decoding=\"async\" width=\"295\" height=\"640\" src=\"https:\/\/oroandoro.co\/wp-content\/uploads\/2022\/09\/How-it-works-4.png\" class=\"attachment-large size-large wp-image-1961\" alt=\"\" srcset=\"https:\/\/oroandoro.co\/wp-content\/uploads\/2022\/09\/How-it-works-4.png 295w, https:\/\/oroandoro.co\/wp-content\/uploads\/2022\/09\/How-it-works-4-138x300.png 138w, https:\/\/oroandoro.co\/wp-content\/uploads\/2022\/09\/How-it-works-4-6x12.png 6w\" sizes=\"(max-width: 295px) 100vw, 295px\" \/>\t\t\t\t\t\t\t\t\t\t\t<figcaption class=\"widget-image-caption wp-caption-text\">Timeless noir sure une porte blanche<\/figcaption>\n\t\t\t\t\t\t\t\t\t\t<\/figure>\n\t\t\t\t\t\t\t\t\t<\/div>\n\t\t\t\t<\/div>\n\t\t\t\t\t<\/div>\n\t\t<\/div>\n\t\t\t\t<div class=\"elementor-column elementor-col-33 elementor-top-column elementor-element elementor-element-1317037\" data-id=\"1317037\" data-element_type=\"column\" data-e-type=\"column\">\n\t\t\t<div class=\"elementor-widget-wrap elementor-element-populated\">\n\t\t\t\t\t\t<div class=\"elementor-element elementor-element-f74f7fe elementor-widget elementor-widget-image\" data-id=\"f74f7fe\" data-element_type=\"widget\" data-e-type=\"widget\" data-widget_type=\"image.default\">\n\t\t\t\t<div class=\"elementor-widget-container\">\n\t\t\t\t\t\t\t\t\t\t\t\t<figure class=\"wp-caption\">\n\t\t\t\t\t\t\t\t\t\t<img loading=\"lazy\" decoding=\"async\" width=\"295\" height=\"640\" src=\"https:\/\/oroandoro.co\/wp-content\/uploads\/2022\/09\/How-it-works-6-galassia.png\" class=\"attachment-large size-large wp-image-1980\" alt=\"\" srcset=\"https:\/\/oroandoro.co\/wp-content\/uploads\/2022\/09\/How-it-works-6-galassia.png 295w, https:\/\/oroandoro.co\/wp-content\/uploads\/2022\/09\/How-it-works-6-galassia-138x300.png 138w, https:\/\/oroandoro.co\/wp-content\/uploads\/2022\/09\/How-it-works-6-galassia-6x12.png 6w\" sizes=\"(max-width: 295px) 100vw, 295px\" \/>\t\t\t\t\t\t\t\t\t\t\t<figcaption class=\"widget-image-caption wp-caption-text\">Galassia Titane sur une porte blanche<\/figcaption>\n\t\t\t\t\t\t\t\t\t\t<\/figure>\n\t\t\t\t\t\t\t\t\t<\/div>\n\t\t\t\t<\/div>\n\t\t\t\t\t<\/div>\n\t\t<\/div>\n\t\t\t\t<div class=\"elementor-column elementor-col-33 elementor-top-column elementor-element elementor-element-ff26bdf\" data-id=\"ff26bdf\" data-element_type=\"column\" data-e-type=\"column\">\n\t\t\t<div class=\"elementor-widget-wrap elementor-element-populated\">\n\t\t\t\t\t\t<div class=\"elementor-element elementor-element-a736238 elementor-widget elementor-widget-image\" data-id=\"a736238\" data-element_type=\"widget\" data-e-type=\"widget\" data-widget_type=\"image.default\">\n\t\t\t\t<div class=\"elementor-widget-container\">\n\t\t\t\t\t\t\t\t\t\t\t\t<figure class=\"wp-caption\">\n\t\t\t\t\t\t\t\t\t\t<img loading=\"lazy\" decoding=\"async\" width=\"295\" height=\"640\" src=\"https:\/\/oroandoro.co\/wp-content\/uploads\/2022\/09\/How-it-works-5-alba.png\" class=\"attachment-large size-large wp-image-1979\" alt=\"\" srcset=\"https:\/\/oroandoro.co\/wp-content\/uploads\/2022\/09\/How-it-works-5-alba.png 295w, https:\/\/oroandoro.co\/wp-content\/uploads\/2022\/09\/How-it-works-5-alba-138x300.png 138w, https:\/\/oroandoro.co\/wp-content\/uploads\/2022\/09\/How-it-works-5-alba-6x12.png 6w\" sizes=\"(max-width: 295px) 100vw, 295px\" \/>\t\t\t\t\t\t\t\t\t\t\t<figcaption class=\"widget-image-caption wp-caption-text\">Alba sur une porte blanche<\/figcaption>\n\t\t\t\t\t\t\t\t\t\t<\/figure>\n\t\t\t\t\t\t\t\t\t<\/div>\n\t\t\t\t<\/div>\n\t\t\t\t\t<\/div>\n\t\t<\/div>\n\t\t\t\t\t<\/div>\n\t\t<\/section>\n\t\t\t\t<\/div>","protected":false},"excerpt":{"rendered":"<p>Vind de klink die bij je past De trend is duidelijk, velen vinden dat een deurklink functioneel moet zijn \u00e9n moet passen bij het interieur. Maar hoe weet je dat en hoe begin je hieraan ? Om u het leven makkelijk te maken hebben wij een app ontwikkeld die uw keuze visualiseert op een deur [&hellip;]<\/p>\n","protected":false},"author":1,"featured_media":0,"parent":0,"menu_order":0,"comment_status":"closed","ping_status":"closed","template":"elementor_header_footer","meta":{"_acf_changed":false,"footnotes":""},"class_list":["post-1775","page","type-page","status-publish","hentry"],"acf":[],"_links":{"self":[{"href":"https:\/\/oroandoro.co\/fr\/wp-json\/wp\/v2\/pages\/1775","targetHints":{"allow":["GET"]}}],"collection":[{"href":"https:\/\/oroandoro.co\/fr\/wp-json\/wp\/v2\/pages"}],"about":[{"href":"https:\/\/oroandoro.co\/fr\/wp-json\/wp\/v2\/types\/page"}],"author":[{"embeddable":true,"href":"https:\/\/oroandoro.co\/fr\/wp-json\/wp\/v2\/users\/1"}],"replies":[{"embeddable":true,"href":"https:\/\/oroandoro.co\/fr\/wp-json\/wp\/v2\/comments?post=1775"}],"version-history":[{"count":0,"href":"https:\/\/oroandoro.co\/fr\/wp-json\/wp\/v2\/pages\/1775\/revisions"}],"wp:attachment":[{"href":"https:\/\/oroandoro.co\/fr\/wp-json\/wp\/v2\/media?parent=1775"}],"curies":[{"name":"wp","href":"https:\/\/api.w.org\/{rel}","templated":true}]}}