{"id":1767,"date":"2022-09-13T11:46:29","date_gmt":"2022-09-13T09:46:29","guid":{"rendered":"https:\/\/oroandoro.co\/?page_id=1767"},"modified":"2022-09-16T11:26:49","modified_gmt":"2022-09-16T09:26:49","slug":"waarom-orooro","status":"publish","type":"page","link":"https:\/\/oroandoro.co\/fr\/waarom-orooro\/","title":{"rendered":"Pourquoi Oro&amp;Oro"},"content":{"rendered":"<div data-elementor-type=\"wp-page\" data-elementor-id=\"1767\" class=\"elementor elementor-1767\" data-elementor-post-type=\"page\">\n\t\t\t\t\t\t<section class=\"elementor-section elementor-top-section elementor-element elementor-element-aa6ea1d elementor-section-boxed elementor-section-height-default elementor-section-height-default\" data-id=\"aa6ea1d\" data-element_type=\"section\" data-e-type=\"section\">\n\t\t\t\t\t\t<div class=\"elementor-container elementor-column-gap-default\">\n\t\t\t\t\t<div class=\"elementor-column elementor-col-50 elementor-top-column elementor-element elementor-element-e46310b\" data-id=\"e46310b\" data-element_type=\"column\" data-e-type=\"column\">\n\t\t\t<div class=\"elementor-widget-wrap elementor-element-populated\">\n\t\t\t\t\t\t<div class=\"elementor-element elementor-element-b96ab3e elementor-widget elementor-widget-text-editor\" data-id=\"b96ab3e\" data-element_type=\"widget\" data-e-type=\"widget\" data-widget_type=\"text-editor.default\">\n\t\t\t\t<div class=\"elementor-widget-container\">\n\t\t\t\t\t\t\t\t\t<h4><em><strong><u>Bienvenue dans le monde de Oro&amp;Oro<\/u><\/strong><\/em><\/h4><p><em>Un monde de passion, d'\u00e9l\u00e9gance et de cr\u00e9ativit\u00e9.<\/em><\/p><p><em>Nous sommes une entreprise italienne qui con\u00e7oit et fabrique des poign\u00e9es de porte au c\u0153ur de Brescia, dans le nord de l'Italie.<\/em><\/p><p><em>Nous pensons qu'une poign\u00e9e doit s'imposer comme un symbole d'\u00e9l\u00e9gance, s'adapter \u00e0 vos go\u00fbts et \u00e0 votre d\u00e9coration int\u00e9rieure, en lui donnant une touche finale unique.\u00a0<\/em><em>qui s'adapte \u00e0 vos go\u00fbts et \u00e0 votre d\u00e9cor, lui donnant une touche finale unique.<\/em><\/p><p><em>Nos conceptions varient en style; des mod\u00e8les simples et minimalistes aux classiques embl\u00e9matiques, en passant par les mod\u00e8les g\u00e9om\u00e9triques et les designs futuristes<\/em><\/p><p><em>Nous de \"Oro &amp; Oro\" insistons <\/em><em>\u200b\u200b<\/em><em>sur le fait que chaque mod\u00e8le doit avoir son propre caract\u00e8re pour cr\u00e9er un <\/em><em>\u200b\u200b<\/em><em>pour lui donner une identit\u00e9 exclusive.<\/em><\/p><p><em>Pour atteindre ce niveau d'art, nous avons toujours collabor\u00e9 avec des designers tr\u00e8s talentueux dans toutes nos collections, leur faisant \"oser sortir des sentiers battus\".<\/em><\/p><p><em>En cons\u00e9quence, chaque mod\u00e8le a un caract\u00e8re clair qui parle de lui-m\u00eame.<\/em><\/p><p><em>Nos poign\u00e9es sont plus que des outils pour un <\/em><em>\u200b\u200b<\/em><em>porte \u00e0 ouvrir, ce sont des expressions de :\u00a0<\/em><strong><em>\"Style\", de \"El\u00e9gance\" et \"Beaut\u00e9\"<\/em><\/strong><\/p><p><em>Faites de votre porte plus qu'une simple entr\u00e9e,<\/em><em>transformez-la en un chef-d'\u0153uvre avec nos poign\u00e9es disponibles dans une grande vari\u00e9t\u00e9 de finitions<\/em><\/p><p><em>Nous croyons que tout ce que nous faisons refl\u00e8te notre style et notre culture.<\/em><\/p><p><em>Donc, si vous choisissez \"ORO &amp; ORO\", vous n'achetez pas seulement une poign\u00e9e de porte pour votre porte,<\/em><\/p><p><strong><em>Vous choisissez l'\u00e9l\u00e9gance, la beaut\u00e9 et le style\u2026<\/em><\/strong><\/p>\t\t\t\t\t\t\t\t<\/div>\n\t\t\t\t<\/div>\n\t\t\t\t\t<\/div>\n\t\t<\/div>\n\t\t\t\t<div class=\"elementor-column elementor-col-50 elementor-top-column elementor-element elementor-element-c5faa24\" data-id=\"c5faa24\" data-element_type=\"column\" data-e-type=\"column\">\n\t\t\t<div class=\"elementor-widget-wrap elementor-element-populated\">\n\t\t\t\t\t\t<div class=\"elementor-element elementor-element-7326261 elementor-widget elementor-widget-video\" data-id=\"7326261\" data-element_type=\"widget\" data-e-type=\"widget\" data-settings=\"{&quot;video_type&quot;:&quot;hosted&quot;,&quot;autoplay&quot;:&quot;yes&quot;,&quot;mute&quot;:&quot;yes&quot;,&quot;controls&quot;:&quot;yes&quot;}\" data-widget_type=\"video.default\">\n\t\t\t\t<div class=\"elementor-widget-container\">\n\t\t\t\t\t\t\t<div class=\"e-hosted-video elementor-wrapper elementor-open-inline\">\n\t\t\t\t\t<video class=\"elementor-video\" src=\"https:\/\/oroandoro.co\/wp-content\/uploads\/2022\/09\/Young-Girl-LR.mp4\" autoplay=\"\" controls=\"\" muted=\"muted\" controlslist=\"nodownload\"><\/video>\n\t\t\t\t<\/div>\n\t\t\t\t\t\t<\/div>\n\t\t\t\t<\/div>\n\t\t\t\t\t<\/div>\n\t\t<\/div>\n\t\t\t\t\t<\/div>\n\t\t<\/section>\n\t\t\t\t<\/div>","protected":false},"excerpt":{"rendered":"<p>Welkom in de wereld van &#8221;Oro &amp; Oro&#8221; Een wereld van passie, elegantie en creativiteit. Wij zijn een Italiaans bedrijf dat in het hart van Brescia,het noorden van Itali\u00eb,\u00a0 deurklinken ontwerpt en produceert. Wij geloven dat een handvat moet opvallen als een symbool van elegantie,\u00a0dat past bij uw smaak en uw huisinrichting, waardoor het een [&hellip;]<\/p>\n","protected":false},"author":1,"featured_media":0,"parent":0,"menu_order":0,"comment_status":"closed","ping_status":"closed","template":"elementor_header_footer","meta":{"_acf_changed":false,"footnotes":""},"class_list":["post-1767","page","type-page","status-publish","hentry"],"acf":[],"_links":{"self":[{"href":"https:\/\/oroandoro.co\/fr\/wp-json\/wp\/v2\/pages\/1767","targetHints":{"allow":["GET"]}}],"collection":[{"href":"https:\/\/oroandoro.co\/fr\/wp-json\/wp\/v2\/pages"}],"about":[{"href":"https:\/\/oroandoro.co\/fr\/wp-json\/wp\/v2\/types\/page"}],"author":[{"embeddable":true,"href":"https:\/\/oroandoro.co\/fr\/wp-json\/wp\/v2\/users\/1"}],"replies":[{"embeddable":true,"href":"https:\/\/oroandoro.co\/fr\/wp-json\/wp\/v2\/comments?post=1767"}],"version-history":[{"count":0,"href":"https:\/\/oroandoro.co\/fr\/wp-json\/wp\/v2\/pages\/1767\/revisions"}],"wp:attachment":[{"href":"https:\/\/oroandoro.co\/fr\/wp-json\/wp\/v2\/media?parent=1767"}],"curies":[{"name":"wp","href":"https:\/\/api.w.org\/{rel}","templated":true}]}}