{"id":533,"date":"2021-08-16T13:00:18","date_gmt":"2021-08-16T11:00:18","guid":{"rendered":"https:\/\/oroandoro.co\/?post_type=product&#038;p=533"},"modified":"2026-03-16T14:27:30","modified_gmt":"2026-03-16T13:27:30","slug":"bee-nikkel","status":"publish","type":"product","link":"https:\/\/oroandoro.co\/de\/product\/bee-nikkel\/","title":{"rendered":"BIENE"},"content":{"rendered":"<p>Der Bee ist mehr als nur ein Griff, er ist ein modernes Meisterwerk, das aus dem Gew\u00f6hnlichen heraussticht und seinen eigenen Stil kreiert. Die Biene sorgt daf\u00fcr, dass an jeder T\u00fcr, an der sie steht, eine entspannte Atmosph\u00e4re herrscht, die den Raum mit ihrem von Elementen der Natur und k\u00fcnstlerischen Gem\u00e4lden inspirierten Aussehen zum Leben erweckt.<\/p>","protected":false},"excerpt":{"rendered":"<p>De Bee is meer dan alleen een handvat, het is een modern meesterwerk dat uit het gewone stapt en een eigen stijl cre\u00ebert. De Bee zorgt ervoor dat elke deur waarop hij staat een ontspannen sfeer heeft die de kamer tot leven brengt met zijn looks , ge\u00efnspireerd op elementen van de natuur en artistieke [&hellip;]<\/p>\n","protected":false},"featured_media":554,"template":"","meta":{"_acf_changed":false},"product_brand":[],"product_cat":[34],"product_tag":[],"kleur":[28],"class_list":{"0":"post-533","1":"product","2":"type-product","3":"status-publish","4":"has-post-thumbnail","6":"product_cat-klinken-deurbeslag","7":"kleur-nikkel","9":"first","10":"instock","11":"purchasable","12":"product-type-variable","13":"has-default-attributes"},"acf":[],"_links":{"self":[{"href":"https:\/\/oroandoro.co\/de\/wp-json\/wp\/v2\/product\/533","targetHints":{"allow":["GET"]}}],"collection":[{"href":"https:\/\/oroandoro.co\/de\/wp-json\/wp\/v2\/product"}],"about":[{"href":"https:\/\/oroandoro.co\/de\/wp-json\/wp\/v2\/types\/product"}],"wp:featuredmedia":[{"embeddable":true,"href":"https:\/\/oroandoro.co\/de\/wp-json\/wp\/v2\/media\/554"}],"wp:attachment":[{"href":"https:\/\/oroandoro.co\/de\/wp-json\/wp\/v2\/media?parent=533"}],"wp:term":[{"taxonomy":"product_brand","embeddable":true,"href":"https:\/\/oroandoro.co\/de\/wp-json\/wp\/v2\/product_brand?post=533"},{"taxonomy":"product_cat","embeddable":true,"href":"https:\/\/oroandoro.co\/de\/wp-json\/wp\/v2\/product_cat?post=533"},{"taxonomy":"product_tag","embeddable":true,"href":"https:\/\/oroandoro.co\/de\/wp-json\/wp\/v2\/product_tag?post=533"},{"taxonomy":"kleur","embeddable":true,"href":"https:\/\/oroandoro.co\/de\/wp-json\/wp\/v2\/kleur?post=533"}],"curies":[{"name":"wp","href":"https:\/\/api.w.org\/{rel}","templated":true}]}}