{"id":281,"date":"2021-08-16T12:55:39","date_gmt":"2021-08-16T10:55:39","guid":{"rendered":"https:\/\/oroandoro.co\/?post_type=product&#038;p=281"},"modified":"2026-03-16T14:27:27","modified_gmt":"2026-03-16T13:27:27","slug":"unica-zwart","status":"publish","type":"product","link":"https:\/\/oroandoro.co\/de\/product\/unica-zwart\/","title":{"rendered":"UNIC"},"content":{"rendered":"<p>Wer kann sich vorstellen, dass ein so minimalistischer Griff aus geraden Linien einer T\u00fcr so viel Stil verleihen kann? Unica ist ein reiner Hauch von modernem Design, das \u00fcberall viel Eleganz hinzuf\u00fcgen und den Raum um sich herum mit seinem sch\u00f6nen und einzigartigen Aussehen zum Leben erwecken kann.<\/p>\n<p>Der meistverkaufte Griff in unserem Sortiment!<\/p>","protected":false},"excerpt":{"rendered":"<p>Wer h\u00e4tte gedacht, dass ein so minimalistischer Griff aus geraden Linien einer T\u00fcr so viel Stil verleihen k\u00f6nnte? Unica ist ein reiner Hauch von modernem Design, der \u00fcberall viel Eleganz verleihen kann und mit seinem sch\u00f6nen und einzigartigen Aussehen den Raum um ihn herum zum Leben erweckt. Der meistverkaufte Riegel in unserem Sortiment!<\/p>","protected":false},"featured_media":401,"template":"","meta":{"_acf_changed":false},"product_brand":[],"product_cat":[34],"product_tag":[],"kleur":[32],"class_list":{"0":"post-281","1":"product","2":"type-product","3":"status-publish","4":"has-post-thumbnail","6":"product_cat-klinken-deurbeslag","7":"kleur-zwart","9":"first","10":"instock","11":"purchasable","12":"product-type-variable","13":"has-default-attributes"},"acf":[],"_links":{"self":[{"href":"https:\/\/oroandoro.co\/de\/wp-json\/wp\/v2\/product\/281","targetHints":{"allow":["GET"]}}],"collection":[{"href":"https:\/\/oroandoro.co\/de\/wp-json\/wp\/v2\/product"}],"about":[{"href":"https:\/\/oroandoro.co\/de\/wp-json\/wp\/v2\/types\/product"}],"wp:featuredmedia":[{"embeddable":true,"href":"https:\/\/oroandoro.co\/de\/wp-json\/wp\/v2\/media\/401"}],"wp:attachment":[{"href":"https:\/\/oroandoro.co\/de\/wp-json\/wp\/v2\/media?parent=281"}],"wp:term":[{"taxonomy":"product_brand","embeddable":true,"href":"https:\/\/oroandoro.co\/de\/wp-json\/wp\/v2\/product_brand?post=281"},{"taxonomy":"product_cat","embeddable":true,"href":"https:\/\/oroandoro.co\/de\/wp-json\/wp\/v2\/product_cat?post=281"},{"taxonomy":"product_tag","embeddable":true,"href":"https:\/\/oroandoro.co\/de\/wp-json\/wp\/v2\/product_tag?post=281"},{"taxonomy":"kleur","embeddable":true,"href":"https:\/\/oroandoro.co\/de\/wp-json\/wp\/v2\/kleur?post=281"}],"curies":[{"name":"wp","href":"https:\/\/api.w.org\/{rel}","templated":true}]}}