{"id":279,"date":"2021-08-16T12:55:39","date_gmt":"2021-08-16T10:55:39","guid":{"rendered":"https:\/\/oroandoro.co\/?post_type=product&#038;p=279"},"modified":"2026-03-16T14:27:30","modified_gmt":"2026-03-16T13:27:30","slug":"cometa-nikkel","status":"publish","type":"product","link":"https:\/\/oroandoro.co\/de\/product\/cometa-nikkel\/","title":{"rendered":"Kometa"},"content":{"rendered":"<p>Der Kometa wurde nach seinem auff\u00e4lligen Aussehen benannt und ist dem Schweif einer Sternschnuppe nachempfunden. Wir haben die Cometa mit Leidenschaft bis ins kleinste Detail gefertigt, um die positiven und warmen Gef\u00fchle einzufangen, die Menschen mit Sternen am Nachthimmel verbinden, und diese Positivit\u00e4t und W\u00e4rme in jeden Raum zu bringen.<\/p>","protected":false},"excerpt":{"rendered":"<p>Der Kometa wurde nach seinem auff\u00e4lligen Aussehen benannt und ist dem Schweif einer Sternschnuppe nachempfunden. Wir haben die Cometa mit Leidenschaft bis ins kleinste Detail gefertigt, um die positiven und warmen Gef\u00fchle einzufangen, die Menschen mit Sternen am Nachthimmel verbinden, und diese Positivit\u00e4t und W\u00e4rme in jeden Raum zu bringen.<\/p>","protected":false},"featured_media":390,"template":"","meta":{"_acf_changed":false},"product_brand":[],"product_cat":[34],"product_tag":[],"kleur":[28],"class_list":{"0":"post-279","1":"product","2":"type-product","3":"status-publish","4":"has-post-thumbnail","6":"product_cat-klinken-deurbeslag","7":"kleur-nikkel","9":"first","10":"instock","11":"purchasable","12":"product-type-variable","13":"has-default-attributes"},"acf":[],"_links":{"self":[{"href":"https:\/\/oroandoro.co\/de\/wp-json\/wp\/v2\/product\/279","targetHints":{"allow":["GET"]}}],"collection":[{"href":"https:\/\/oroandoro.co\/de\/wp-json\/wp\/v2\/product"}],"about":[{"href":"https:\/\/oroandoro.co\/de\/wp-json\/wp\/v2\/types\/product"}],"wp:featuredmedia":[{"embeddable":true,"href":"https:\/\/oroandoro.co\/de\/wp-json\/wp\/v2\/media\/390"}],"wp:attachment":[{"href":"https:\/\/oroandoro.co\/de\/wp-json\/wp\/v2\/media?parent=279"}],"wp:term":[{"taxonomy":"product_brand","embeddable":true,"href":"https:\/\/oroandoro.co\/de\/wp-json\/wp\/v2\/product_brand?post=279"},{"taxonomy":"product_cat","embeddable":true,"href":"https:\/\/oroandoro.co\/de\/wp-json\/wp\/v2\/product_cat?post=279"},{"taxonomy":"product_tag","embeddable":true,"href":"https:\/\/oroandoro.co\/de\/wp-json\/wp\/v2\/product_tag?post=279"},{"taxonomy":"kleur","embeddable":true,"href":"https:\/\/oroandoro.co\/de\/wp-json\/wp\/v2\/kleur?post=279"}],"curies":[{"name":"wp","href":"https:\/\/api.w.org\/{rel}","templated":true}]}}